{"id":1978,"date":"2022-04-01T11:11:50","date_gmt":"2022-04-01T08:11:50","guid":{"rendered":"https:\/\/info.hestiahotels.com\/ilmarine\/?page_id=1978"},"modified":"2022-07-28T08:13:29","modified_gmt":"2022-07-28T08:13:29","slug":"meie-hotell","status":"publish","type":"page","link":"https:\/\/info.hestiahotels.com\/susi\/meie-hotell\/","title":{"rendered":"Meie hotell"},"content":{"rendered":"<div class=\"wpb-content-wrapper\"><p>[vc_row css=&#8221;.vc_custom_1648800740873{padding-top: 40px !important;padding-bottom: 60px !important;}&#8221;][vc_column]       \n      <div class=\"mo-title-box title-box-style1  text-center\"  ><h3>Asjaliku mugavuse kodu<\/h3> <\/div>\n    [vc_column_text]Hestia Hotel Susi asub kiiresti areneva \u00dclemiste City ning Tallinna Lennujaama vahetus l\u00e4heduses, 10 min auto- v\u00f5i trammis\u00f5idu kaugusel linnas\u00fcdamest. Suurep\u00e4rane valik grupireisijatele ning rahulikku kodust atmosf\u00e4\u00e4ri hindavatele k\u00fclalistele.[\/vc_column_text][\/vc_column][\/vc_row][vc_row][vc_column width=&#8221;1\/2&#8243;]       \n      <div class=\"mo-title-box title-box-style1  text-center\"  ><h3>Hestia Hotel Susi<\/h3> <\/div>\n    [vc_column_text]Hotellis on 101 hubase sisustusega numbrituba, neist 4 sviiti saunaga. Olemas ka toad allergikutele ja liikumispuuetega k\u00fclalistele.<\/p>\n<p>Hotellist 5 min auto- v\u00f5i 20 min jalutusk\u00e4igu kaugusel asub novembris 2018 avatud ainulaadne\u00a0\u00a0<a href=\"https:\/\/t1tallinn.com\/\" target=\"_blank\" rel=\"noopener\">kaubandus- ja meelelahutuskeskus T1<\/a>.[\/vc_column_text][\/vc_column][vc_column width=&#8221;1\/2&#8243;]\t\n    \t    <div class=\"fancy-image mo-img-group-single\" >\n\t\t\t<div class=\"mo-img-container-inner\"  >\n\t\t\t<figure><img decoding=\"async\" src=\"https:\/\/info.hestiahotels.com\/susi\/wp-content\/uploads\/sites\/8\/2022\/07\/New-Project-1.jpg\" alt=\"image\" \/><\/figure>\t\n\t\t\t<\/div><!-- \/.mo-img-container-inner -->\n\t\t<\/div><!-- \/.fancy-image -->\n\t\t\t\n    [vc_empty_space][\/vc_column][\/vc_row][vc_row][vc_column][\/vc_column][\/vc_row]<\/p>\n<\/div>","protected":false},"excerpt":{"rendered":"<p>[vc_row css=&#8221;.vc_custom_1648800740873{padding-top: 40px !important;padding-bottom: 60px !important;}&#8221;][vc_column][vc_column_text]Hestia Hotel Susi asub kiiresti areneva \u00dclemiste City ning Tallinna Lennujaama vahetus l\u00e4heduses, 10 min auto- v\u00f5i trammis\u00f5idu kaugusel linnas\u00fcdamest. Suurep\u00e4rane valik grupireisijatele ning rahulikku kodust atmosf\u00e4\u00e4ri hindavatele k\u00fclalistele.[\/vc_column_text][\/vc_column][\/vc_row][vc_row][vc_column width=&#8221;1\/2&#8243;][vc_column_text]Hotellis on 101 hubase sisustusega numbrituba, neist 4 sviiti saunaga. Olemas ka toad allergikutele ja liikumispuuetega k\u00fclalistele. Hotellist 5 min auto- [&hellip;]<\/p>\n","protected":false},"author":2,"featured_media":0,"parent":0,"menu_order":0,"comment_status":"closed","ping_status":"closed","template":"","meta":{"inline_featured_image":false,"footnotes":""},"class_list":["post-1978","page","type-page","status-publish","hentry"],"_links":{"self":[{"href":"https:\/\/info.hestiahotels.com\/susi\/wp-json\/wp\/v2\/pages\/1978","targetHints":{"allow":["GET"]}}],"collection":[{"href":"https:\/\/info.hestiahotels.com\/susi\/wp-json\/wp\/v2\/pages"}],"about":[{"href":"https:\/\/info.hestiahotels.com\/susi\/wp-json\/wp\/v2\/types\/page"}],"author":[{"embeddable":true,"href":"https:\/\/info.hestiahotels.com\/susi\/wp-json\/wp\/v2\/users\/2"}],"replies":[{"embeddable":true,"href":"https:\/\/info.hestiahotels.com\/susi\/wp-json\/wp\/v2\/comments?post=1978"}],"version-history":[{"count":4,"href":"https:\/\/info.hestiahotels.com\/susi\/wp-json\/wp\/v2\/pages\/1978\/revisions"}],"predecessor-version":[{"id":2159,"href":"https:\/\/info.hestiahotels.com\/susi\/wp-json\/wp\/v2\/pages\/1978\/revisions\/2159"}],"wp:attachment":[{"href":"https:\/\/info.hestiahotels.com\/susi\/wp-json\/wp\/v2\/media?parent=1978"}],"curies":[{"name":"wp","href":"https:\/\/api.w.org\/{rel}","templated":true}]}}