{"id":1654,"date":"2021-05-20T14:40:59","date_gmt":"2021-05-20T11:40:59","guid":{"rendered":"https:\/\/info.hestiahotels.com\/haapsaluspa\/?page_id=1654"},"modified":"2022-07-22T08:02:58","modified_gmt":"2022-07-22T08:02:58","slug":"lisainformatsioon","status":"publish","type":"page","link":"https:\/\/info.hestiahotels.com\/susi\/lisainformatsioon\/","title":{"rendered":"Lisainformatsioon"},"content":{"rendered":"<div class=\"wpb-content-wrapper\"><p>[vc_row css=&#8221;.vc_custom_1621088788434{padding-top: 80px !important;padding-bottom: 50px !important;background-position: center !important;background-repeat: no-repeat !important;background-size: cover !important;}&#8221;][vc_column]       \n      <div class=\"mo-title-box title-box-style5  text-center\"  ><h3>Lisainformatsioon<\/h3> <\/div>\n    [\/vc_column][\/vc_row][vc_row content_animation=&#8221;yes&#8221; mo_init_scale_x=&#8221;1&#8243; mo_init_scale_y=&#8221;1&#8243; mo_init_scale_z=&#8221;1&#8243; mo_init_opacity=&#8221;0&#8243; mo_an_scale_x=&#8221;1&#8243; mo_an_scale_y=&#8221;1&#8243; mo_an_scale_z=&#8221;1&#8243; mo_an_opacity=&#8221;1&#8243; css=&#8221;.vc_custom_1621507551885{padding-bottom: 40px !important;}&#8221; mo_init_translate_y=&#8221;71&#8243; mo_init_translate_z=&#8221;-92&#8243; mo_init_rotate_x=&#8221;-27&#8243; el_class=&#8221;tablet_column_full&#8221;][vc_column width=&#8221;1\/2&#8243;]\t\n    \t    <div class=\"fancy-image mo-img-group-single\" data-reveal=\"true\" data-reveal-options='{\"direction\":\"rl\",\"bgcolor\":\"\",\"delay\":\"\"}' data-roundness=\"yes\" data-shadow-style=\"yes\">\n\t\t\t<div class=\"mo-img-container-inner\"  >\n\t\t\t<figure><img decoding=\"async\" src=\"https:\/\/info.hestiahotels.com\/susi\/wp-content\/uploads\/sites\/8\/2022\/02\/n8925c-1-8-1.jpg\" alt=\"image\" \/><\/figure>\t\n\t\t\t<\/div><!-- \/.mo-img-container-inner -->\n\t\t<\/div><!-- \/.fancy-image -->\n\t\t\t\n    [\/vc_column][vc_column width=&#8221;1\/2&#8243;][vc_empty_space height=&#8221;30px&#8221;]       \n      <div class=\"mo-title-box title-box-style1  text-left\"  ><h5>Hestia Hotel Susi<\/h5><h3>Palun pane t\u00e4hele<\/h3> <\/div>\n    [vc_column_text]Meile on oluline, et puhkajad saaksid nautida kosutavat und, vaikust ja rahu &#8211; seet\u00f5ttu palume s\u00e4ilitada vaikust majas ka p\u00e4evasel ajal.<\/p>\n<p><strong>\u00d6\u00f6rahu on hotellis 23.00 \u2013 6.00<\/strong><\/p>\n<p>Palume Sul hotelli siseruumides mitte suitsetada. Trahv suitsetamise eest on\u00a0<strong>150 \u20ac.<\/strong>[\/vc_column_text][vc_empty_space height=&#8221;30px&#8221;][\/vc_column][\/vc_row][vc_row content_animation=&#8221;yes&#8221; mo_init_scale_x=&#8221;1&#8243; mo_init_scale_y=&#8221;1&#8243; mo_init_scale_z=&#8221;1&#8243; mo_init_opacity=&#8221;0&#8243; mo_an_scale_x=&#8221;1&#8243; mo_an_scale_y=&#8221;1&#8243; mo_an_scale_z=&#8221;1&#8243; mo_an_opacity=&#8221;1&#8243; css=&#8221;.vc_custom_1621514474352{padding-top: 40px !important;padding-bottom: 40px !important;background-color: #f2f3f4 !important;}&#8221; mo_init_translate_y=&#8221;71&#8243; mo_init_translate_z=&#8221;-92&#8243; mo_init_rotate_x=&#8221;-27&#8243; el_class=&#8221;tablet_column_full&#8221;][vc_column width=&#8221;1\/2&#8243;][vc_empty_space height=&#8221;30px&#8221;]       \n      <div class=\"mo-title-box title-box-style1  text-left\"  ><h5>Hestia Hotel Susi<\/h5><h3>Tuleohutusjuhend<\/h3> <\/div>\n    [vc_column_text]<\/p>\n<ul>\n<li>Hotellitoas on suitsetamine keelatud! Trahv suitsetamise eest on 150 \u20ac.<\/li>\n<li>Toas on lahtise tule ja k\u00fc\u00fcnalde p\u00f5letamine keelatud!<\/li>\n<li>Ruumist lahkudes l\u00fclitage v\u00e4lja k\u00f5ik elektriseadmed.<\/li>\n<li>\u00c4rge kasutage toas isiklikke soojapuhureid.<\/li>\n<li>P\u00e4rast sisseregistreerimist tutvuge oma toa uksel oleva hotelli evakuatsiooniplaaniga. Leidke oma toale l\u00e4himad varuv\u00e4ljap\u00e4\u00e4sud ja tulet\u00f5rjevahendid.<\/li>\n<li>Tulekahju korral helistage kohe p\u00e4\u00e4steteenistuse numbril 112 ja seej\u00e4rel teavitage tulekahjust vastuv\u00f5tulauda.<\/li>\n<li>Kui teil tuld kustutada ei \u00f5nnestu, siis pange palun aken kinni, lahkuge toast, sulgege uks (kuid \u00e4rge seda lukustage) ning suunduge l\u00e4hima varuv\u00e4ljap\u00e4\u00e4su poole. Teavitage olukorrast vastuv\u00f5ttu.<\/li>\n<li>Tulekahju korral on liftide kasutamine keelatud! Palun kasutage treppe.<\/li>\n<\/ul>\n<p>[\/vc_column_text][vc_empty_space height=&#8221;30px&#8221;][\/vc_column][vc_column width=&#8221;1\/2&#8243;]\t\n    \t    <div class=\"fancy-image mo-img-group-single\" data-reveal=\"true\" data-reveal-options='{\"direction\":\"rl\",\"bgcolor\":\"\",\"delay\":\"\"}' data-roundness=\"yes\" data-shadow-style=\"yes\">\n\t\t\t<div class=\"mo-img-container-inner\"  >\n\t\t\t<figure><img decoding=\"async\" src=\"https:\/\/info.hestiahotels.com\/susi\/wp-content\/uploads\/sites\/8\/2022\/02\/n8925c-1-9-1.jpg\" alt=\"image\" \/><\/figure>\t\n\t\t\t<\/div><!-- \/.mo-img-container-inner -->\n\t\t<\/div><!-- \/.fancy-image -->\n\t\t\t\n    [\/vc_column][\/vc_row][vc_row content_animation=&#8221;yes&#8221; mo_init_scale_x=&#8221;1&#8243; mo_init_scale_y=&#8221;1&#8243; mo_init_scale_z=&#8221;1&#8243; mo_init_opacity=&#8221;0&#8243; mo_an_scale_x=&#8221;1&#8243; mo_an_scale_y=&#8221;1&#8243; mo_an_scale_z=&#8221;1&#8243; mo_an_opacity=&#8221;1&#8243; css=&#8221;.vc_custom_1648801739822{padding-top: 40px !important;padding-bottom: 60px !important;}&#8221; mo_init_translate_y=&#8221;71&#8243; mo_init_translate_z=&#8221;-92&#8243; mo_init_rotate_x=&#8221;-27&#8243; el_class=&#8221;tablet_column_full&#8221;][vc_column width=&#8221;1\/2&#8243;]\t\n    \t    <div class=\"fancy-image mo-img-group-single\" data-reveal=\"true\" data-reveal-options='{\"direction\":\"rl\",\"bgcolor\":\"\",\"delay\":\"\"}' data-roundness=\"yes\" data-shadow-style=\"yes\">\n\t\t\t<div class=\"mo-img-container-inner\"  >\n\t\t\t<figure><img decoding=\"async\" src=\"https:\/\/info.hestiahotels.com\/susi\/wp-content\/uploads\/sites\/8\/2022\/02\/n8925c-1-12-1-3-1.jpg\" alt=\"image\" \/><\/figure>\t\n\t\t\t<\/div><!-- \/.mo-img-container-inner -->\n\t\t<\/div><!-- \/.fancy-image -->\n\t\t\t\n    [\/vc_column][vc_column width=&#8221;1\/2&#8243;][vc_empty_space height=&#8221;30px&#8221;]       \n      <div class=\"mo-title-box title-box-style1  text-left\"  ><h5>Hestia Hotel Susi<\/h5><h3>Lemmikloomad<\/h3> <\/div>\n    [vc_column_text]Sinu lemmik on meie hotelli oodatud! Palun anna lemmikloomast teada juba broneeringut tehes.<\/p>\n<p>Lemmiklooma lisatasu on <strong>20 \u20ac loom \/ \u00f6\u00f6<\/strong>.<\/p>\n<p>Tuppa mahub maksimaalselt <strong>2 looma<\/strong>.[\/vc_column_text][vc_empty_space height=&#8221;30px&#8221;][\/vc_column][\/vc_row][vc_row content_animation=&#8221;yes&#8221; mo_init_scale_x=&#8221;1&#8243; mo_init_scale_y=&#8221;1&#8243; mo_init_scale_z=&#8221;1&#8243; mo_init_opacity=&#8221;0&#8243; mo_an_scale_x=&#8221;1&#8243; mo_an_scale_y=&#8221;1&#8243; mo_an_scale_z=&#8221;1&#8243; mo_an_opacity=&#8221;1&#8243; css=&#8221;.vc_custom_1621514474352{padding-top: 40px !important;padding-bottom: 40px !important;background-color: #f2f3f4 !important;}&#8221; mo_init_translate_y=&#8221;71&#8243; mo_init_translate_z=&#8221;-92&#8243; mo_init_rotate_x=&#8221;-27&#8243; el_class=&#8221;tablet_column_full&#8221;][vc_column width=&#8221;1\/2&#8243;][vc_empty_space height=&#8221;30px&#8221;]       \n      <div class=\"mo-title-box title-box-style1  text-left\"  ><h5>Hestia Hotel Susi<\/h5><h3>Parkimine<\/h3> <\/div>\n    [vc_column_text]Hotelli taga on parkimine meie k\u00fclalistele s\u00f5iduautodele ja reisibussidele tasuta.<\/p>\n<p>Parkla on valveta. \u00c4rge j\u00e4tke isiklikke esemeid autosse.[\/vc_column_text][vc_empty_space height=&#8221;30px&#8221;][\/vc_column][vc_column width=&#8221;1\/2&#8243;]\t\n    \t    <div class=\"fancy-image mo-img-group-single\" data-reveal=\"true\" data-reveal-options='{\"direction\":\"rl\",\"bgcolor\":\"\",\"delay\":\"\"}' data-roundness=\"yes\" data-shadow-style=\"yes\">\n\t\t\t<div class=\"mo-img-container-inner\"  >\n\t\t\t<figure><img decoding=\"async\" src=\"https:\/\/info.hestiahotels.com\/susi\/wp-content\/uploads\/sites\/8\/2022\/04\/side-rear-view-mirror-modern-car_1339-3218-1.jpg\" alt=\"image\" \/><\/figure>\t\n\t\t\t<\/div><!-- \/.mo-img-container-inner -->\n\t\t<\/div><!-- \/.fancy-image -->\n\t\t\t\n    [\/vc_column][\/vc_row]<\/p>\n<\/div>","protected":false},"excerpt":{"rendered":"<p>[vc_row css=&#8221;.vc_custom_1621088788434{padding-top: 80px !important;padding-bottom: 50px !important;background-position: center !important;background-repeat: no-repeat !important;background-size: cover !important;}&#8221;][vc_column][\/vc_column][\/vc_row][vc_row content_animation=&#8221;yes&#8221; mo_init_scale_x=&#8221;1&#8243; mo_init_scale_y=&#8221;1&#8243; mo_init_scale_z=&#8221;1&#8243; mo_init_opacity=&#8221;0&#8243; mo_an_scale_x=&#8221;1&#8243; mo_an_scale_y=&#8221;1&#8243; mo_an_scale_z=&#8221;1&#8243; mo_an_opacity=&#8221;1&#8243; css=&#8221;.vc_custom_1621507551885{padding-bottom: 40px !important;}&#8221; mo_init_translate_y=&#8221;71&#8243; mo_init_translate_z=&#8221;-92&#8243; mo_init_rotate_x=&#8221;-27&#8243; el_class=&#8221;tablet_column_full&#8221;][vc_column width=&#8221;1\/2&#8243;][\/vc_column][vc_column width=&#8221;1\/2&#8243;][vc_empty_space height=&#8221;30px&#8221;][vc_column_text]Meile on oluline, et puhkajad saaksid nautida kosutavat und, vaikust ja rahu &#8211; seet\u00f5ttu palume s\u00e4ilitada vaikust majas ka p\u00e4evasel ajal. \u00d6\u00f6rahu on hotellis 23.00 [&hellip;]<\/p>\n","protected":false},"author":2,"featured_media":0,"parent":0,"menu_order":0,"comment_status":"closed","ping_status":"closed","template":"","meta":{"inline_featured_image":false,"footnotes":""},"class_list":["post-1654","page","type-page","status-publish","hentry"],"_links":{"self":[{"href":"https:\/\/info.hestiahotels.com\/susi\/wp-json\/wp\/v2\/pages\/1654","targetHints":{"allow":["GET"]}}],"collection":[{"href":"https:\/\/info.hestiahotels.com\/susi\/wp-json\/wp\/v2\/pages"}],"about":[{"href":"https:\/\/info.hestiahotels.com\/susi\/wp-json\/wp\/v2\/types\/page"}],"author":[{"embeddable":true,"href":"https:\/\/info.hestiahotels.com\/susi\/wp-json\/wp\/v2\/users\/2"}],"replies":[{"embeddable":true,"href":"https:\/\/info.hestiahotels.com\/susi\/wp-json\/wp\/v2\/comments?post=1654"}],"version-history":[{"count":2,"href":"https:\/\/info.hestiahotels.com\/susi\/wp-json\/wp\/v2\/pages\/1654\/revisions"}],"predecessor-version":[{"id":2118,"href":"https:\/\/info.hestiahotels.com\/susi\/wp-json\/wp\/v2\/pages\/1654\/revisions\/2118"}],"wp:attachment":[{"href":"https:\/\/info.hestiahotels.com\/susi\/wp-json\/wp\/v2\/media?parent=1654"}],"curies":[{"name":"wp","href":"https:\/\/api.w.org\/{rel}","templated":true}]}}