{"id":1496,"date":"2025-06-18T22:28:04","date_gmt":"2025-06-18T19:28:04","guid":{"rendered":"https:\/\/info.hestiahotels.com\/strand\/?page_id=1496"},"modified":"2025-08-28T17:48:12","modified_gmt":"2025-08-28T14:48:12","slug":"restoran-ja-toit","status":"publish","type":"page","link":"https:\/\/info.hestiahotels.com\/strand\/restoran-ja-toit\/","title":{"rendered":"Restoran ja toit"},"content":{"rendered":"<div class=\"wpb-content-wrapper\"><p>[vc_row content_animation=&#8221;yes&#8221; mo_init_scale_x=&#8221;1&#8243; mo_init_scale_y=&#8221;1&#8243; mo_init_scale_z=&#8221;1&#8243; mo_init_opacity=&#8221;0&#8243; mo_an_scale_x=&#8221;1&#8243; mo_an_scale_y=&#8221;1&#8243; mo_an_scale_z=&#8221;1&#8243; mo_an_opacity=&#8221;1&#8243; css=&#8221;.vc_custom_1621507171462{padding-top: 40px !important;padding-bottom: 40px !important;}&#8221; mo_init_translate_y=&#8221;71&#8243; mo_init_translate_z=&#8221;-92&#8243; mo_init_rotate_x=&#8221;-27&#8243; el_class=&#8221;tablet_column_full&#8221;][vc_column width=&#8221;1\/2&#8243;][vc_empty_space]\t\n    \t    <div class=\"fancy-image mo-img-group-single\" data-reveal=\"true\" data-reveal-options='{\"direction\":\"rl\",\"bgcolor\":\"\",\"delay\":\"\"}' data-roundness=\"yes\" data-shadow-style=\"yes\">\n\t\t\t<div class=\"mo-img-container-inner\"  >\n\t\t\t<figure><img decoding=\"async\" src=\"https:\/\/info.hestiahotels.com\/strand\/wp-content\/uploads\/sites\/9\/2025\/08\/Strand-resto-13.jpg\" alt=\"image\" \/><\/figure>\t\n\t\t\t<\/div><!-- \/.mo-img-container-inner -->\n\t\t<\/div><!-- \/.fancy-image -->\n\t\t\t\n    [\/vc_column][vc_column width=&#8221;1\/2&#8243;][vc_empty_space height=&#8221;30px&#8221;]       \n      <div class=\"mo-title-box title-box-style1  text-left\"  ><h5>Hestia Hotel Strand<\/h5><h3>Strand resto<\/h3> <\/div>\n    [vc_column_text]<strong>Oled oodatud<\/strong><\/p>\n<p><strong>P &#8211; N<\/strong> 12.00 &#8211; 22.00<br \/>\n<strong>R &#8211; L<\/strong> 12.00 &#8211; 23.00<br \/>\nK\u00f6\u00f6k suletakse 1 h varem<br \/>\n<strong>Korrus:<\/strong> P<br \/>\nTelefon: +372 447 5398<br \/>\n<a href=\"mailto:restoran.strand@hestiahotels.com\">restoran.strand@hestiahotels.com<\/a>[\/vc_column_text][vc_btn title=&#8221;A la carte men\u00fc\u00fc&#8221; style=&#8221;classic&#8221; color=&#8221;default&#8221; link=&#8221;url:https%3A%2F%2Fwww.hestiahotels.com%2Fstrand%2Fa-la-carte-menuu%2F|title:A%20la%20carte%20men%C3%BC%C3%BC&#8221;][\/vc_column][\/vc_row][vc_row][vc_column][vc_column_text]<\/p>\n<p>[\/vc_column_text][\/vc_column][\/vc_row][vc_row content_animation=&#8221;yes&#8221; mo_init_scale_x=&#8221;1&#8243; mo_init_scale_y=&#8221;1&#8243; mo_init_scale_z=&#8221;1&#8243; mo_init_opacity=&#8221;0&#8243; mo_an_scale_x=&#8221;1&#8243; mo_an_scale_y=&#8221;1&#8243; mo_an_scale_z=&#8221;1&#8243; mo_an_opacity=&#8221;1&#8243; css=&#8221;.vc_custom_1621507089286{padding-top: 40px !important;padding-bottom: 40px !important;background-color: #f2f3f4 !important;}&#8221; mo_init_translate_y=&#8221;71&#8243; mo_init_translate_z=&#8221;-92&#8243; mo_init_rotate_x=&#8221;-27&#8243; el_class=&#8221;tablet_column_full&#8221;][vc_column width=&#8221;1\/2&#8243;][vc_empty_space height=&#8221;30px&#8221;]       \n      <div class=\"mo-title-box title-box-style1  text-left\"  ><h5>Hestia Hotel Strand<\/h5><h3>Hommikus\u00f6\u00f6k<\/h3> <\/div>\n    [vc_column_text]<strong>E &#8211; R<\/strong> 7.00 &#8211; 10.00<br \/>\n<strong>L &#8211; P<\/strong> 7.00 &#8211; 11.00<\/p>\n<p><strong>Korrus: <\/strong>P<\/p>\n<p><span style=\"font-weight: 400;\">Palun v\u00f5ta hommikus\u00f6\u00f6gile tulles kaasa oma toakaart.<\/span>[\/vc_column_text][vc_empty_space height=&#8221;30px&#8221;][\/vc_column][vc_column width=&#8221;1\/2&#8243;]\t\n    \t    <div class=\"fancy-image mo-img-group-single\" data-reveal=\"true\" data-reveal-options='{\"direction\":\"rl\",\"bgcolor\":\"\",\"delay\":\"\"}' data-roundness=\"yes\" data-shadow-style=\"yes\">\n\t\t\t<div class=\"mo-img-container-inner\"  >\n\t\t\t<figure><img decoding=\"async\" src=\"https:\/\/info.hestiahotels.com\/strand\/wp-content\/uploads\/sites\/9\/2025\/08\/Hommikusook-3.jpg\" alt=\"image\" \/><\/figure>\t\n\t\t\t<\/div><!-- \/.mo-img-container-inner -->\n\t\t<\/div><!-- \/.fancy-image -->\n\t\t\t\n    [\/vc_column][\/vc_row][vc_row][vc_column][vc_column_text]<\/p>\n<p>[\/vc_column_text][\/vc_column][\/vc_row][vc_row content_animation=&#8221;yes&#8221; mo_init_scale_x=&#8221;1&#8243; mo_init_scale_y=&#8221;1&#8243; mo_init_scale_z=&#8221;1&#8243; mo_init_opacity=&#8221;0&#8243; mo_an_scale_x=&#8221;1&#8243; mo_an_scale_y=&#8221;1&#8243; mo_an_scale_z=&#8221;1&#8243; mo_an_opacity=&#8221;1&#8243; css=&#8221;.vc_custom_1621507171462{padding-top: 40px !important;padding-bottom: 40px !important;}&#8221; mo_init_translate_y=&#8221;71&#8243; mo_init_translate_z=&#8221;-92&#8243; mo_init_rotate_x=&#8221;-27&#8243; el_class=&#8221;tablet_column_full&#8221;][vc_column width=&#8221;1\/2&#8243;][vc_empty_space]\t\n    \t    <div class=\"fancy-image mo-img-group-single\" data-reveal=\"true\" data-reveal-options='{\"direction\":\"rl\",\"bgcolor\":\"\",\"delay\":\"\"}' data-roundness=\"yes\" data-shadow-style=\"yes\">\n\t\t\t<div class=\"mo-img-container-inner\"  >\n\t\t\t<figure><img decoding=\"async\" src=\"https:\/\/info.hestiahotels.com\/strand\/wp-content\/uploads\/sites\/9\/2025\/08\/Telli-toit-tuppa.jpg\" alt=\"image\" \/><\/figure>\t\n\t\t\t<\/div><!-- \/.mo-img-container-inner -->\n\t\t<\/div><!-- \/.fancy-image -->\n\t\t\t\n    [\/vc_column][vc_column width=&#8221;1\/2&#8243;][vc_empty_space height=&#8221;30px&#8221;]       \n      <div class=\"mo-title-box title-box-style1  text-left\"  ><h5>Hestia Hotel Strand<\/h5><h3>Telli toit tuppa<\/h3> <\/div>\n    [vc_column_text]<span style=\"font-weight: 400;\">Palun anna toidu tuppa tellimise soovist teada numbril +372 447 5398. Toidu tuppa tellimine maksab 10 eurot.\u00a0<\/span><\/p>\n<p><span style=\"font-weight: 400;\">Kui soovid hommikus\u00f6\u00f6ki tuppa tellida, siis palun anna sellest teada vastuv\u00f5ttu eelneval p\u00e4eval.<\/span>[\/vc_column_text][vc_empty_space height=&#8221;30px&#8221;][\/vc_column][\/vc_row]<\/p>\n<\/div>","protected":false},"excerpt":{"rendered":"<p>[vc_row content_animation=&#8221;yes&#8221; mo_init_scale_x=&#8221;1&#8243; mo_init_scale_y=&#8221;1&#8243; mo_init_scale_z=&#8221;1&#8243; mo_init_opacity=&#8221;0&#8243; mo_an_scale_x=&#8221;1&#8243; mo_an_scale_y=&#8221;1&#8243; mo_an_scale_z=&#8221;1&#8243; mo_an_opacity=&#8221;1&#8243; css=&#8221;.vc_custom_1621507171462{padding-top: 40px !important;padding-bottom: 40px !important;}&#8221; mo_init_translate_y=&#8221;71&#8243; mo_init_translate_z=&#8221;-92&#8243; mo_init_rotate_x=&#8221;-27&#8243; el_class=&#8221;tablet_column_full&#8221;][vc_column width=&#8221;1\/2&#8243;][vc_empty_space][\/vc_column][vc_column width=&#8221;1\/2&#8243;][vc_empty_space height=&#8221;30px&#8221;][vc_column_text]Oled oodatud P &#8211; N 12.00 &#8211; 22.00 R &#8211; L 12.00 &#8211; 23.00 K\u00f6\u00f6k suletakse 1 h varem Korrus: P Telefon: +372 447 5398 restoran.strand@hestiahotels.com[\/vc_column_text][vc_btn title=&#8221;A la carte men\u00fc\u00fc&#8221; style=&#8221;classic&#8221; color=&#8221;default&#8221; link=&#8221;url:https%3A%2F%2Fwww.hestiahotels.com%2Fstrand%2Fa-la-carte-menuu%2F|title:A%20la%20carte%20men%C3%BC%C3%BC&#8221;][\/vc_column][\/vc_row][vc_row][vc_column][vc_column_text] [\/vc_column_text][\/vc_column][\/vc_row][vc_row [&hellip;]<\/p>\n","protected":false},"author":10,"featured_media":0,"parent":0,"menu_order":0,"comment_status":"closed","ping_status":"closed","template":"","meta":{"inline_featured_image":false,"footnotes":""},"class_list":["post-1496","page","type-page","status-publish","hentry"],"_links":{"self":[{"href":"https:\/\/info.hestiahotels.com\/strand\/wp-json\/wp\/v2\/pages\/1496","targetHints":{"allow":["GET"]}}],"collection":[{"href":"https:\/\/info.hestiahotels.com\/strand\/wp-json\/wp\/v2\/pages"}],"about":[{"href":"https:\/\/info.hestiahotels.com\/strand\/wp-json\/wp\/v2\/types\/page"}],"author":[{"embeddable":true,"href":"https:\/\/info.hestiahotels.com\/strand\/wp-json\/wp\/v2\/users\/10"}],"replies":[{"embeddable":true,"href":"https:\/\/info.hestiahotels.com\/strand\/wp-json\/wp\/v2\/comments?post=1496"}],"version-history":[{"count":22,"href":"https:\/\/info.hestiahotels.com\/strand\/wp-json\/wp\/v2\/pages\/1496\/revisions"}],"predecessor-version":[{"id":2248,"href":"https:\/\/info.hestiahotels.com\/strand\/wp-json\/wp\/v2\/pages\/1496\/revisions\/2248"}],"wp:attachment":[{"href":"https:\/\/info.hestiahotels.com\/strand\/wp-json\/wp\/v2\/media?parent=1496"}],"curies":[{"name":"wp","href":"https:\/\/api.w.org\/{rel}","templated":true}]}}