{"id":1446,"date":"2025-06-17T23:51:53","date_gmt":"2025-06-17T20:51:53","guid":{"rendered":"https:\/\/info.hestiahotels.com\/strand\/?page_id=1446"},"modified":"2025-08-22T16:31:02","modified_gmt":"2025-08-22T13:31:02","slug":"spaa-ja-heaolu","status":"publish","type":"page","link":"https:\/\/info.hestiahotels.com\/strand\/spaa-ja-heaolu\/","title":{"rendered":"Spaa ja heaolu"},"content":{"rendered":"<div class=\"wpb-content-wrapper\"><p>[vc_row content_animation=&#8221;yes&#8221; mo_init_scale_x=&#8221;1&#8243; mo_init_scale_y=&#8221;1&#8243; mo_init_scale_z=&#8221;1&#8243; mo_init_opacity=&#8221;0&#8243; mo_an_scale_x=&#8221;1&#8243; mo_an_scale_y=&#8221;1&#8243; mo_an_scale_z=&#8221;1&#8243; mo_an_opacity=&#8221;1&#8243; css=&#8221;.vc_custom_1621507134404{padding-top: 0px !important;padding-bottom: 40px !important;}&#8221; mo_init_translate_y=&#8221;71&#8243; mo_init_translate_z=&#8221;-92&#8243; mo_init_rotate_x=&#8221;-27&#8243; el_class=&#8221;tablet_column_full&#8221;][vc_column width=&#8221;1\/2&#8243;][vc_empty_space]\t\n    \t    <div class=\"fancy-image mo-img-group-single\" data-reveal=\"true\" data-reveal-options='{\"direction\":\"rl\",\"bgcolor\":\"\",\"delay\":\"\"}' data-roundness=\"yes\" data-shadow-style=\"yes\">\n\t\t\t<div class=\"mo-img-container-inner\"  >\n\t\t\t<figure><img decoding=\"async\" src=\"https:\/\/info.hestiahotels.com\/strand\/wp-content\/uploads\/sites\/9\/2025\/06\/Water-and-sauna-spa-6.jpg\" alt=\"image\" \/><\/figure>\t\n\t\t\t<\/div><!-- \/.mo-img-container-inner -->\n\t\t<\/div><!-- \/.fancy-image -->\n\t\t\t\n    [\/vc_column][vc_column width=&#8221;1\/2&#8243;][vc_empty_space height=&#8221;30px&#8221;]       \n      <div class=\"mo-title-box title-box-style1  text-left\"  ><h5>Hestia Hotel Strand<\/h5><h3>Vee- ja saunaspaa<\/h3> <\/div>\n    [vc_column_text]<strong>P &#8211; N<\/strong> 7:00 &#8211; 21:00<\/p>\n<p><strong>R &#8211; L <\/strong>7:00 &#8211; 22:00<\/p>\n<p>Saunad avatakse kell 10.00.<\/p>\n<p>Korrus: 0<\/p>\n<p><a href=\"mailto:info.strand@hestiahotels.com\" target=\"_blank\" rel=\"noopener\">info.strand@hestiahotels.com<\/a>[\/vc_column_text][vc_btn title=&#8221;Tutvu saunadega&#8221; style=&#8221;classic&#8221; color=&#8221;default&#8221; link=&#8221;url:https%3A%2F%2Fwww.hestiahotels.com%2Fstrand%2Fvee-ja-saunaspaa%2F|title:Saunad&#8221;][\/vc_column][\/vc_row][vc_row][vc_column][vc_column_text][\/vc_column_text][\/vc_column][\/vc_row][vc_row content_animation=&#8221;yes&#8221; mo_init_scale_x=&#8221;1&#8243; mo_init_scale_y=&#8221;1&#8243; mo_init_scale_z=&#8221;1&#8243; mo_init_opacity=&#8221;0&#8243; mo_an_scale_x=&#8221;1&#8243; mo_an_scale_y=&#8221;1&#8243; mo_an_scale_z=&#8221;1&#8243; mo_an_opacity=&#8221;1&#8243; css=&#8221;.vc_custom_1621512462911{padding-top: 40px !important;padding-bottom: 60px !important;background-color: #f2f3f4 !important;}&#8221; mo_init_translate_y=&#8221;71&#8243; mo_init_translate_z=&#8221;-92&#8243; mo_init_rotate_x=&#8221;-27&#8243; el_class=&#8221;tablet_column_full&#8221;][vc_column width=&#8221;1\/2&#8243;][vc_empty_space height=&#8221;30px&#8221;]       \n      <div class=\"mo-title-box title-box-style1  text-left\"  ><h5>Hestia Hotel Strand<\/h5><h3>Heaoluspaa<\/h3> <\/div>\n    [vc_column_text]<strong>E: <\/strong>ettetellimisel<\/p>\n<p><strong>T &#8211; L:<\/strong> 10:00 &#8211; 18:00<\/p>\n<p><strong>P:<\/strong> 10:00 &#8211; 13:00<\/p>\n<p>Korrus: 0<\/p>\n<p>Telefon:+372\u00a0<span class=\"ui-provider a b c d e f g h i j k l m n o p q r s t u v w x y z ab ac ae af ag ah ai aj ak\" dir=\"ltr\">5813 3500<\/span><\/p>\n<p><a href=\"mailto:info.ayrisbeauty@gmail.com\">info.ayrisbeauty@gmail.com<\/a>[\/vc_column_text][vc_btn title=&#8221;Broneeri aeg&#8221; style=&#8221;classic&#8221; color=&#8221;default&#8221; link=&#8221;url:https%3A%2F%2Fwww.booklux.com%2Fbook%2Fayris-beauty&#8221;][\/vc_column][vc_column width=&#8221;1\/2&#8243;]\t\n    \t    <div class=\"fancy-image mo-img-group-single\" data-reveal=\"true\" data-reveal-options='{\"direction\":\"rl\",\"bgcolor\":\"\",\"delay\":\"\"}' data-roundness=\"yes\" data-shadow-style=\"yes\">\n\t\t\t<div class=\"mo-img-container-inner\"  >\n\t\t\t<figure><img decoding=\"async\" src=\"https:\/\/info.hestiahotels.com\/strand\/wp-content\/uploads\/sites\/9\/2025\/07\/heaoluspaa.png\" alt=\"image\" \/><\/figure>\t\n\t\t\t<\/div><!-- \/.mo-img-container-inner -->\n\t\t<\/div><!-- \/.fancy-image -->\n\t\t\t\n    [\/vc_column][\/vc_row][vc_row][vc_column][vc_column_text]<\/p>\n<p>[\/vc_column_text][\/vc_column][\/vc_row][vc_row][vc_column width=&#8221;1\/2&#8243;]\t\n    \t    <div class=\"fancy-image mo-img-group-single\" data-reveal=\"true\" data-reveal-options='{\"direction\":\"rl\",\"bgcolor\":\"\",\"delay\":\"\"}' data-roundness=\"yes\" data-shadow-style=\"yes\">\n\t\t\t<div class=\"mo-img-container-inner\"  >\n\t\t\t<figure><img decoding=\"async\" src=\"https:\/\/info.hestiahotels.com\/strand\/wp-content\/uploads\/sites\/9\/2025\/08\/Mida-kaasa-votta.jpg\" alt=\"image\" \/><\/figure>\t\n\t\t\t<\/div><!-- \/.mo-img-container-inner -->\n\t\t<\/div><!-- \/.fancy-image -->\n\t\t\t\n    [\/vc_column][vc_column width=&#8221;1\/2&#8243;][vc_empty_space height=&#8221;30px&#8221;]       \n      <div class=\"mo-title-box title-box-style1  text-left\"  ><h5>Hestia Hotel Strand<\/h5><h3>Mida kaasa v\u00f5tta<\/h3> <\/div>\n    [vc_column_text]Palun haara vee- ja saunaspaasse tulles toast kaasa oma r\u00e4tik ning pane selga hommikumantel. Hotelli vastuv\u00f5tus on saadaval ka lastesuuruses hommikumantlid.<\/p>\n<p>Kui soovid vee- ja saunaspaas k\u00f5ndimiseks kasutada pl\u00e4tusid, saad need soetada samuti hotelli vastuv\u00f5tust.<\/p>\n<p>[\/vc_column_text][vc_empty_space height=&#8221;30px&#8221;][\/vc_column][\/vc_row][vc_row][vc_column][vc_column_text]<\/p>\n<p>[\/vc_column_text][\/vc_column][\/vc_row][vc_row content_animation=&#8221;yes&#8221; mo_init_scale_x=&#8221;1&#8243; mo_init_scale_y=&#8221;1&#8243; mo_init_scale_z=&#8221;1&#8243; mo_init_opacity=&#8221;0&#8243; mo_an_scale_x=&#8221;1&#8243; mo_an_scale_y=&#8221;1&#8243; mo_an_scale_z=&#8221;1&#8243; mo_an_opacity=&#8221;1&#8243; css=&#8221;.vc_custom_1621512462911{padding-top: 40px !important;padding-bottom: 60px !important;background-color: #f2f3f4 !important;}&#8221; mo_init_translate_y=&#8221;71&#8243; mo_init_translate_z=&#8221;-92&#8243; mo_init_rotate_x=&#8221;-27&#8243; el_class=&#8221;tablet_column_full&#8221;][vc_column width=&#8221;1\/2&#8243;][vc_empty_space height=&#8221;30px&#8221;]       \n      <div class=\"mo-title-box title-box-style1  text-left\"  ><h5>Hestia Hotel Strand<\/h5><h3>Sauna hea tava<\/h3> <\/div>\n    [vc_column_text]<span style=\"font-weight: 400;\">Sinu mugavuse ja heaolu huvides palume j\u00e4rgida vee- ja saunaspaa kodukorda.<\/span>[\/vc_column_text][vc_btn title=&#8221;Tutvu siin&#8221; style=&#8221;classic&#8221; color=&#8221;default&#8221; link=&#8221;url:https%3A%2F%2Fwww.hestiahotels.com%2Fstrand%2Fhea-tava%2F|title:Hea%20tava&#8221;][\/vc_column][vc_column width=&#8221;1\/2&#8243;]\t\n    \t    <div class=\"fancy-image mo-img-group-single\" data-reveal=\"true\" data-reveal-options='{\"direction\":\"rl\",\"bgcolor\":\"\",\"delay\":\"\"}' data-roundness=\"yes\" data-shadow-style=\"yes\">\n\t\t\t<div class=\"mo-img-container-inner\"  >\n\t\t\t<figure><img decoding=\"async\" src=\"https:\/\/info.hestiahotels.com\/strand\/wp-content\/uploads\/sites\/9\/2025\/07\/vee-ja-saunaspaa-hea-teava.png\" alt=\"image\" \/><\/figure>\t\n\t\t\t<\/div><!-- \/.mo-img-container-inner -->\n\t\t<\/div><!-- \/.fancy-image -->\n\t\t\t\n    [\/vc_column][\/vc_row][vc_row][vc_column][vc_column_text]<\/p>\n<p>[\/vc_column_text][\/vc_column][\/vc_row]<\/p>\n<\/div>","protected":false},"excerpt":{"rendered":"<p>[vc_row content_animation=&#8221;yes&#8221; mo_init_scale_x=&#8221;1&#8243; mo_init_scale_y=&#8221;1&#8243; mo_init_scale_z=&#8221;1&#8243; mo_init_opacity=&#8221;0&#8243; mo_an_scale_x=&#8221;1&#8243; mo_an_scale_y=&#8221;1&#8243; mo_an_scale_z=&#8221;1&#8243; mo_an_opacity=&#8221;1&#8243; css=&#8221;.vc_custom_1621507134404{padding-top: 0px !important;padding-bottom: 40px !important;}&#8221; mo_init_translate_y=&#8221;71&#8243; mo_init_translate_z=&#8221;-92&#8243; mo_init_rotate_x=&#8221;-27&#8243; el_class=&#8221;tablet_column_full&#8221;][vc_column width=&#8221;1\/2&#8243;][vc_empty_space][\/vc_column][vc_column width=&#8221;1\/2&#8243;][vc_empty_space height=&#8221;30px&#8221;][vc_column_text]P &#8211; N 7:00 &#8211; 21:00 R &#8211; L 7:00 &#8211; 22:00 Saunad avatakse kell 10.00. Korrus: 0 info.strand@hestiahotels.com[\/vc_column_text][vc_btn title=&#8221;Tutvu saunadega&#8221; style=&#8221;classic&#8221; color=&#8221;default&#8221; link=&#8221;url:https%3A%2F%2Fwww.hestiahotels.com%2Fstrand%2Fvee-ja-saunaspaa%2F|title:Saunad&#8221;][\/vc_column][\/vc_row][vc_row][vc_column][vc_column_text][\/vc_column_text][\/vc_column][\/vc_row][vc_row content_animation=&#8221;yes&#8221; mo_init_scale_x=&#8221;1&#8243; mo_init_scale_y=&#8221;1&#8243; mo_init_scale_z=&#8221;1&#8243; mo_init_opacity=&#8221;0&#8243; mo_an_scale_x=&#8221;1&#8243; mo_an_scale_y=&#8221;1&#8243; mo_an_scale_z=&#8221;1&#8243; mo_an_opacity=&#8221;1&#8243; css=&#8221;.vc_custom_1621512462911{padding-top: [&hellip;]<\/p>\n","protected":false},"author":10,"featured_media":0,"parent":0,"menu_order":0,"comment_status":"closed","ping_status":"closed","template":"","meta":{"inline_featured_image":false,"footnotes":""},"class_list":["post-1446","page","type-page","status-publish","hentry"],"_links":{"self":[{"href":"https:\/\/info.hestiahotels.com\/strand\/wp-json\/wp\/v2\/pages\/1446","targetHints":{"allow":["GET"]}}],"collection":[{"href":"https:\/\/info.hestiahotels.com\/strand\/wp-json\/wp\/v2\/pages"}],"about":[{"href":"https:\/\/info.hestiahotels.com\/strand\/wp-json\/wp\/v2\/types\/page"}],"author":[{"embeddable":true,"href":"https:\/\/info.hestiahotels.com\/strand\/wp-json\/wp\/v2\/users\/10"}],"replies":[{"embeddable":true,"href":"https:\/\/info.hestiahotels.com\/strand\/wp-json\/wp\/v2\/comments?post=1446"}],"version-history":[{"count":37,"href":"https:\/\/info.hestiahotels.com\/strand\/wp-json\/wp\/v2\/pages\/1446\/revisions"}],"predecessor-version":[{"id":2239,"href":"https:\/\/info.hestiahotels.com\/strand\/wp-json\/wp\/v2\/pages\/1446\/revisions\/2239"}],"wp:attachment":[{"href":"https:\/\/info.hestiahotels.com\/strand\/wp-json\/wp\/v2\/media?parent=1446"}],"curies":[{"name":"wp","href":"https:\/\/api.w.org\/{rel}","templated":true}]}}