{"id":1421,"date":"2025-06-12T04:26:46","date_gmt":"2025-06-12T02:26:46","guid":{"rendered":"https:\/\/info.hestiahotels.com\/strand\/?page_id=1421"},"modified":"2025-07-31T18:54:20","modified_gmt":"2025-07-31T15:54:20","slug":"fookus-jatkusuutlikkusel","status":"publish","type":"page","link":"https:\/\/info.hestiahotels.com\/strand\/fookus-jatkusuutlikkusel\/","title":{"rendered":"Focus Hestia ja j\u00e4tkusuutlikkus"},"content":{"rendered":"<div class=\"wpb-content-wrapper\"><p>[vc_row][vc_column][vc_column_text]<\/p>\n<p>[\/vc_column_text][\/vc_column][\/vc_row][vc_row content_animation=&#8221;yes&#8221; mo_init_scale_x=&#8221;1&#8243; mo_init_scale_y=&#8221;1&#8243; mo_init_scale_z=&#8221;1&#8243; mo_init_opacity=&#8221;0&#8243; mo_an_scale_x=&#8221;1&#8243; mo_an_scale_y=&#8221;1&#8243; mo_an_scale_z=&#8221;1&#8243; mo_an_opacity=&#8221;1&#8243; css=&#8221;.vc_custom_1750274404657{padding-top: 30px !important;padding-bottom: 30px !important;}&#8221; mo_init_translate_y=&#8221;71&#8243; mo_init_translate_z=&#8221;-92&#8243; mo_init_rotate_x=&#8221;-27&#8243;][vc_column width=&#8221;1\/2&#8243;][vc_column_text]<\/p>\n<h2>Fookus j\u00e4tkusuutlikkusel<\/h2>\n<p>Ja\u0308tkusuutliku tuleviku eelduseks on olla ja\u0308tkusuutlikum juba ta\u0308na. Hestia Hotel Strandis saad astuda vastutustundlikumaid samme, olgu selleks ja\u0308a\u0308tmete sorteerimine, teadlik toidunautimine vo\u0303i lihtsalt hotellitoas nutikamalt tegutsemine. Oleme need tegevused meie hotellides la\u0308bi mo\u0303elnud, et ja\u0308tkusuutlikumad lahendused oleksid osa normaalsest igapa\u0308evast. Ka sinu valikutel ja tegevustel on sellele suur mo\u0303ju.<\/p>\n<p><strong>Focus Hestia<\/strong>\u00a0m\u00e4rgis t\u00e4histab infot ja nippe, kuidas teha hotellik\u00fclalisena keskkonnas\u00f5bralikumaid valikuid.<\/p>\n<p>Hestia Hotel Strand on uhkusega ka rahvusvaheliselt tunnustatud keskkonnam\u00e4rgise <a href=\"https:\/\/www.greenkey.global\/\"><strong>Green Key<\/strong><\/a> omanik.[\/vc_column_text][\/vc_column][vc_column width=&#8221;1\/2&#8243;][vc_gallery type=&#8221;flexslider_slide&#8221; interval=&#8221;10&#8243; images=&#8221;1453,1452&#8243; img_size=&#8221;large&#8221; el_class=&#8221;slider&#8221;][\/vc_column][\/vc_row][vc_row content_animation=&#8221;yes&#8221; mo_init_scale_x=&#8221;1&#8243; mo_init_scale_y=&#8221;1&#8243; mo_init_scale_z=&#8221;1&#8243; mo_init_opacity=&#8221;0&#8243; mo_an_scale_x=&#8221;1&#8243; mo_an_scale_y=&#8221;1&#8243; mo_an_scale_z=&#8221;1&#8243; mo_an_opacity=&#8221;1&#8243; css=&#8221;.vc_custom_1750274298090{padding-top: 30px !important;padding-bottom: 30px !important;background-color: #f2f3f4 !important;}&#8221; mo_init_translate_y=&#8221;72&#8243; mo_init_translate_z=&#8221;-95&#8243; mo_init_rotate_x=&#8221;-28&#8243;][vc_column width=&#8221;1\/2&#8243;][vc_gallery type=&#8221;flexslider_slide&#8221; interval=&#8221;10&#8243; images=&#8221;2165&#8243; img_size=&#8221;large&#8221; el_class=&#8221;slider&#8221;][\/vc_column][vc_column width=&#8221;1\/2&#8243;][vc_column_text]<\/p>\n<h2>Pr\u00fcgisorteerimine<\/h2>\n<p><span style=\"font-weight: 400;\">Hestia Hotel Strandi hotelli koridorides v\u00f5id silmata v\u00e4ikeseid sortereid.\u00a0 Oma koht on seal pakenditel, paberil ja papil, bio- ja segaolmej\u00e4\u00e4tmetel. Ole valmis, et sorter koridoris asendab pr\u00fcgikasti sinu toas ning poetagi oma praht sinna. Patareid v\u00f5i ohtlikud j\u00e4\u00e4tmed vii vastuv\u00f5ttu.<\/span>[\/vc_column_text][\/vc_column][\/vc_row][vc_row][vc_column][vc_column_text]<\/p>\n<p>[\/vc_column_text][\/vc_column][\/vc_row][vc_row content_animation=&#8221;yes&#8221; mo_init_scale_x=&#8221;1&#8243; mo_init_scale_y=&#8221;1&#8243; mo_init_scale_z=&#8221;1&#8243; mo_init_opacity=&#8221;0&#8243; mo_an_scale_x=&#8221;1&#8243; mo_an_scale_y=&#8221;1&#8243; mo_an_scale_z=&#8221;1&#8243; mo_an_opacity=&#8221;1&#8243; css=&#8221;.vc_custom_1750274431475{padding-top: 30px !important;padding-bottom: 30px !important;}&#8221; mo_init_translate_y=&#8221;71&#8243; mo_init_translate_z=&#8221;-92&#8243;][vc_column width=&#8221;1\/2&#8243;][vc_column_text]<\/p>\n<h2>P\u00e4evakoristus<\/h2>\n<p><span style=\"font-weight: 400;\">P\u00e4evakoristust toas teeme vaid siis, kui seda vajad. Kui soovid toakoristust, riputa koristussilt ukselingile hiljemalt kell 12.00. Nii v\u00e4ldime veeraiskamist ning -reostust ja ka r\u00e4tikute liigset t\u00f6\u00f6tlemist.<\/span>[\/vc_column_text][\/vc_column][vc_column width=&#8221;1\/2&#8243;][vc_gallery type=&#8221;flexslider_slide&#8221; interval=&#8221;10&#8243; images=&#8221;2167&#8243; img_size=&#8221;large&#8221; el_class=&#8221;slider&#8221;][\/vc_column][\/vc_row][vc_row content_animation=&#8221;yes&#8221; mo_init_scale_x=&#8221;1&#8243; mo_init_scale_y=&#8221;1&#8243; mo_init_scale_z=&#8221;1&#8243; mo_init_opacity=&#8221;0&#8243; mo_an_scale_x=&#8221;1&#8243; mo_an_scale_y=&#8221;1&#8243; mo_an_scale_z=&#8221;1&#8243; mo_an_opacity=&#8221;1&#8243; css=&#8221;.vc_custom_1750274455408{padding-top: 30px !important;padding-bottom: 30px !important;background-color: #f2f3f4 !important;}&#8221; mo_init_translate_y=&#8221;71&#8243; mo_init_translate_z=&#8221;-92&#8243;][vc_column width=&#8221;1\/2&#8243;][vc_gallery type=&#8221;flexslider_slide&#8221; interval=&#8221;10&#8243; images=&#8221;1455&#8243; img_size=&#8221;large&#8221; el_class=&#8221;slider&#8221;][\/vc_column][vc_column width=&#8221;1\/2&#8243;][vc_column_text]<\/p>\n<h2>\u00dchekordsed esemed<\/h2>\n<p><span style=\"font-weight: 400;\">Oleme loobunud \u00fchekordsetest v\u00e4ikepakenditest ja sussidest hotellitoas, et v\u00e4ltida \u00fcletarbimist. N\u00e4iteks pl\u00e4tud v\u00f5i sussid soovitamegi haarata kaasa kodust. Kui neid siiski vajad, pole muretsemiseks p\u00f5hjust \u2013k\u00fcsi hotellitarbeid vastuv\u00f5tust. Nii kasutame asju vaid siis, kui selleks on vajadus.<\/span>[\/vc_column_text][\/vc_column][\/vc_row][vc_row][vc_column][vc_column_text]<\/p>\n<p>[\/vc_column_text][\/vc_column][\/vc_row][vc_row content_animation=&#8221;yes&#8221; mo_init_scale_x=&#8221;1&#8243; mo_init_scale_y=&#8221;1&#8243; mo_init_scale_z=&#8221;1&#8243; mo_init_opacity=&#8221;0&#8243; mo_an_scale_x=&#8221;1&#8243; mo_an_scale_y=&#8221;1&#8243; mo_an_scale_z=&#8221;1&#8243; mo_an_opacity=&#8221;1&#8243; css=&#8221;.vc_custom_1750274476587{padding-top: 30px !important;padding-bottom: 30px !important;}&#8221; mo_init_translate_y=&#8221;71&#8243; mo_init_translate_z=&#8221;-92&#8243;][vc_column width=&#8221;1\/2&#8243;][vc_column_text]<\/p>\n<h2>Kestlikkuse nipid<\/h2>\n<p><span style=\"font-weight: 400;\">Bufeelauas keskendu sellele, mis jo\u0303uab sinu taldrikule ning to\u0303sta u\u0308hekorraga nii palju toitu, kui jaksad nautides su\u0308u\u0308a. Juurde vo\u0303ib alati vo\u0303tta. Meie kanname hoolt, et saaksid valida parimast toorainetest valmistatud toitu.<\/span>[\/vc_column_text][\/vc_column][vc_column width=&#8221;1\/2&#8243;][vc_gallery type=&#8221;flexslider_slide&#8221; interval=&#8221;10&#8243; images=&#8221;1456&#8243; img_size=&#8221;large&#8221; el_class=&#8221;slider&#8221;][\/vc_column][\/vc_row][vc_row][vc_column]<div class=\"fancy_heading\"style=\"color:#466477; font-size:36px; line-height:42px; text-align:center;  font-weight:700;  \">        \n         \n\t    <div class=\"bs-textillate-selector tlt\"  data-textillate-handle='{&quot;selector&quot;:&quot;.texts&quot;,&quot;loop&quot;:&quot;1&quot;,&quot;initialDelay&quot;:&quot;0&quot;,&quot;autoStart&quot;:&quot;1&quot;,&quot;in&quot;:{&quot;effect&quot;:&quot;flash&quot;,&quot;delayScale&quot;:1.5,&quot;delay&quot;:50,&quot;&quot;:true},&quot;out&quot;:{&quot;effect&quot;:&quot;flash&quot;,&quot;delayScale&quot;:1.5,&quot;delay&quot;:50,&quot;&quot;:true},&quot;type&quot;:&quot;char&quot;}'>\n\t\t     <ul class=\"texts\">\n\t\t\t\t\t\t\t\t\t\t<li>Vaata videot<\/li>\t\t\t\t\t\t\t<\/ul>\n\t\t<\/div>\n\t\t\t\n\t<\/div>\n    [vc_row_inner][vc_column_inner][vc_column_text][\/vc_column_text][\/vc_column_inner][\/vc_row_inner]\t\t<div class=\"mo-video-fancybox \">\n\t\t\t<a class=\"lightbox-video video-button light dir_center\" href=\"https:\/\/www.youtube.com\/watch?v=sizuoF3jHIw\"><i class=\"fa fa-play\"><\/i><\/a>\t\t<\/div>\n    [\/vc_column][\/vc_row][vc_row][vc_column][vc_column_text]<\/p>\n<p>[\/vc_column_text][\/vc_column][\/vc_row]<\/p>\n<\/div>","protected":false},"excerpt":{"rendered":"<p>[vc_row][vc_column][vc_column_text] [\/vc_column_text][\/vc_column][\/vc_row][vc_row content_animation=&#8221;yes&#8221; mo_init_scale_x=&#8221;1&#8243; mo_init_scale_y=&#8221;1&#8243; mo_init_scale_z=&#8221;1&#8243; mo_init_opacity=&#8221;0&#8243; mo_an_scale_x=&#8221;1&#8243; mo_an_scale_y=&#8221;1&#8243; mo_an_scale_z=&#8221;1&#8243; mo_an_opacity=&#8221;1&#8243; css=&#8221;.vc_custom_1750274404657{padding-top: 30px !important;padding-bottom: 30px !important;}&#8221; mo_init_translate_y=&#8221;71&#8243; mo_init_translate_z=&#8221;-92&#8243; mo_init_rotate_x=&#8221;-27&#8243;][vc_column width=&#8221;1\/2&#8243;][vc_column_text] Fookus j\u00e4tkusuutlikkusel Ja\u0308tkusuutliku tuleviku eelduseks on olla ja\u0308tkusuutlikum juba ta\u0308na. Hestia Hotel Strandis saad astuda vastutustundlikumaid samme, olgu selleks ja\u0308a\u0308tmete sorteerimine, teadlik toidunautimine vo\u0303i lihtsalt hotellitoas nutikamalt tegutsemine. Oleme need tegevused meie hotellides la\u0308bi mo\u0303elnud, [&hellip;]<\/p>\n","protected":false},"author":10,"featured_media":0,"parent":0,"menu_order":0,"comment_status":"closed","ping_status":"closed","template":"","meta":{"inline_featured_image":false,"footnotes":""},"class_list":["post-1421","page","type-page","status-publish","hentry"],"_links":{"self":[{"href":"https:\/\/info.hestiahotels.com\/strand\/wp-json\/wp\/v2\/pages\/1421","targetHints":{"allow":["GET"]}}],"collection":[{"href":"https:\/\/info.hestiahotels.com\/strand\/wp-json\/wp\/v2\/pages"}],"about":[{"href":"https:\/\/info.hestiahotels.com\/strand\/wp-json\/wp\/v2\/types\/page"}],"author":[{"embeddable":true,"href":"https:\/\/info.hestiahotels.com\/strand\/wp-json\/wp\/v2\/users\/10"}],"replies":[{"embeddable":true,"href":"https:\/\/info.hestiahotels.com\/strand\/wp-json\/wp\/v2\/comments?post=1421"}],"version-history":[{"count":23,"href":"https:\/\/info.hestiahotels.com\/strand\/wp-json\/wp\/v2\/pages\/1421\/revisions"}],"predecessor-version":[{"id":2197,"href":"https:\/\/info.hestiahotels.com\/strand\/wp-json\/wp\/v2\/pages\/1421\/revisions\/2197"}],"wp:attachment":[{"href":"https:\/\/info.hestiahotels.com\/strand\/wp-json\/wp\/v2\/media?parent=1421"}],"curies":[{"name":"wp","href":"https:\/\/api.w.org\/{rel}","templated":true}]}}