{"id":1978,"date":"2022-04-01T11:11:50","date_gmt":"2022-04-01T08:11:50","guid":{"rendered":"https:\/\/info.hestiahotels.com\/ilmarine\/?page_id=1978"},"modified":"2023-09-13T15:32:44","modified_gmt":"2023-09-13T12:32:44","slug":"meie-hotell","status":"publish","type":"page","link":"https:\/\/info.hestiahotels.com\/seaport\/meie-hotell\/","title":{"rendered":"Meie hotell"},"content":{"rendered":"<div class=\"wpb-content-wrapper\"><p>[vc_row css=&#8221;.vc_custom_1648800740873{padding-top: 40px !important;padding-bottom: 60px !important;}&#8221;][vc_column]       \n      <div class=\"mo-title-box title-box-style1  text-center\"  ><h3>Asjaliku mugavuse kodu<\/h3> <\/div>\n    [vc_column_text]Hestia Hotel Seaport asub Tallinna merev\u00e4rava ehk reisisadama vahetus l\u00e4heduses, vanalinnast vaid k\u00fcmneminutise jalutusk\u00e4igu kaugusel. Elava vastuv\u00f5tuala, p\u00e4ikeseterrassi ja avarate tubadega hotell on \u00f5ige peatuspaik linnaga tutvumiseks.[\/vc_column_text][\/vc_column][\/vc_row][vc_row][vc_column width=&#8221;1\/2&#8243;]       \n      <div class=\"mo-title-box title-box-style1  text-center\"  ><h3>Hestia Hotel Seaport<\/h3> <\/div>\n    [vc_column_text]Hotellis on 111 mugavalt sisustatud numbrituba, mis on kujundatud merel\u00e4hedastes toonides.[\/vc_column_text][\/vc_column][vc_column width=&#8221;1\/2&#8243;]\t\n    \t    <div class=\"fancy-image mo-img-group-single\" >\n\t\t\t<div class=\"mo-img-container-inner\"  >\n\t\t\t<figure><img decoding=\"async\" src=\"https:\/\/info.hestiahotels.com\/seaport\/wp-content\/uploads\/sites\/7\/2022\/05\/seaport-ex.jpg\" alt=\"image\" \/><\/figure>\t\n\t\t\t<\/div><!-- \/.mo-img-container-inner -->\n\t\t<\/div><!-- \/.fancy-image -->\n\t\t\t\n    [vc_empty_space][\/vc_column][\/vc_row][vc_row][vc_column][\/vc_column][\/vc_row]<\/p>\n<\/div>","protected":false},"excerpt":{"rendered":"<p>[vc_row css=&#8221;.vc_custom_1648800740873{padding-top: 40px !important;padding-bottom: 60px !important;}&#8221;][vc_column][vc_column_text]Hestia Hotel Seaport asub Tallinna merev\u00e4rava ehk reisisadama vahetus l\u00e4heduses, vanalinnast vaid k\u00fcmneminutise jalutusk\u00e4igu kaugusel. Elava vastuv\u00f5tuala, p\u00e4ikeseterrassi ja avarate tubadega hotell on \u00f5ige peatuspaik linnaga tutvumiseks.[\/vc_column_text][\/vc_column][\/vc_row][vc_row][vc_column width=&#8221;1\/2&#8243;][vc_column_text]Hotellis on 111 mugavalt sisustatud numbrituba, mis on kujundatud merel\u00e4hedastes toonides.[\/vc_column_text][\/vc_column][vc_column width=&#8221;1\/2&#8243;][vc_empty_space][\/vc_column][\/vc_row][vc_row][vc_column][\/vc_column][\/vc_row]<\/p>\n","protected":false},"author":2,"featured_media":0,"parent":0,"menu_order":0,"comment_status":"closed","ping_status":"closed","template":"","meta":{"inline_featured_image":false,"footnotes":""},"class_list":["post-1978","page","type-page","status-publish","hentry"],"_links":{"self":[{"href":"https:\/\/info.hestiahotels.com\/seaport\/wp-json\/wp\/v2\/pages\/1978","targetHints":{"allow":["GET"]}}],"collection":[{"href":"https:\/\/info.hestiahotels.com\/seaport\/wp-json\/wp\/v2\/pages"}],"about":[{"href":"https:\/\/info.hestiahotels.com\/seaport\/wp-json\/wp\/v2\/types\/page"}],"author":[{"embeddable":true,"href":"https:\/\/info.hestiahotels.com\/seaport\/wp-json\/wp\/v2\/users\/2"}],"replies":[{"embeddable":true,"href":"https:\/\/info.hestiahotels.com\/seaport\/wp-json\/wp\/v2\/comments?post=1978"}],"version-history":[{"count":6,"href":"https:\/\/info.hestiahotels.com\/seaport\/wp-json\/wp\/v2\/pages\/1978\/revisions"}],"predecessor-version":[{"id":2217,"href":"https:\/\/info.hestiahotels.com\/seaport\/wp-json\/wp\/v2\/pages\/1978\/revisions\/2217"}],"wp:attachment":[{"href":"https:\/\/info.hestiahotels.com\/seaport\/wp-json\/wp\/v2\/media?parent=1978"}],"curies":[{"name":"wp","href":"https:\/\/api.w.org\/{rel}","templated":true}]}}