{"id":1768,"date":"2021-05-20T15:10:18","date_gmt":"2021-05-20T12:10:18","guid":{"rendered":"https:\/\/info.hestiahotels.com\/haapsaluspa\/?page_id=1768"},"modified":"2022-07-04T12:37:57","modified_gmt":"2022-07-04T12:37:57","slug":"hotellitoad","status":"publish","type":"page","link":"https:\/\/info.hestiahotels.com\/seaport\/hotellitoad\/","title":{"rendered":"Hotellitoad"},"content":{"rendered":"<div class=\"wpb-content-wrapper\"><p>[vc_row css=&#8221;.vc_custom_1621592408272{padding-top: 60px !important;padding-bottom: 0px !important;background-position: center !important;background-repeat: no-repeat !important;background-size: cover !important;}&#8221;][vc_column]       \n      <div class=\"mo-title-box title-box-style5  text-center\"  ><h3>Hotellitoad<\/h3> <\/div>\n    [vc_column_text]<\/p>\n<p style=\"text-align: center;\">Hestia Hotel Seaport asub Tallinna merev\u00e4rava ehk reisisadama vahetus l\u00e4heduses, vanalinnast vaid k\u00fcmneminutise jalutusk\u00e4igu kaugusel. Elava vastuv\u00f5tuala, p\u00e4ikeseterrassi ja avarate tubadega hotell on \u00f5ige peatuspaik linnaga tutvumiseks.<\/p>\n<p>[\/vc_column_text][\/vc_column][\/vc_row][vc_row css=&#8221;.vc_custom_1621592639754{padding-top: 10px !important;padding-bottom: 10px !important;background-position: center !important;background-repeat: no-repeat !important;background-size: cover !important;}&#8221;][vc_column css=&#8221;.vc_custom_1621592203034{padding-top: 40px !important;padding-bottom: 40px !important;}&#8221;][vc_message message_box_color=&#8221;white&#8221; el_class=&#8221;info&#8221;]\u00dcmbritsevale keskkonnale avaldab negatiivset m\u00f5ju r\u00e4tikute igap\u00e4evane pesemine. Nagisse riputatud k\u00e4ter\u00e4tiku puhul eeldame t\u00e4nulikult, et kasutate seda edasi. J\u00e4ttes froteer\u00e4tiku p\u00f5randale, annate meile m\u00e4rku soovist seda vahetada.[\/vc_message][\/vc_column][\/vc_row][vc_row content_animation=&#8221;yes&#8221; mo_init_scale_x=&#8221;1&#8243; mo_init_scale_y=&#8221;1&#8243; mo_init_scale_z=&#8221;1&#8243; mo_init_opacity=&#8221;0&#8243; mo_an_scale_x=&#8221;1&#8243; mo_an_scale_y=&#8221;1&#8243; mo_an_scale_z=&#8221;1&#8243; mo_an_opacity=&#8221;1&#8243; css=&#8221;.vc_custom_1621507562310{padding-top: 40px !important;padding-bottom: 40px !important;background-color: #f2f3f4 !important;}&#8221; mo_init_translate_y=&#8221;71&#8243; mo_init_translate_z=&#8221;-92&#8243; mo_init_rotate_x=&#8221;-27&#8243; el_class=&#8221;tablet_column_full&#8221;][vc_column width=&#8221;1\/2&#8243;][vc_empty_space height=&#8221;30px&#8221;]       \n      <div class=\"mo-title-box title-box-style1  text-left\"  ><h5>Hestia Hotel Seaport<\/h5><h3>Standard tuba<\/h3> <\/div>\n    [vc_column_text]Kahese toas on 14 &#8211; 17 ruutmeetrit ja see on varustatud kahe \u00fchekohalise voodi v\u00f5i \u00fche kahekohalise voodiga. Toas on keskkonnas\u00f5bralik korkp\u00f5rand, samuti kaabeltelevisioon, tasuta juhtmevaba interneti\u00fchendus, telefon, t\u00f6\u00f6laud, privaatne vannituba du\u0161i ja f\u00f6\u00f6niga.[\/vc_column_text][vc_empty_space height=&#8221;30px&#8221;][\/vc_column][vc_column width=&#8221;1\/2&#8243;]\t\n    \t    <div class=\"fancy-image mo-img-group-single\" data-reveal=\"true\" data-reveal-options='{\"direction\":\"rl\",\"bgcolor\":\"\",\"delay\":\"\"}' data-roundness=\"yes\" data-shadow-style=\"yes\">\n\t\t\t<div class=\"mo-img-container-inner\"  >\n\t\t\t<figure><img decoding=\"async\" src=\"https:\/\/info.hestiahotels.com\/seaport\/wp-content\/uploads\/sites\/7\/2022\/07\/New-Project-17-1-7-1.jpg\" alt=\"image\" \/><\/figure>\t\n\t\t\t<\/div><!-- \/.mo-img-container-inner -->\n\t\t<\/div><!-- \/.fancy-image -->\n\t\t\t\n    [\/vc_column][\/vc_row][vc_row content_animation=&#8221;yes&#8221; mo_init_scale_x=&#8221;1&#8243; mo_init_scale_y=&#8221;1&#8243; mo_init_scale_z=&#8221;1&#8243; mo_init_opacity=&#8221;0&#8243; mo_an_scale_x=&#8221;1&#8243; mo_an_scale_y=&#8221;1&#8243; mo_an_scale_z=&#8221;1&#8243; mo_an_opacity=&#8221;1&#8243; css=&#8221;.vc_custom_1642415993775{padding-top: 40px !important;padding-bottom: 40px !important;}&#8221; mo_init_translate_y=&#8221;71&#8243; mo_init_translate_z=&#8221;-92&#8243; mo_init_rotate_x=&#8221;-27&#8243; el_class=&#8221;tablet_column_full&#8221;][vc_column width=&#8221;1\/2&#8243;]\t\n    \t    <div class=\"fancy-image mo-img-group-single\" data-reveal=\"true\" data-reveal-options='{\"direction\":\"rl\",\"bgcolor\":\"\",\"delay\":\"\"}' data-roundness=\"yes\" data-shadow-style=\"yes\">\n\t\t\t<div class=\"mo-img-container-inner\"  >\n\t\t\t<figure><img decoding=\"async\" src=\"https:\/\/info.hestiahotels.com\/seaport\/wp-content\/uploads\/sites\/7\/2022\/07\/New-Project-17-1-5-1.jpg\" alt=\"image\" \/><\/figure>\t\n\t\t\t<\/div><!-- \/.mo-img-container-inner -->\n\t\t<\/div><!-- \/.fancy-image -->\n\t\t\t\n    [\/vc_column][vc_column width=&#8221;1\/2&#8243;][vc_empty_space height=&#8221;30px&#8221;]       \n      <div class=\"mo-title-box title-box-style1  text-left\"  ><h5>Hestia Hotel Seaport<\/h5><h3>Superior tuba<\/h3> <\/div>\n    [vc_column_text]Superior toas on 22 &#8211; 24 ruutmeetrit pinda ja see on varustatud \u00fche kahekohalise voodi ja sohvaga. Toas on keskkonnas\u00f5bralik korkp\u00f5rand, samuti kaabeltelevisioon, tasuta juhtmevaba interneti\u00fchendus, telefon, t\u00f6\u00f6laud, privaatne vannituba du\u0161i ja f\u00f6\u00f6niga.[\/vc_column_text][vc_empty_space height=&#8221;30px&#8221;][\/vc_column][\/vc_row][vc_row content_animation=&#8221;yes&#8221; mo_init_scale_x=&#8221;1&#8243; mo_init_scale_y=&#8221;1&#8243; mo_init_scale_z=&#8221;1&#8243; mo_init_opacity=&#8221;0&#8243; mo_an_scale_x=&#8221;1&#8243; mo_an_scale_y=&#8221;1&#8243; mo_an_scale_z=&#8221;1&#8243; mo_an_opacity=&#8221;1&#8243; css=&#8221;.vc_custom_1621507562310{padding-top: 40px !important;padding-bottom: 40px !important;background-color: #f2f3f4 !important;}&#8221; mo_init_translate_y=&#8221;71&#8243; mo_init_translate_z=&#8221;-92&#8243; mo_init_rotate_x=&#8221;-27&#8243; el_class=&#8221;tablet_column_full&#8221;][vc_column width=&#8221;1\/2&#8243;][vc_empty_space height=&#8221;30px&#8221;]       \n      <div class=\"mo-title-box title-box-style1  text-left\"  ><h5>Hestia Hotel Seaport<\/h5><h3>Peretuba<\/h3> <\/div>\n    [vc_column_text]Peretuba koosneb sohvaga Superior toast ja aknata Standard toast, mis on \u00fchendatud vaheuksega. see on varustatud kahe \u00fchekohalise v\u00f5i \u00fche kahekohalise voodiga ja sohvaga. Toas on keskkonnas\u00f5bralik korkp\u00f5rand, samuti kaabeltelevisioon, tasuta juhtmevaba interneti\u00fchendus, telefon, t\u00f6\u00f6laud, privaatne vannituba du\u0161i ja f\u00f6\u00f6niga.[\/vc_column_text][vc_empty_space height=&#8221;30px&#8221;][\/vc_column][vc_column width=&#8221;1\/2&#8243;]\t\n    \t    <div class=\"fancy-image mo-img-group-single\" data-reveal=\"true\" data-reveal-options='{\"direction\":\"rl\",\"bgcolor\":\"\",\"delay\":\"\"}' data-roundness=\"yes\" data-shadow-style=\"yes\">\n\t\t\t<div class=\"mo-img-container-inner\"  >\n\t\t\t<figure><img decoding=\"async\" src=\"https:\/\/info.hestiahotels.com\/seaport\/wp-content\/uploads\/sites\/7\/2022\/07\/New-Project-17-1-8-1.jpg\" alt=\"image\" \/><\/figure>\t\n\t\t\t<\/div><!-- \/.mo-img-container-inner -->\n\t\t<\/div><!-- \/.fancy-image -->\n\t\t\t\n    [\/vc_column][\/vc_row]<\/p>\n<\/div>","protected":false},"excerpt":{"rendered":"<p>[vc_row css=&#8221;.vc_custom_1621592408272{padding-top: 60px !important;padding-bottom: 0px !important;background-position: center !important;background-repeat: no-repeat !important;background-size: cover !important;}&#8221;][vc_column][vc_column_text] Hestia Hotel Seaport asub Tallinna merev\u00e4rava ehk reisisadama vahetus l\u00e4heduses, vanalinnast vaid k\u00fcmneminutise jalutusk\u00e4igu kaugusel. Elava vastuv\u00f5tuala, p\u00e4ikeseterrassi ja avarate tubadega hotell on \u00f5ige peatuspaik linnaga tutvumiseks. [\/vc_column_text][\/vc_column][\/vc_row][vc_row css=&#8221;.vc_custom_1621592639754{padding-top: 10px !important;padding-bottom: 10px !important;background-position: center !important;background-repeat: no-repeat !important;background-size: cover !important;}&#8221;][vc_column css=&#8221;.vc_custom_1621592203034{padding-top: 40px !important;padding-bottom: 40px [&hellip;]<\/p>\n","protected":false},"author":2,"featured_media":0,"parent":0,"menu_order":0,"comment_status":"closed","ping_status":"closed","template":"","meta":{"inline_featured_image":false,"footnotes":""},"class_list":["post-1768","page","type-page","status-publish","hentry"],"_links":{"self":[{"href":"https:\/\/info.hestiahotels.com\/seaport\/wp-json\/wp\/v2\/pages\/1768","targetHints":{"allow":["GET"]}}],"collection":[{"href":"https:\/\/info.hestiahotels.com\/seaport\/wp-json\/wp\/v2\/pages"}],"about":[{"href":"https:\/\/info.hestiahotels.com\/seaport\/wp-json\/wp\/v2\/types\/page"}],"author":[{"embeddable":true,"href":"https:\/\/info.hestiahotels.com\/seaport\/wp-json\/wp\/v2\/users\/2"}],"replies":[{"embeddable":true,"href":"https:\/\/info.hestiahotels.com\/seaport\/wp-json\/wp\/v2\/comments?post=1768"}],"version-history":[{"count":2,"href":"https:\/\/info.hestiahotels.com\/seaport\/wp-json\/wp\/v2\/pages\/1768\/revisions"}],"predecessor-version":[{"id":2158,"href":"https:\/\/info.hestiahotels.com\/seaport\/wp-json\/wp\/v2\/pages\/1768\/revisions\/2158"}],"wp:attachment":[{"href":"https:\/\/info.hestiahotels.com\/seaport\/wp-json\/wp\/v2\/media?parent=1768"}],"curies":[{"name":"wp","href":"https:\/\/api.w.org\/{rel}","templated":true}]}}