{"id":1629,"date":"2021-05-20T14:10:06","date_gmt":"2021-05-20T11:10:06","guid":{"rendered":"https:\/\/info.hestiahotels.com\/haapsaluspa\/?page_id=1629"},"modified":"2022-07-27T12:38:45","modified_gmt":"2022-07-27T12:38:45","slug":"tv-ja-internet","status":"publish","type":"page","link":"https:\/\/info.hestiahotels.com\/seaport\/tv-ja-internet\/","title":{"rendered":"TV ja internet"},"content":{"rendered":"<div class=\"wpb-content-wrapper\"><p>[vc_row css=&#8221;.vc_custom_1621088788434{padding-top: 80px !important;padding-bottom: 50px !important;background-position: center !important;background-repeat: no-repeat !important;background-size: cover !important;}&#8221;][vc_column]       \n      <div class=\"mo-title-box title-box-style5  text-center\"  ><h3>TV ja internet<\/h3> <\/div>\n    [\/vc_column][\/vc_row][vc_row content_animation=&#8221;yes&#8221; mo_init_scale_x=&#8221;1&#8243; mo_init_scale_y=&#8221;1&#8243; mo_init_scale_z=&#8221;1&#8243; mo_init_opacity=&#8221;0&#8243; mo_an_scale_x=&#8221;1&#8243; mo_an_scale_y=&#8221;1&#8243; mo_an_scale_z=&#8221;1&#8243; mo_an_opacity=&#8221;1&#8243; css=&#8221;.vc_custom_1621507134404{padding-top: 0px !important;padding-bottom: 40px !important;}&#8221; mo_init_translate_y=&#8221;71&#8243; mo_init_translate_z=&#8221;-92&#8243; mo_init_rotate_x=&#8221;-27&#8243; el_class=&#8221;tablet_column_full&#8221;][vc_column width=&#8221;1\/2&#8243;]\t\n    \t    <div class=\"fancy-image mo-img-group-single\" data-reveal=\"true\" data-reveal-options='{\"direction\":\"rl\",\"bgcolor\":\"\",\"delay\":\"\"}' data-roundness=\"yes\" data-shadow-style=\"yes\">\n\t\t\t<div class=\"mo-img-container-inner\"  >\n\t\t\t<figure><img decoding=\"async\" src=\"https:\/\/info.hestiahotels.com\/seaport\/wp-content\/uploads\/sites\/7\/2022\/02\/n8925c-1-12-1-1-1.jpg\" alt=\"image\" \/><\/figure>\t\n\t\t\t<\/div><!-- \/.mo-img-container-inner -->\n\t\t<\/div><!-- \/.fancy-image -->\n\t\t\t\n    [\/vc_column][vc_column width=&#8221;1\/2&#8243;][vc_empty_space height=&#8221;30px&#8221;]       \n      <div class=\"mo-title-box title-box-style1  text-left\"  ><h5>Hestia Hotel Seaport<\/h5><h3>Internet<\/h3> <\/div>\n    [vc_column_text]<br \/>\nK\u00f5ikides tubades ja \u00fcldkasutatavates ruumides on tasuta Wi-Fi-\u00fchendus.<br \/>\n<strong>Wi-Fi: <\/strong>Seaport Guest<br \/>\n<strong>Salas\u00f5na puudub<\/strong>[\/vc_column_text][vc_empty_space height=&#8221;30px&#8221;][\/vc_column][\/vc_row][vc_row content_animation=&#8221;yes&#8221; mo_init_scale_x=&#8221;1&#8243; mo_init_scale_y=&#8221;1&#8243; mo_init_scale_z=&#8221;1&#8243; mo_init_opacity=&#8221;0&#8243; mo_an_scale_x=&#8221;1&#8243; mo_an_scale_y=&#8221;1&#8243; mo_an_scale_z=&#8221;1&#8243; mo_an_opacity=&#8221;1&#8243; css=&#8221;.vc_custom_1621507089286{padding-top: 40px !important;padding-bottom: 40px !important;background-color: #f2f3f4 !important;}&#8221; mo_init_translate_y=&#8221;71&#8243; mo_init_translate_z=&#8221;-92&#8243; mo_init_rotate_x=&#8221;-27&#8243; el_class=&#8221;tablet_column_full&#8221;][vc_column width=&#8221;1\/2&#8243;][vc_empty_space height=&#8221;30px&#8221;]       \n      <div class=\"mo-title-box title-box-style1  text-left\"  ><h5>Hestia Hotel Seaport<\/h5><h3>TV kanalid<\/h3> <\/div>\n    [vc_empty_space height=&#8221;30px&#8221;][vc_column_text]1 Euronews<br \/>\n2 Bloomberg<br \/>\n3 Eurosport HD<br \/>\n4 MyHits<br \/>\n5 Yle TV1<br \/>\n6 NGC<br \/>\n7 Animal Planet<br \/>\n8 Travel HD<br \/>\n9 Fox<br \/>\n10 AMC<br \/>\n11 Duo3<br \/>\n12 MTV Europe<br \/>\n13 Fashion TV<br \/>\n14 Nickelodeon<br \/>\n15 Baby TV<br \/>\n16 Super RTL<br \/>\n17 France 24<br \/>\n18 DW Europe<br \/>\n19 Arte<br \/>\n20 RTL<br \/>\n21 \u041d\u0430\u0441\u0442\u043e\u044f\u0449\u0435\u0435 \u0432\u0440\u0435\u043c\u044f<br \/>\n22 TV3 life<br \/>\n23 SVT1 HD<br \/>\n24 TVE Internacional<br \/>\n25 CCTV-4<br \/>\n26 ETV HD<br \/>\n27 ETV2 HD<br \/>\n28 ETV+ HD<br \/>\n29 TV3 HD<br \/>\n30 TV6 HD<br \/>\n31 TV7[\/vc_column_text][\/vc_column][vc_column width=&#8221;1\/2&#8243;]\t\n    \t    <div class=\"fancy-image mo-img-group-single\" data-reveal=\"true\" data-reveal-options='{\"direction\":\"rl\",\"bgcolor\":\"\",\"delay\":\"\"}' data-roundness=\"yes\" data-shadow-style=\"yes\">\n\t\t\t<div class=\"mo-img-container-inner\"  >\n\t\t\t<figure><img decoding=\"async\" src=\"https:\/\/info.hestiahotels.com\/seaport\/wp-content\/uploads\/sites\/7\/2022\/02\/n8925c-1-12-1-2-1.jpg\" alt=\"image\" \/><\/figure>\t\n\t\t\t<\/div><!-- \/.mo-img-container-inner -->\n\t\t<\/div><!-- \/.fancy-image -->\n\t\t\t\n    [\/vc_column][\/vc_row]<\/p>\n<\/div>","protected":false},"excerpt":{"rendered":"<p>[vc_row css=&#8221;.vc_custom_1621088788434{padding-top: 80px !important;padding-bottom: 50px !important;background-position: center !important;background-repeat: no-repeat !important;background-size: cover !important;}&#8221;][vc_column][\/vc_column][\/vc_row][vc_row content_animation=&#8221;yes&#8221; mo_init_scale_x=&#8221;1&#8243; mo_init_scale_y=&#8221;1&#8243; mo_init_scale_z=&#8221;1&#8243; mo_init_opacity=&#8221;0&#8243; mo_an_scale_x=&#8221;1&#8243; mo_an_scale_y=&#8221;1&#8243; mo_an_scale_z=&#8221;1&#8243; mo_an_opacity=&#8221;1&#8243; css=&#8221;.vc_custom_1621507134404{padding-top: 0px !important;padding-bottom: 40px !important;}&#8221; mo_init_translate_y=&#8221;71&#8243; mo_init_translate_z=&#8221;-92&#8243; mo_init_rotate_x=&#8221;-27&#8243; el_class=&#8221;tablet_column_full&#8221;][vc_column width=&#8221;1\/2&#8243;][\/vc_column][vc_column width=&#8221;1\/2&#8243;][vc_empty_space height=&#8221;30px&#8221;][vc_column_text] K\u00f5ikides tubades ja \u00fcldkasutatavates ruumides on tasuta Wi-Fi-\u00fchendus. Wi-Fi: Seaport Guest Salas\u00f5na puudub[\/vc_column_text][vc_empty_space height=&#8221;30px&#8221;][\/vc_column][\/vc_row][vc_row content_animation=&#8221;yes&#8221; mo_init_scale_x=&#8221;1&#8243; mo_init_scale_y=&#8221;1&#8243; mo_init_scale_z=&#8221;1&#8243; mo_init_opacity=&#8221;0&#8243; mo_an_scale_x=&#8221;1&#8243; mo_an_scale_y=&#8221;1&#8243; mo_an_scale_z=&#8221;1&#8243; [&hellip;]<\/p>\n","protected":false},"author":2,"featured_media":0,"parent":0,"menu_order":0,"comment_status":"closed","ping_status":"closed","template":"","meta":{"inline_featured_image":false,"footnotes":""},"class_list":["post-1629","page","type-page","status-publish","hentry"],"_links":{"self":[{"href":"https:\/\/info.hestiahotels.com\/seaport\/wp-json\/wp\/v2\/pages\/1629","targetHints":{"allow":["GET"]}}],"collection":[{"href":"https:\/\/info.hestiahotels.com\/seaport\/wp-json\/wp\/v2\/pages"}],"about":[{"href":"https:\/\/info.hestiahotels.com\/seaport\/wp-json\/wp\/v2\/types\/page"}],"author":[{"embeddable":true,"href":"https:\/\/info.hestiahotels.com\/seaport\/wp-json\/wp\/v2\/users\/2"}],"replies":[{"embeddable":true,"href":"https:\/\/info.hestiahotels.com\/seaport\/wp-json\/wp\/v2\/comments?post=1629"}],"version-history":[{"count":3,"href":"https:\/\/info.hestiahotels.com\/seaport\/wp-json\/wp\/v2\/pages\/1629\/revisions"}],"predecessor-version":[{"id":2187,"href":"https:\/\/info.hestiahotels.com\/seaport\/wp-json\/wp\/v2\/pages\/1629\/revisions\/2187"}],"wp:attachment":[{"href":"https:\/\/info.hestiahotels.com\/seaport\/wp-json\/wp\/v2\/media?parent=1629"}],"curies":[{"name":"wp","href":"https:\/\/api.w.org\/{rel}","templated":true}]}}