{"id":1588,"date":"2021-05-20T13:07:48","date_gmt":"2021-05-20T10:07:48","guid":{"rendered":"https:\/\/info.hestiahotels.com\/haapsaluspa\/?page_id=1588"},"modified":"2025-08-07T11:54:25","modified_gmt":"2025-08-07T08:54:25","slug":"toitlustus","status":"publish","type":"page","link":"https:\/\/info.hestiahotels.com\/seaport\/toitlustus\/","title":{"rendered":"Toitlustus"},"content":{"rendered":"<div class=\"wpb-content-wrapper\"><p>[vc_row css=&#8221;.vc_custom_1621088788434{padding-top: 80px !important;padding-bottom: 50px !important;background-position: center !important;background-repeat: no-repeat !important;background-size: cover !important;}&#8221;][vc_column]       \n      <div class=\"mo-title-box title-box-style5  text-center\"  ><h3>Toitlustus<\/h3> <\/div>\n    [\/vc_column][\/vc_row][vc_row content_animation=&#8221;yes&#8221; mo_init_scale_x=&#8221;1&#8243; mo_init_scale_y=&#8221;1&#8243; mo_init_scale_z=&#8221;1&#8243; mo_init_opacity=&#8221;0&#8243; mo_an_scale_x=&#8221;1&#8243; mo_an_scale_y=&#8221;1&#8243; mo_an_scale_z=&#8221;1&#8243; mo_an_opacity=&#8221;1&#8243; css=&#8221;.vc_custom_1621507134404{padding-top: 0px !important;padding-bottom: 40px !important;}&#8221; mo_init_translate_y=&#8221;71&#8243; mo_init_translate_z=&#8221;-92&#8243; mo_init_rotate_x=&#8221;-27&#8243; el_class=&#8221;tablet_column_full&#8221;][vc_column width=&#8221;1\/2&#8243;]\t\n    \t    <div class=\"fancy-image mo-img-group-single\" data-reveal=\"true\" data-reveal-options='{\"direction\":\"rl\",\"bgcolor\":\"\",\"delay\":\"\"}' data-roundness=\"yes\" data-shadow-style=\"yes\">\n\t\t\t<div class=\"mo-img-container-inner\"  >\n\t\t\t<figure><img decoding=\"async\" src=\"https:\/\/info.hestiahotels.com\/seaport\/wp-content\/uploads\/sites\/7\/2022\/04\/Copy-of-Hestia-1920x1080-Landscape-Screen-12-1920x1080-1.jpg\" alt=\"image\" \/><\/figure>\t\n\t\t\t<\/div><!-- \/.mo-img-container-inner -->\n\t\t<\/div><!-- \/.fancy-image -->\n\t\t\t\n    [\/vc_column][vc_column width=&#8221;1\/2&#8243;][vc_empty_space height=&#8221;30px&#8221;]       \n      <div class=\"mo-title-box title-box-style1  text-left\"  ><h5>Hestia Hotel Seaport<\/h5><h3>Hommikus\u00f6\u00f6k<\/h3> <\/div>\n    [vc_empty_space height=&#8221;15px&#8221;][vc_column_text]Buffet hommikus\u00f6\u00f6k serveeritakse esimese korruse Food+Baar kohviku alal<strong>. <\/strong>Hommikus\u00f6\u00f6gimen\u00fc\u00fcs on traditsioonilised kuumad road: puder, ahjuomlett, lihapallid, munad ja kartulid. V\u00f5ileiva tegemiseks on k\u00f5ike head ja paremat: juustu, vorsti, k\u00f6\u00f6givilju, kala ja palju muud, lisaks puuvilju, m\u00fcslit, jogurtit, saia, leiba, croissante ja mahla. Hommikuti turgutab kuum hommikukohv \u2013 v\u00f5ta latte, cappuccino v\u00f5i must kohv \u2013 k\u00f5ik on valmis!<\/p>\n<p>Hommikus\u00f6\u00f6gi ajad:<br \/>\n<strong>E-R 07.00 \u2013 10.00<br \/>\nL-P ja riiklikud p\u00fchad 08.00 \u2013 11.00<\/strong><\/p>\n<p>Hommikus\u00f6\u00f6gi hind 17 \u20ac \/ in, lapsed 6 \u2013 12 aastat hind 9.50 \u20ac, kuni 5 aastased lapsed tasuta.<\/p>\n<p>Suvisel perioodil saab hommikus\u00f6\u00f6ki nautid \u00f5dusal v\u00e4literrassil.[\/vc_column_text][vc_empty_space height=&#8221;30px&#8221;][\/vc_column][\/vc_row][vc_row css=&#8221;.vc_custom_1652088567743{padding-top: 40px !important;padding-bottom: 40px !important;}&#8221;][vc_column][\/vc_column][\/vc_row][vc_row content_placement=&#8221;middle&#8221; css=&#8221;.vc_custom_1652088744904{padding-bottom: 40px !important;}&#8221;][vc_column width=&#8221;1\/4&#8243;][\/vc_column][vc_column width=&#8221;1\/4&#8243;][\/vc_column][vc_column width=&#8221;1\/4&#8243;][\/vc_column][vc_column width=&#8221;1\/4&#8243;][\/vc_column][\/vc_row]<\/p>\n<\/div>","protected":false},"excerpt":{"rendered":"<p>[vc_row css=&#8221;.vc_custom_1621088788434{padding-top: 80px !important;padding-bottom: 50px !important;background-position: center !important;background-repeat: no-repeat !important;background-size: cover !important;}&#8221;][vc_column][\/vc_column][\/vc_row][vc_row content_animation=&#8221;yes&#8221; mo_init_scale_x=&#8221;1&#8243; mo_init_scale_y=&#8221;1&#8243; mo_init_scale_z=&#8221;1&#8243; mo_init_opacity=&#8221;0&#8243; mo_an_scale_x=&#8221;1&#8243; mo_an_scale_y=&#8221;1&#8243; mo_an_scale_z=&#8221;1&#8243; mo_an_opacity=&#8221;1&#8243; css=&#8221;.vc_custom_1621507134404{padding-top: 0px !important;padding-bottom: 40px !important;}&#8221; mo_init_translate_y=&#8221;71&#8243; mo_init_translate_z=&#8221;-92&#8243; mo_init_rotate_x=&#8221;-27&#8243; el_class=&#8221;tablet_column_full&#8221;][vc_column width=&#8221;1\/2&#8243;][\/vc_column][vc_column width=&#8221;1\/2&#8243;][vc_empty_space height=&#8221;30px&#8221;][vc_empty_space height=&#8221;15px&#8221;][vc_column_text]Buffet hommikus\u00f6\u00f6k serveeritakse esimese korruse Food+Baar kohviku alal. Hommikus\u00f6\u00f6gimen\u00fc\u00fcs on traditsioonilised kuumad road: puder, ahjuomlett, lihapallid, munad ja kartulid. V\u00f5ileiva tegemiseks on [&hellip;]<\/p>\n","protected":false},"author":2,"featured_media":0,"parent":0,"menu_order":0,"comment_status":"closed","ping_status":"closed","template":"","meta":{"inline_featured_image":false,"footnotes":""},"class_list":["post-1588","page","type-page","status-publish","hentry"],"_links":{"self":[{"href":"https:\/\/info.hestiahotels.com\/seaport\/wp-json\/wp\/v2\/pages\/1588","targetHints":{"allow":["GET"]}}],"collection":[{"href":"https:\/\/info.hestiahotels.com\/seaport\/wp-json\/wp\/v2\/pages"}],"about":[{"href":"https:\/\/info.hestiahotels.com\/seaport\/wp-json\/wp\/v2\/types\/page"}],"author":[{"embeddable":true,"href":"https:\/\/info.hestiahotels.com\/seaport\/wp-json\/wp\/v2\/users\/2"}],"replies":[{"embeddable":true,"href":"https:\/\/info.hestiahotels.com\/seaport\/wp-json\/wp\/v2\/comments?post=1588"}],"version-history":[{"count":7,"href":"https:\/\/info.hestiahotels.com\/seaport\/wp-json\/wp\/v2\/pages\/1588\/revisions"}],"predecessor-version":[{"id":2258,"href":"https:\/\/info.hestiahotels.com\/seaport\/wp-json\/wp\/v2\/pages\/1588\/revisions\/2258"}],"wp:attachment":[{"href":"https:\/\/info.hestiahotels.com\/seaport\/wp-json\/wp\/v2\/media?parent=1588"}],"curies":[{"name":"wp","href":"https:\/\/api.w.org\/{rel}","templated":true}]}}