{"id":316,"date":"2019-10-09T16:25:19","date_gmt":"2019-10-09T13:25:19","guid":{"rendered":"http:\/\/motivoweb.com\/ruya\/demo\/?page_id=316"},"modified":"2025-12-19T14:03:28","modified_gmt":"2025-12-19T12:03:28","slug":"personal-landing","status":"publish","type":"page","link":"https:\/\/info.hestiahotels.com\/ilmarine\/","title":{"rendered":"Esileht"},"content":{"rendered":"<div class=\"wpb-content-wrapper\"><p>[vc_row row_separator=&#8221;curve&#8221; color_separator=&#8221;svg_white&#8221; content_bg_color=&#8221;bg-grey&#8221; css=&#8221;.vc_custom_1564708854662{background-position: center !important;background-repeat: no-repeat !important;background-size: cover !important;}&#8221;][vc_column][rev_slider_vc alias=&#8221;personal-landing&#8221;][\/vc_column][\/vc_row][vc_row content_animation=&#8221;yes&#8221; mo_init_scale_x=&#8221;1&#8243; mo_init_scale_y=&#8221;1&#8243; mo_init_scale_z=&#8221;1&#8243; mo_init_opacity=&#8221;0&#8243; mo_an_scale_x=&#8221;1&#8243; mo_an_scale_y=&#8221;1&#8243; mo_an_scale_z=&#8221;1&#8243; mo_an_opacity=&#8221;1&#8243; css=&#8221;.vc_custom_1621150065862{padding-top: 40px !important;padding-bottom: 10px !important;}&#8221; mo_init_translate_y=&#8221;71&#8243; mo_init_translate_z=&#8221;-92&#8243; mo_init_rotate_x=&#8221;-27&#8243; el_id=&#8221;loe&#8221;][vc_column][vc_row_inner][vc_column_inner width=&#8221;1\/3&#8243; css=&#8221;.vc_custom_1621080265142{padding-bottom: -15px !important;}&#8221;]       \n      <div class=\"mo-title-box title-box-style1  text-left\"  ><h5>Meie hotell<\/h5><h3>Hestia Hotel Ilmarine<\/h3> <\/div>\n    [\/vc_column_inner][vc_column_inner width=&#8221;2\/3&#8243; css=&#8221;.vc_custom_1621080502620{padding-top: -20px !important;}&#8221;][vc_column_text css=&#8221;.vc_custom_1766145804949{margin-bottom: 0px !important;padding-top: 20px !important;padding-right: 5% !important;}&#8221;]Hestia Hotel Ilmarine asub Tallinna vanalinna jalamil ja populaarse Kalamaja linnaosa \u00e4\u00e4res. Meie k\u00fclalised hindavad mugavust ja head asukohta koos erilise atmosf\u00e4\u00e4riga \u2013 hoone avar sisemus jutustab selle p\u00f5nevast t\u00f6\u00f6stuslikust ajaloost. Samuti algab omap\u00e4rane Kalamaja linnaosa hotelli k\u00f5rvalt, pakkudes mitmeid kohalikke populaarseid restorane.<\/p>\n<p><strong>Sisse- ja v\u00e4ljaregistreerimine<br \/>\n<\/strong>Sisseregistreerimine alates kell <strong>15.00<\/strong>.<br \/>\nHotellist v\u00e4ljaregistreerimine hiljemalt kell <strong>12.00<\/strong>.<\/p>\n<p>Kui soovite oma tuba kauem kasutada, on tasu s\u00f5ltuvalt broneerimistingimustest 10 \u20ac\/tund. Kui soovite hotellis viibimise aega pikendada, v\u00f5tke palun \u00fchendust vastuv\u00f5tuga.[\/vc_column_text][\/vc_column_inner][\/vc_row_inner][\/vc_column][\/vc_row][vc_row content_animation=&#8221;yes&#8221; mo_init_scale_x=&#8221;1&#8243; mo_init_scale_y=&#8221;1&#8243; mo_init_scale_z=&#8221;1&#8243; mo_init_opacity=&#8221;0&#8243; mo_an_scale_x=&#8221;1&#8243; mo_an_scale_y=&#8221;1&#8243; mo_an_scale_z=&#8221;1&#8243; mo_an_opacity=&#8221;1&#8243; css=&#8221;.vc_custom_1621149072018{padding-top: 30px !important;padding-bottom: 30px !important;}&#8221; mo_init_translate_y=&#8221;71&#8243; mo_init_translate_z=&#8221;-92&#8243; mo_init_rotate_x=&#8221;-27&#8243;][vc_column css=&#8221;.vc_custom_1621147368965{border-bottom-width: -30px !important;}&#8221;]       \n      <div class=\"mo-title-box title-box-style1  text-center\"  ><h3>Avasta meie hotelli<\/h3> <\/div>\n    [vc_row_inner css=&#8221;.vc_custom_1621147145469{padding-top: 20px !important;padding-bottom: 20px !important;}&#8221; el_class=&#8221;tablet_column_full&#8221;][vc_column_inner width=&#8221;1\/3&#8243;][vc_column_text css=&#8221;.vc_custom_1621079927331{padding-top: 10px !important;}&#8221;]<\/p>\n<h4 style=\"text-align: center\">Hotellitoad<\/h4>\n<p>[\/vc_column_text]\t<div class=\"image-box  image-box-style3\">\n        \n\t\t<div class=\"thumb-service\">\n\t\t\t<img decoding=\"async\" src=\"https:\/\/info.hestiahotels.com\/ilmarine\/wp-content\/uploads\/sites\/4\/2022\/04\/New-Project-13.jpg\" alt=\"Meie mugavad toad\"\/>\n\t\t<\/div><div class=\"title-wrap\">\n  <h6>Meie mugavad toad<\/h6><div class=\"content\">Hotellil on 105 k\u00fclalistuba interj\u00f6\u00f6riga, mis kajastab selle t\u00f6\u00f6stuslikku minevikku, pakkudes samas hubast mugavust.<\/div><a class=\"button btn-txt btn-txt-arrow dark hr_primary  bg_hr_primary\" href=\"\/ilmarine\/hotellitoad\/\" target=\"_self\"><span class=\"button-text\">Vaata l\u00e4hemalt<\/span> <span class=\"button-arrow\"><span class=\"button-icon\"><\/span><\/span><\/a> <\/div>\t<\/div>\n    [\/vc_column_inner][vc_column_inner width=&#8221;1\/3&#8243;][vc_column_text css=&#8221;.vc_custom_1648802857315{padding-top: 10px !important;}&#8221;]<\/p>\n<h4 style=\"text-align: center\">J\u00f5usaal<\/h4>\n<p>[\/vc_column_text]\t<div class=\"image-box  image-box-style3\">\n        \n\t\t<div class=\"thumb-service\">\n\t\t\t<img decoding=\"async\" src=\"https:\/\/info.hestiahotels.com\/ilmarine\/wp-content\/uploads\/sites\/4\/2022\/04\/New-Project-15-1.jpg\" alt=\"Kardio- ja j\u00f5utreeninguteks\"\/>\n\t\t<\/div><div class=\"title-wrap\">\n  <h6>Kardio- ja j\u00f5utreeninguteks<\/h6><div class=\"content\">Meil avatud iga p\u00e4ev tasuta j\u00f5usaal, et hoida teid v\u00e4rske ja tervena. J\u00f5usaal on varustatud professionaalsete seadmetega<\/div><a class=\"button btn-txt btn-txt-arrow dark hr_primary  bg_hr_primary\" href=\"\/ilmarine\/lisateenused\/#gym\" target=\"_self\"><span class=\"button-text\">Vaata l\u00e4hemalt<\/span> <span class=\"button-arrow\"><span class=\"button-icon\"><\/span><\/span><\/a> <\/div>\t<\/div>\n    [\/vc_column_inner][vc_column_inner width=&#8221;1\/3&#8243;][vc_column_text css=&#8221;.vc_custom_1651146320697{padding-top: 10px !important;}&#8221;]<\/p>\n<h4 style=\"text-align: center\">Hommikus\u00f6\u00f6k<\/h4>\n<p>[\/vc_column_text]\t<div class=\"image-box  image-box-style3\">\n        \n\t\t<div class=\"thumb-service\">\n\t\t\t<img decoding=\"async\" src=\"https:\/\/info.hestiahotels.com\/ilmarine\/wp-content\/uploads\/sites\/4\/2022\/04\/New-Project-14-1.jpg\" alt=\"Parim algus p\u00e4evale\"\/>\n\t\t<\/div><div class=\"title-wrap\">\n  <h6>Parim algus p\u00e4evale<\/h6><div class=\"content\">Hommikus\u00f6\u00f6ki serveerime hotelli esimesel korrusel asuvas restoranis. Pakume ka kaasav\u00f5etavat hommikus\u00f6\u00f6ki.<\/div><a class=\"button btn-txt btn-txt-arrow dark hr_primary  bg_hr_primary\" href=\"\/ilmarine\/toitlustus\/\" target=\"_self\"><span class=\"button-text\">Vaata l\u00e4hemalt<\/span> <span class=\"button-arrow\"><span class=\"button-icon\"><\/span><\/span><\/a> <\/div>\t<\/div>\n    [\/vc_column_inner][\/vc_row_inner][\/vc_column][\/vc_row][vc_row content_animation=&#8221;yes&#8221; mo_init_scale_x=&#8221;1&#8243; mo_init_scale_y=&#8221;1&#8243; mo_init_scale_z=&#8221;1&#8243; mo_init_opacity=&#8221;0&#8243; mo_an_scale_x=&#8221;1&#8243; mo_an_scale_y=&#8221;1&#8243; mo_an_scale_z=&#8221;1&#8243; mo_an_opacity=&#8221;1&#8243; css=&#8221;.vc_custom_1621148995627{padding-top: 30px !important;padding-bottom: 30px !important;}&#8221; mo_init_translate_y=&#8221;71&#8243; mo_init_translate_z=&#8221;-92&#8243; mo_init_rotate_x=&#8221;-27&#8243; el_class=&#8221;tablet_column_full&#8221;][vc_column width=&#8221;1\/2&#8243;]       \n      <div class=\"mo-title-box title-box-style1  text-left\"  ><h3>Teenused<\/h3><div class=\"content\">Lisaks majutusele pakub meie hotell ka erinevaid teenuseid. Sulle huvipakkuvaid teenuseid saad valida alt<\/div> <\/div>\n    [vc_empty_space height=&#8221;30px&#8221;][vc_row_inner][vc_column_inner][vc_column_text el_class=&#8221;nimekiri&#8221;]<\/p>\n<ul>\n<li><a href=\"\/ilmarine\/lisateenused\/#pesu\">Pesupesemisteenus<\/a><\/li>\n<li><a href=\"\/ilmarine\/lisateenused\/#pakihoid\">Pakihoid ja miniseifid<\/a><\/li>\n<li><a href=\"\/ilmarine\/lisateenused\/#gym\">J\u00f5usaal<\/a><\/li>\n<li><a href=\"\/ilmarine\/seminariruum\/\">Seminariruum<\/a><\/li>\n<\/ul>\n<p>[\/vc_column_text][\/vc_column_inner][\/vc_row_inner][\/vc_column][vc_column width=&#8221;1\/2&#8243;][vc_gallery type=&#8221;flexslider_slide&#8221; interval=&#8221;10&#8243; images=&#8221;2037,2039,2035,2041&#8243; img_size=&#8221;full&#8221; onclick=&#8221;&#8221; css_animation=&#8221;fadeIn&#8221; el_class=&#8221;slider&#8221;][\/vc_column][\/vc_row][vc_row content_animation=&#8221;yes&#8221; mo_init_scale_x=&#8221;1&#8243; mo_init_scale_y=&#8221;1&#8243; mo_init_scale_z=&#8221;1&#8243; mo_init_opacity=&#8221;0&#8243; mo_an_scale_x=&#8221;1&#8243; mo_an_scale_y=&#8221;1&#8243; mo_an_scale_z=&#8221;1&#8243; mo_an_opacity=&#8221;1&#8243; css=&#8221;.vc_custom_1621148995627{padding-top: 30px !important;padding-bottom: 30px !important;}&#8221; mo_init_translate_y=&#8221;71&#8243; mo_init_translate_z=&#8221;-92&#8243; mo_init_rotate_x=&#8221;-27&#8243; el_class=&#8221;tablet_column_full&#8221;][vc_column width=&#8221;1\/2&#8243;][vc_gallery type=&#8221;flexslider_slide&#8221; interval=&#8221;10&#8243; images=&#8221;2168,2166,2170&#8243; img_size=&#8221;full&#8221; onclick=&#8221;&#8221; css_animation=&#8221;fadeIn&#8221; el_class=&#8221;slider&#8221;][\/vc_column][vc_column width=&#8221;1\/2&#8243;]       \n      <div class=\"mo-title-box title-box-style1  text-left\"  ><h5>Hestia Hotel Ilmarine<\/h5><h3>Fookus j\u00e4tkusuutlikkusel<\/h3> <\/div>\n    [vc_empty_space height=&#8221;30px&#8221;][vc_column_text el_class=&#8221;nimekiri&#8221;]Ja\u0308tkusuutliku tuleviku eelduseks on olla ja\u0308tkusuutlikum juba ta\u0308na. Hestia Hotel Ilmarines saad astuda vastutustundlikumaid samme, olgu selleks ja\u0308a\u0308tmete sorteerimine, teadlik toidunautimine vo\u0303i lihtsalt hotellitoas nutikamalt tegutsemine. Oleme need tegevused meie hotellides la\u0308bi mo\u0303elnud, et ja\u0308tkusuutlikumad lahendused oleksid osa normaalsest igapa\u0308evast. Ka sinu valikutel ja tegevustel on sellele suur mo\u0303ju.<\/p>\n<p><strong>Focus Hestia<\/strong>\u00a0m\u00e4rgis t\u00e4histab infot ja nippe, kuidas teha hotellik\u00fclalisena keskkonnas\u00f5bralikumaid valikuid.<\/p>\n<p>Hestia Hotel Ilmarine on uhkusega ka rahvusvaheliselt tunnustatud keskkonnam\u00e4rgise\u00a0<a href=\"https:\/\/www.greenkey.global\/\"><strong>Green Key<\/strong><\/a>\u00a0omanik.[\/vc_column_text]     <div class=\"text-left \">\n       <a class=\"button btn-solid btn-txt-circle light hr_light bg_primary bg_hr_primary outline_grey outline_hr_grey large radius0 linear\"  href=\"\/ilmarine\/fookus-jatkusuutlikkusel\/\" target=\"_self\"><span class=\"button-text\">Loe lisa<\/span>\n                            <\/a> \n\t <\/div>\n    [\/vc_column][\/vc_row][vc_row content_animation=&#8221;yes&#8221; mo_init_scale_x=&#8221;1&#8243; mo_init_scale_y=&#8221;1&#8243; mo_init_scale_z=&#8221;1&#8243; mo_init_opacity=&#8221;0&#8243; mo_an_scale_x=&#8221;1&#8243; mo_an_scale_y=&#8221;1&#8243; mo_an_scale_z=&#8221;1&#8243; mo_an_opacity=&#8221;1&#8243; mo_init_translate_y=&#8221;72&#8243; mo_init_translate_z=&#8221;-93&#8243; mo_init_rotate_x=&#8221;-19&#8243; mo_start_delay=&#8221;200&#8243; el_id=&#8221;kontakt&#8221;][vc_column css=&#8221;.vc_custom_1621148179344{padding-top: 20px !important;padding-bottom: 20px !important;}&#8221;]       \n      <div class=\"mo-title-box title-box-style1  text-center\"  ><h3>V\u00f5ta meiega \u00fchendust<\/h3> <\/div>\n    [vc_column_text]<\/p>\n<p style=\"text-align: center\">Kiirete k\u00fcsimuste korral oleme sinu jaoks alati olemas. V\u00f5ta meiega julgelt \u00fchendust. Hotelli vastuv\u00f5tt asub esimesel korrusel ja on avatud 24h.<\/p>\n<p style=\"text-align: center\">Hotellisisene telefoninumber on:<strong> 900<\/strong><\/p>\n<p style=\"text-align: center\">K\u00f5ne teise tuppa:\u00a0<strong> toa number<\/strong><\/p>\n<p>[\/vc_column_text][vc_empty_space height=&#8221;30px&#8221;][vc_row_inner content_placement=&#8221;middle&#8221;][vc_column_inner width=&#8221;1\/2&#8243; css=&#8221;.vc_custom_1621148662968{padding-left: 10% !important;}&#8221;]\t\t<div class=\"service iconbox  icon-box-style6\" >\n\t\t    <div class=\"icon-wrap\"><i class=\"fas fa-envelope\"><\/i><\/div>\t\t  <div class=\"title-wrap\">\n\t\t\t   \t\t\t   <div class=\"content\"><h6><a href=\"mailto:info.ilmarine@hestiahotels.com\">info.ilmarine@hestiahotels.com<\/a><\/h6>\n<\/div>          <\/div>\n\t\t<\/div>\n        <div class=\"clearfix\"><\/div>\n    [\/vc_column_inner][vc_column_inner width=&#8221;1\/2&#8243; css=&#8221;.vc_custom_1621148676682{padding-right: 10% !important;}&#8221;]\t\t<div class=\"service iconbox  icon-box-style6\" >\n\t\t    <div class=\"icon-wrap\"><i class=\"fas fa-phone-alt\"><\/i><\/div>\t\t  <div class=\"title-wrap\">\n\t\t\t   \t\t\t   <div class=\"content\"><h6>Tel: <a href=\"tel:+3726140900\">+372 614 0900<\/a><\/h6>\n<\/div>          <\/div>\n\t\t<\/div>\n        <div class=\"clearfix\"><\/div>\n    [\/vc_column_inner][\/vc_row_inner][\/vc_column][\/vc_row][vc_row content_animation=&#8221;yes&#8221; mo_init_scale_x=&#8221;1&#8243; mo_init_scale_y=&#8221;1&#8243; mo_init_scale_z=&#8221;1&#8243; mo_init_opacity=&#8221;0&#8243; mo_an_scale_x=&#8221;1&#8243; mo_an_scale_y=&#8221;1&#8243; mo_an_scale_z=&#8221;1&#8243; mo_an_opacity=&#8221;1&#8243; css=&#8221;.vc_custom_1621080569273{padding-top: 40px !important;padding-bottom: 40px !important;}&#8221; mo_init_translate_y=&#8221;71&#8243; mo_init_translate_z=&#8221;-92&#8243; mo_init_rotate_x=&#8221;-27&#8243;][vc_column]       \n      <div class=\"mo-title-box title-box-style1  text-center\"  ><h5>Meie asukoht<\/h5><h3>Hotelli asukoht<\/h3><div class=\"content\">Asume aadressil P\u00f5hja pst. 21b, Tallinn, Eesti<\/div> <\/div>\n    [\/vc_column][\/vc_row][vc_row full_width=&#8221;stretch_row_content_no_spaces&#8221; css=&#8221;.vc_custom_1621020365926{margin-bottom: -45px !important;}&#8221;][vc_column][vc_column_text][\/vc_column_text][\/vc_column][\/vc_row]<\/p>\n<\/div>","protected":false},"excerpt":{"rendered":"<p>[vc_row row_separator=&#8221;curve&#8221; color_separator=&#8221;svg_white&#8221; content_bg_color=&#8221;bg-grey&#8221; css=&#8221;.vc_custom_1564708854662{background-position: center !important;background-repeat: no-repeat !important;background-size: cover !important;}&#8221;][vc_column][rev_slider_vc alias=&#8221;personal-landing&#8221;][\/vc_column][\/vc_row][vc_row content_animation=&#8221;yes&#8221; mo_init_scale_x=&#8221;1&#8243; mo_init_scale_y=&#8221;1&#8243; mo_init_scale_z=&#8221;1&#8243; mo_init_opacity=&#8221;0&#8243; mo_an_scale_x=&#8221;1&#8243; mo_an_scale_y=&#8221;1&#8243; mo_an_scale_z=&#8221;1&#8243; mo_an_opacity=&#8221;1&#8243; css=&#8221;.vc_custom_1621150065862{padding-top: 40px !important;padding-bottom: 10px !important;}&#8221; mo_init_translate_y=&#8221;71&#8243; mo_init_translate_z=&#8221;-92&#8243; mo_init_rotate_x=&#8221;-27&#8243; el_id=&#8221;loe&#8221;][vc_column][vc_row_inner][vc_column_inner width=&#8221;1\/3&#8243; css=&#8221;.vc_custom_1621080265142{padding-bottom: -15px !important;}&#8221;][\/vc_column_inner][vc_column_inner width=&#8221;2\/3&#8243; css=&#8221;.vc_custom_1621080502620{padding-top: -20px !important;}&#8221;][vc_column_text css=&#8221;.vc_custom_1766145804949{margin-bottom: 0px !important;padding-top: 20px !important;padding-right: 5% !important;}&#8221;]Hestia Hotel Ilmarine asub Tallinna vanalinna jalamil ja populaarse Kalamaja linnaosa [&hellip;]<\/p>\n","protected":false},"author":12,"featured_media":0,"parent":0,"menu_order":0,"comment_status":"closed","ping_status":"closed","template":"page-no-title-bar.php","meta":{"inline_featured_image":false,"footnotes":""},"class_list":["post-316","page","type-page","status-publish","hentry"],"_links":{"self":[{"href":"https:\/\/info.hestiahotels.com\/ilmarine\/wp-json\/wp\/v2\/pages\/316","targetHints":{"allow":["GET"]}}],"collection":[{"href":"https:\/\/info.hestiahotels.com\/ilmarine\/wp-json\/wp\/v2\/pages"}],"about":[{"href":"https:\/\/info.hestiahotels.com\/ilmarine\/wp-json\/wp\/v2\/types\/page"}],"author":[{"embeddable":true,"href":"https:\/\/info.hestiahotels.com\/ilmarine\/wp-json\/wp\/v2\/users\/12"}],"replies":[{"embeddable":true,"href":"https:\/\/info.hestiahotels.com\/ilmarine\/wp-json\/wp\/v2\/comments?post=316"}],"version-history":[{"count":21,"href":"https:\/\/info.hestiahotels.com\/ilmarine\/wp-json\/wp\/v2\/pages\/316\/revisions"}],"predecessor-version":[{"id":2201,"href":"https:\/\/info.hestiahotels.com\/ilmarine\/wp-json\/wp\/v2\/pages\/316\/revisions\/2201"}],"wp:attachment":[{"href":"https:\/\/info.hestiahotels.com\/ilmarine\/wp-json\/wp\/v2\/media?parent=316"}],"curies":[{"name":"wp","href":"https:\/\/api.w.org\/{rel}","templated":true}]}}