{"id":1978,"date":"2022-04-01T11:11:50","date_gmt":"2022-04-01T08:11:50","guid":{"rendered":"https:\/\/info.hestiahotels.com\/ilmarine\/?page_id=1978"},"modified":"2022-04-28T16:43:01","modified_gmt":"2022-04-28T13:43:01","slug":"meie-hotell","status":"publish","type":"page","link":"https:\/\/info.hestiahotels.com\/ilmarine\/meie-hotell\/","title":{"rendered":"Meie hotell"},"content":{"rendered":"<div class=\"wpb-content-wrapper\"><p>[vc_row css=&#8221;.vc_custom_1648800740873{padding-top: 40px !important;padding-bottom: 60px !important;}&#8221;][vc_column]       \n      <div class=\"mo-title-box title-box-style1  text-center\"  ><h3>\u00dcletatud ootused linna s\u00fcdames<\/h3> <\/div>\n    [vc_column_text]Hestia Hotel Ilmarine asub Tallinna vanalinna jalamil ja populaarse Kalamaja linnaosa \u00e4\u00e4res. Meie k\u00fclalised hindavad mugavust ja head asukohta koos erilise atmosf\u00e4\u00e4riga \u2013 hoone avar sisemus jutustab selle p\u00f5nevast t\u00f6\u00f6stuslikust ajaloost. Samuti algab omap\u00e4rane Kalamaja linnaosa hotelli k\u00f5rvalt, pakkudes mitmeid kohalikke populaarseid restorane.<br \/>\n[\/vc_column_text][\/vc_column][\/vc_row][vc_row][vc_column width=&#8221;1\/2&#8243;]       \n      <div class=\"mo-title-box title-box-style1  text-center\"  ><h5>Hestia Hotel Ilmarine<\/h5><h3>Hestia Hotel Ilmarine ajalugu<\/h3> <\/div>\n    [vc_column_text]Hestia Hotel Ilmarine asub kalamaja piirkonnas, mis on Tallinna \u00fcks vanemaid ning l\u00e4bi sajandite ka k\u00f5ige suuremaid eeslinnu.<\/p>\n<p>Kirjalikes allikates mainitakse Kalamaja esimest korda 1421. aastal, kuid selles ei kahtle keegi, et asustus oli seal juba tunduvalt varem. Arvatakse, et Suur-Patarei t\u00e4nava piirkonnas olid juba muinasajal \u00fcmberkaudsete k\u00fclade kalameeste ajutiselt kasutatavad hooned. S\u00f5na ,,maja&#8221; t\u00e4hendas algselt ajutist peatuspaika. Ka L\u00e4ti Henriku ,,Liivimaa kroonika&#8221; kasutab seda s\u00f5na korduvalt samas t\u00e4henduses.[\/vc_column_text][\/vc_column][vc_column width=&#8221;1\/2&#8243;]\t\n    \t    <div class=\"fancy-image mo-img-group-single\" >\n\t\t\t<div class=\"mo-img-container-inner\"  >\n\t\t\t<figure><img decoding=\"async\" src=\"https:\/\/info.hestiahotels.com\/ilmarine\/wp-content\/uploads\/sites\/4\/2022\/04\/Picture1-1.jpg\" alt=\"image\" \/><\/figure>\t\n\t\t\t<\/div><!-- \/.mo-img-container-inner -->\n\t\t<\/div><!-- \/.fancy-image -->\n\t\t\t\n    [\/vc_column][\/vc_row][vc_row][vc_column][vc_column_text]Kirjalikes allikates mainitakse alates 1352. aastast kalurite nimesid. V\u00f5ib arvata, et nad elasid Kalamajas. Selle piirkonna peamised asukad olid eestlased, rootslased ja soomlased. Ameti poolest oli nende seas m\u00fcndrikke &#8211; suuremate paatide juhte &#8211; k\u00e4sit\u00f6\u00f6lisi, kalureid ja veovoorimehi.<\/p>\n<p>Linnaosas oli juba 15. sajandi keskpaigast oma kirik. 1527. aasta nimestiku j\u00e4rgi oli Kalamajas 78 iseseisvat majapidamist. Vaatamata sellele, et majad olid v\u00e4ikesed, pidasid paljud peremehed all\u00fc\u00fcrnikke. Kalamajas oli soodne elada, mist\u00f5ttu kasvas sealne elanikkond j\u00f5udsalt ja see valmistas linnav\u00f5imudele suurt muret. Nad p\u00fc\u00fcdsid Kalamaja kasvu isegi piirata, kuid see ei andnud soovitud tulemusi.<\/p>\n<p>Kalamaja on korduvalt Tallinna piiramiste ajal maha p\u00f5letatud (1570,1710,1854), kuid alati taastatud. Tallinna suurimal eeslinnal on olnud t\u00e4htis koht meie rahvusliku linnakultuuri kujunemisel. Selle piirkonna kultuurilugu on erakordselt rikkalik. Siin kohti, mis on oluliselt m\u00f5jutanud Eesti iseseisvumist ning Vabaduss\u00f5ja k\u00e4iku.<\/p>\n<p><strong>ILMARINE<\/strong><\/p>\n<p>1880. aastal ostis Friedrich Wiegand Jahu t\u00e4nava ja P\u00f5hja puiestee vahelisel alal suure krundi (P\u00f5hja pst 27) ning rajas sinna arhitekt Nikolai Thamme ehitusprojekti j\u00e4rgi tolle aja kohta suurejoonelisi tehasekorpusi. Wiegand laiendas Kalamajas edukalt ettev\u00f5tet, vaatamata samal ajal Venemaal alanud t\u00f6\u00f6stuskriisile. Siin suudeti kimbatust v\u00e4ltida t\u00e4nu omaaegsele moodsale tehnoloogiale. Tehases pandi t\u00f6\u00f6le Tallinna esimene elektrijaam ja 1882. aastal asendati senine gaasivalgustus elektrivalgustusega. Ettev\u00f5te valmistas aurumasinaid, aurukatlaid ja viinavabrikute sisseseadeid. 1920. aastal ostis Wiegandi tehase aktsiaselts ,,Ilmarine&#8221;. Koos Eesti iseseisvumisega kadus avar Vene turg \u00fcmber tuli orienteeruda kohalikule ja L\u00e4\u00e4ne turule. See ei olnud kerge, kuid \u00f5nnestus taaskord t\u00e4nu edumeelsele tehnoloogiale. Teiseks masinatehase edu pandiks olid vilunud spetsialistid. 1923-1924 sai ,,Ilmarise&#8221; suuraktsion\u00e4rideks Puhkide perekond, kes rajas krundile v\u00f5imsa jahuveski. 1930. aastatel koosnes ,,Ilmarine&#8221; kolmest eraldi k\u00e4itisest: metalli-, jahu- ja makaronit\u00f6\u00f6stusest.<\/p>\n<p>Puhkide jahuveski k\u00f5rge elevaatoritorn lasti Teise maailmas\u00f5ja ajal \u00f5hku. Teise maailmas\u00f5ja j\u00e4rgselt tootis ,,Ilmarine&#8221; katelde automariseerimis- ja abiseadmeid. P\u00e4rast Eesti taasiseseisvumist rajati Kalamajas paiknenud t\u00f6\u00f6stuse asemele (algup\u00e4raseid paekivist v\u00e4lisseinu s\u00e4ilitades) Ilmarise Keskus ning Suur-Patarei t\u00e4nava \u00e4\u00e4rde kit\u0161ilik Ilmarise kvartal.<br \/>\nHestia Hotel Ilmarines saavad kokku sajanditevanune arhitektuur ning 21.sajandi mugavus.<\/p>\n<p>Ootame k\u00fclalisi, kes hindavad privaatsust ja mugavust, iga detaili t\u00e4iuslikkust ning leiavad tasakaalu enda jaoks uutes, kuid tegelikult sajandivanustes kogemustes.[\/vc_column_text][\/vc_column][\/vc_row]<\/p>\n<\/div>","protected":false},"excerpt":{"rendered":"<p>[vc_row css=&#8221;.vc_custom_1648800740873{padding-top: 40px !important;padding-bottom: 60px !important;}&#8221;][vc_column][vc_column_text]Hestia Hotel Ilmarine asub Tallinna vanalinna jalamil ja populaarse Kalamaja linnaosa \u00e4\u00e4res. Meie k\u00fclalised hindavad mugavust ja head asukohta koos erilise atmosf\u00e4\u00e4riga \u2013 hoone avar sisemus jutustab selle p\u00f5nevast t\u00f6\u00f6stuslikust ajaloost. Samuti algab omap\u00e4rane Kalamaja linnaosa hotelli k\u00f5rvalt, pakkudes mitmeid kohalikke populaarseid restorane. [\/vc_column_text][\/vc_column][\/vc_row][vc_row][vc_column width=&#8221;1\/2&#8243;][vc_column_text]Hestia Hotel Ilmarine asub kalamaja piirkonnas, [&hellip;]<\/p>\n","protected":false},"author":1,"featured_media":0,"parent":0,"menu_order":0,"comment_status":"closed","ping_status":"closed","template":"","meta":{"inline_featured_image":false,"footnotes":""},"class_list":["post-1978","page","type-page","status-publish","hentry"],"_links":{"self":[{"href":"https:\/\/info.hestiahotels.com\/ilmarine\/wp-json\/wp\/v2\/pages\/1978","targetHints":{"allow":["GET"]}}],"collection":[{"href":"https:\/\/info.hestiahotels.com\/ilmarine\/wp-json\/wp\/v2\/pages"}],"about":[{"href":"https:\/\/info.hestiahotels.com\/ilmarine\/wp-json\/wp\/v2\/types\/page"}],"author":[{"embeddable":true,"href":"https:\/\/info.hestiahotels.com\/ilmarine\/wp-json\/wp\/v2\/users\/1"}],"replies":[{"embeddable":true,"href":"https:\/\/info.hestiahotels.com\/ilmarine\/wp-json\/wp\/v2\/comments?post=1978"}],"version-history":[{"count":4,"href":"https:\/\/info.hestiahotels.com\/ilmarine\/wp-json\/wp\/v2\/pages\/1978\/revisions"}],"predecessor-version":[{"id":2081,"href":"https:\/\/info.hestiahotels.com\/ilmarine\/wp-json\/wp\/v2\/pages\/1978\/revisions\/2081"}],"wp:attachment":[{"href":"https:\/\/info.hestiahotels.com\/ilmarine\/wp-json\/wp\/v2\/media?parent=1978"}],"curies":[{"name":"wp","href":"https:\/\/api.w.org\/{rel}","templated":true}]}}