{"id":1768,"date":"2021-05-20T15:10:18","date_gmt":"2021-05-20T12:10:18","guid":{"rendered":"https:\/\/info.hestiahotels.com\/haapsaluspa\/?page_id=1768"},"modified":"2022-07-01T12:37:40","modified_gmt":"2022-07-01T09:37:40","slug":"hotellitoad","status":"publish","type":"page","link":"https:\/\/info.hestiahotels.com\/ilmarine\/hotellitoad\/","title":{"rendered":"Hotellitoad"},"content":{"rendered":"<div class=\"wpb-content-wrapper\"><p>[vc_row css=&#8221;.vc_custom_1621592408272{padding-top: 60px !important;padding-bottom: 0px !important;background-position: center !important;background-repeat: no-repeat !important;background-size: cover !important;}&#8221;][vc_column]       \n      <div class=\"mo-title-box title-box-style5  text-center\"  ><h3>Hotellitoad<\/h3> <\/div>\n    [vc_column_text]<\/p>\n<p style=\"text-align: center;\">Hotellil on 105 k\u00fclalistuba interj\u00f6\u00f6riga, mis kajastab selle t\u00f6\u00f6stuslikku minevikku, pakkudes samas hubast mugavust.<\/p>\n<p>[\/vc_column_text][\/vc_column][\/vc_row][vc_row css=&#8221;.vc_custom_1621592639754{padding-top: 10px !important;padding-bottom: 10px !important;background-position: center !important;background-repeat: no-repeat !important;background-size: cover !important;}&#8221;][vc_column css=&#8221;.vc_custom_1621592203034{padding-top: 40px !important;padding-bottom: 40px !important;}&#8221;][vc_message message_box_color=&#8221;white&#8221; el_class=&#8221;info&#8221;]\u00dcmbritsevale keskkonnale avaldab negatiivset m\u00f5ju r\u00e4tikute igap\u00e4evane pesemine. Nagisse riputatud k\u00e4ter\u00e4tiku puhul eeldame t\u00e4nulikult, et kasutate seda edasi. J\u00e4ttes froteer\u00e4tiku p\u00f5randale, annate meile m\u00e4rku soovist seda vahetada.[\/vc_message][\/vc_column][\/vc_row][vc_row content_animation=&#8221;yes&#8221; mo_init_scale_x=&#8221;1&#8243; mo_init_scale_y=&#8221;1&#8243; mo_init_scale_z=&#8221;1&#8243; mo_init_opacity=&#8221;0&#8243; mo_an_scale_x=&#8221;1&#8243; mo_an_scale_y=&#8221;1&#8243; mo_an_scale_z=&#8221;1&#8243; mo_an_opacity=&#8221;1&#8243; css=&#8221;.vc_custom_1621507562310{padding-top: 40px !important;padding-bottom: 40px !important;background-color: #f2f3f4 !important;}&#8221; mo_init_translate_y=&#8221;71&#8243; mo_init_translate_z=&#8221;-92&#8243; mo_init_rotate_x=&#8221;-27&#8243; el_class=&#8221;tablet_column_full&#8221;][vc_column width=&#8221;1\/2&#8243;][vc_empty_space height=&#8221;30px&#8221;]       \n      <div class=\"mo-title-box title-box-style1  text-left\"  ><h5>Hestia Hotel Ilmarine<\/h5><h3>Standardtuba<\/h3> <\/div>\n    [vc_column_text]Meie mugavad standardtoad on vaatega sise\u00f5uele v\u00f5i linnale. Juhtmevaba kiire interneti\u00fchendus ja j\u00f5usaali kasutamine on meie k\u00fclalistele tasuta.<\/p>\n<ul>\n<li>Toa suurus 19-21 m2<\/li>\n<li>\u00dcks lai v\u00f5i kaks eraldi voodit<\/li>\n<li>Du\u0161\u0161<\/li>\n<li>F\u00f6\u00f6n<\/li>\n<li>T\u00f6\u00f6laud tooliga<\/li>\n<li>LCD televiisor \/ raadio l\u00e4bi televiisori \/ telefon<\/li>\n<li>Minibaar<\/li>\n<li>Seif<\/li>\n<li>Toast reguleeritav konditsioneer<\/li>\n<li>Pimendavad kardinad<\/li>\n<li>Tee ja kohvi valmistamise v\u00f5imalus<\/li>\n<\/ul>\n<p>[\/vc_column_text][vc_empty_space height=&#8221;30px&#8221;][\/vc_column][vc_column width=&#8221;1\/2&#8243;]\t\n    \t    <div class=\"fancy-image mo-img-group-single\" data-reveal=\"true\" data-reveal-options='{\"direction\":\"rl\",\"bgcolor\":\"\",\"delay\":\"\"}' data-roundness=\"yes\" data-shadow-style=\"yes\">\n\t\t\t<div class=\"mo-img-container-inner\"  >\n\t\t\t<figure><img decoding=\"async\" src=\"https:\/\/info.hestiahotels.com\/ilmarine\/wp-content\/uploads\/sites\/4\/2022\/04\/IlmarineHestia19_2-22.jpg\" alt=\"image\" \/><\/figure>\t\n\t\t\t<\/div><!-- \/.mo-img-container-inner -->\n\t\t<\/div><!-- \/.fancy-image -->\n\t\t\t\n    [\/vc_column][\/vc_row][vc_row content_animation=&#8221;yes&#8221; mo_init_scale_x=&#8221;1&#8243; mo_init_scale_y=&#8221;1&#8243; mo_init_scale_z=&#8221;1&#8243; mo_init_opacity=&#8221;0&#8243; mo_an_scale_x=&#8221;1&#8243; mo_an_scale_y=&#8221;1&#8243; mo_an_scale_z=&#8221;1&#8243; mo_an_opacity=&#8221;1&#8243; css=&#8221;.vc_custom_1642415993775{padding-top: 40px !important;padding-bottom: 40px !important;}&#8221; mo_init_translate_y=&#8221;71&#8243; mo_init_translate_z=&#8221;-92&#8243; mo_init_rotate_x=&#8221;-27&#8243; el_class=&#8221;tablet_column_full&#8221;][vc_column width=&#8221;1\/2&#8243;]\t\n    \t    <div class=\"fancy-image mo-img-group-single\" data-reveal=\"true\" data-reveal-options='{\"direction\":\"rl\",\"bgcolor\":\"\",\"delay\":\"\"}' data-roundness=\"yes\" data-shadow-style=\"yes\">\n\t\t\t<div class=\"mo-img-container-inner\"  >\n\t\t\t<figure><img decoding=\"async\" src=\"https:\/\/info.hestiahotels.com\/ilmarine\/wp-content\/uploads\/sites\/4\/2022\/04\/IlmarineHestia19_2-23.jpg\" alt=\"image\" \/><\/figure>\t\n\t\t\t<\/div><!-- \/.mo-img-container-inner -->\n\t\t<\/div><!-- \/.fancy-image -->\n\t\t\t\n    [\/vc_column][vc_column width=&#8221;1\/2&#8243;][vc_empty_space height=&#8221;30px&#8221;]       \n      <div class=\"mo-title-box title-box-style1  text-left\"  ><h5>Hestia Hotel Ilmarine<\/h5><h3>Superior-tuba<\/h3> <\/div>\n    [vc_column_text]Superior toad on vaatega vaiksele sise\u00f5uele ja pakuvad t\u00e4iendavat mugavust kvaliteetse vannitoa kosmeetika, hommikumantlite ja susside n\u00e4ol. Juhtmevaba kiire interneti\u00fchendus ja j\u00f5usaali kasutamine on meie k\u00fclalistele tasuta.<\/p>\n<ul>\n<li>Toa suurus 19-21m2<\/li>\n<li>\u00dcks lai v\u00f5i kaks eraldi voodit<\/li>\n<li>Du\u0161\u0161<\/li>\n<li>F\u00f6\u00f6n<\/li>\n<li>T\u00f6\u00f6laud tooliga<\/li>\n<li>LCD televiisor \/ raadio l\u00e4bi televiisori \/ telefon<\/li>\n<li>Minibaar<\/li>\n<li>Seif<\/li>\n<li>Toast reguleeritav konditsioneer<\/li>\n<li>Pimendavad kardinad<\/li>\n<li>Tee ja kohvi valmistamise v\u00f5imalus<\/li>\n<li>Kvaliteetne vannitoa kosmeetika \/ hommikumantlid ja sussid<\/li>\n<\/ul>\n<p>[\/vc_column_text][vc_empty_space height=&#8221;30px&#8221;][\/vc_column][\/vc_row][vc_row content_animation=&#8221;yes&#8221; mo_init_scale_x=&#8221;1&#8243; mo_init_scale_y=&#8221;1&#8243; mo_init_scale_z=&#8221;1&#8243; mo_init_opacity=&#8221;0&#8243; mo_an_scale_x=&#8221;1&#8243; mo_an_scale_y=&#8221;1&#8243; mo_an_scale_z=&#8221;1&#8243; mo_an_opacity=&#8221;1&#8243; css=&#8221;.vc_custom_1621507562310{padding-top: 40px !important;padding-bottom: 40px !important;background-color: #f2f3f4 !important;}&#8221; mo_init_translate_y=&#8221;71&#8243; mo_init_translate_z=&#8221;-92&#8243; mo_init_rotate_x=&#8221;-27&#8243; el_class=&#8221;tablet_column_full&#8221;][vc_column width=&#8221;1\/2&#8243;][vc_empty_space height=&#8221;30px&#8221;]       \n      <div class=\"mo-title-box title-box-style1  text-left\"  ><h5>Hestia Hotel Ilmarine<\/h5><h3>Deluxe-tuba<\/h3> <\/div>\n    [vc_column_text]Avaratest tubadest avaneb vaade vaiksele sise\u00f5uele.\u00a0 Lisaks vannile pakub t\u00e4iendavat mugavust ka kvaliteetne vannitoa kosmeetika, hommikumantlid ja sussid. Igas toas on lahtik\u00e4iv diivan kuni kahele inimesele. Juhtmevaba kiire interneti\u00fchendus ja j\u00f5usaali kasutamine on meie k\u00fclalistele tasuta.<\/p>\n<ul>\n<li>Toa suurus 23-28m2<\/li>\n<li>\u00dcks lai v\u00f5i kaks eraldi voodit<\/li>\n<li>Vann<\/li>\n<li>F\u00f6\u00f6n<\/li>\n<li>T\u00f6\u00f6laud tooliga<\/li>\n<li>LCD televiisor \/ raadio l\u00e4bi televiisori \/ telefon<\/li>\n<li>Minibaar<\/li>\n<li>Seif<\/li>\n<li>Toast reguleeritav konditsioneer<\/li>\n<li>Pimendavad kardinad<\/li>\n<li>Tee ja kohvi valmistamise v\u00f5imalus<\/li>\n<li>Kvaliteetne vannitoa kosmeetika \/ hommikumantlid ja sussid<\/li>\n<li>Lahtik\u00e4iv diivan kuni kahele inimesele<\/li>\n<\/ul>\n<p>[\/vc_column_text][vc_empty_space height=&#8221;30px&#8221;][\/vc_column][vc_column width=&#8221;1\/2&#8243;]\t\n    \t    <div class=\"fancy-image mo-img-group-single\" data-reveal=\"true\" data-reveal-options='{\"direction\":\"rl\",\"bgcolor\":\"\",\"delay\":\"\"}' data-roundness=\"yes\" data-shadow-style=\"yes\">\n\t\t\t<div class=\"mo-img-container-inner\"  >\n\t\t\t<figure><img decoding=\"async\" src=\"https:\/\/info.hestiahotels.com\/ilmarine\/wp-content\/uploads\/sites\/4\/2022\/04\/deluxe.jpg\" alt=\"image\" \/><\/figure>\t\n\t\t\t<\/div><!-- \/.mo-img-container-inner -->\n\t\t<\/div><!-- \/.fancy-image -->\n\t\t\t\n    [\/vc_column][\/vc_row]<\/p>\n<\/div>","protected":false},"excerpt":{"rendered":"<p>[vc_row css=&#8221;.vc_custom_1621592408272{padding-top: 60px !important;padding-bottom: 0px !important;background-position: center !important;background-repeat: no-repeat !important;background-size: cover !important;}&#8221;][vc_column][vc_column_text] Hotellil on 105 k\u00fclalistuba interj\u00f6\u00f6riga, mis kajastab selle t\u00f6\u00f6stuslikku minevikku, pakkudes samas hubast mugavust. [\/vc_column_text][\/vc_column][\/vc_row][vc_row css=&#8221;.vc_custom_1621592639754{padding-top: 10px !important;padding-bottom: 10px !important;background-position: center !important;background-repeat: no-repeat !important;background-size: cover !important;}&#8221;][vc_column css=&#8221;.vc_custom_1621592203034{padding-top: 40px !important;padding-bottom: 40px !important;}&#8221;][vc_message message_box_color=&#8221;white&#8221; el_class=&#8221;info&#8221;]\u00dcmbritsevale keskkonnale avaldab negatiivset m\u00f5ju r\u00e4tikute igap\u00e4evane pesemine. Nagisse riputatud k\u00e4ter\u00e4tiku [&hellip;]<\/p>\n","protected":false},"author":2,"featured_media":0,"parent":0,"menu_order":0,"comment_status":"closed","ping_status":"closed","template":"","meta":{"inline_featured_image":false,"footnotes":""},"class_list":["post-1768","page","type-page","status-publish","hentry"],"_links":{"self":[{"href":"https:\/\/info.hestiahotels.com\/ilmarine\/wp-json\/wp\/v2\/pages\/1768","targetHints":{"allow":["GET"]}}],"collection":[{"href":"https:\/\/info.hestiahotels.com\/ilmarine\/wp-json\/wp\/v2\/pages"}],"about":[{"href":"https:\/\/info.hestiahotels.com\/ilmarine\/wp-json\/wp\/v2\/types\/page"}],"author":[{"embeddable":true,"href":"https:\/\/info.hestiahotels.com\/ilmarine\/wp-json\/wp\/v2\/users\/2"}],"replies":[{"embeddable":true,"href":"https:\/\/info.hestiahotels.com\/ilmarine\/wp-json\/wp\/v2\/comments?post=1768"}],"version-history":[{"count":7,"href":"https:\/\/info.hestiahotels.com\/ilmarine\/wp-json\/wp\/v2\/pages\/1768\/revisions"}],"predecessor-version":[{"id":2115,"href":"https:\/\/info.hestiahotels.com\/ilmarine\/wp-json\/wp\/v2\/pages\/1768\/revisions\/2115"}],"wp:attachment":[{"href":"https:\/\/info.hestiahotels.com\/ilmarine\/wp-json\/wp\/v2\/media?parent=1768"}],"curies":[{"name":"wp","href":"https:\/\/api.w.org\/{rel}","templated":true}]}}