{"id":1629,"date":"2021-05-20T14:10:06","date_gmt":"2021-05-20T11:10:06","guid":{"rendered":"https:\/\/info.hestiahotels.com\/haapsaluspa\/?page_id=1629"},"modified":"2022-04-28T16:45:00","modified_gmt":"2022-04-28T13:45:00","slug":"tv-ja-internet","status":"publish","type":"page","link":"https:\/\/info.hestiahotels.com\/ilmarine\/tv-ja-internet\/","title":{"rendered":"TV ja internet"},"content":{"rendered":"<div class=\"wpb-content-wrapper\"><p>[vc_row css=&#8221;.vc_custom_1621088788434{padding-top: 80px !important;padding-bottom: 50px !important;background-position: center !important;background-repeat: no-repeat !important;background-size: cover !important;}&#8221;][vc_column]       \n      <div class=\"mo-title-box title-box-style5  text-center\"  ><h3>TV ja internet<\/h3> <\/div>\n    [\/vc_column][\/vc_row][vc_row content_animation=&#8221;yes&#8221; mo_init_scale_x=&#8221;1&#8243; mo_init_scale_y=&#8221;1&#8243; mo_init_scale_z=&#8221;1&#8243; mo_init_opacity=&#8221;0&#8243; mo_an_scale_x=&#8221;1&#8243; mo_an_scale_y=&#8221;1&#8243; mo_an_scale_z=&#8221;1&#8243; mo_an_opacity=&#8221;1&#8243; css=&#8221;.vc_custom_1621507134404{padding-top: 0px !important;padding-bottom: 40px !important;}&#8221; mo_init_translate_y=&#8221;71&#8243; mo_init_translate_z=&#8221;-92&#8243; mo_init_rotate_x=&#8221;-27&#8243; el_class=&#8221;tablet_column_full&#8221;][vc_column width=&#8221;1\/2&#8243;]\t\n    \t    <div class=\"fancy-image mo-img-group-single\" data-reveal=\"true\" data-reveal-options='{\"direction\":\"rl\",\"bgcolor\":\"\",\"delay\":\"\"}' data-roundness=\"yes\" data-shadow-style=\"yes\">\n\t\t\t<div class=\"mo-img-container-inner\"  >\n\t\t\t<figure><img decoding=\"async\" src=\"https:\/\/info.hestiahotels.com\/ilmarine\/wp-content\/uploads\/sites\/4\/2022\/02\/n8925c-1-12-1-1-1.jpg\" alt=\"image\" \/><\/figure>\t\n\t\t\t<\/div><!-- \/.mo-img-container-inner -->\n\t\t<\/div><!-- \/.fancy-image -->\n\t\t\t\n    [\/vc_column][vc_column width=&#8221;1\/2&#8243;][vc_empty_space height=&#8221;30px&#8221;]       \n      <div class=\"mo-title-box title-box-style1  text-left\"  ><h5>Hestia Hotel Ilmarine<\/h5><h3>Internet<\/h3> <\/div>\n    [vc_column_text]K\u00fclalised saavad kogu \u00f6\u00f6p\u00e4eva jooksul kasutada fuajees asuvat kliendiarvutit.<\/p>\n<p>K\u00f5ikides tubades ja \u00fcldkasutatavates ruumides on tasuta Wi-Fi-\u00fchendus.<br \/>\n<strong>Wi-Fi: <\/strong>Hestia Hotel Ilmarine<br \/>\n<strong>Sala\u00f5na: <\/strong>ilmarineguest[\/vc_column_text][vc_empty_space height=&#8221;30px&#8221;][\/vc_column][\/vc_row][vc_row content_animation=&#8221;yes&#8221; mo_init_scale_x=&#8221;1&#8243; mo_init_scale_y=&#8221;1&#8243; mo_init_scale_z=&#8221;1&#8243; mo_init_opacity=&#8221;0&#8243; mo_an_scale_x=&#8221;1&#8243; mo_an_scale_y=&#8221;1&#8243; mo_an_scale_z=&#8221;1&#8243; mo_an_opacity=&#8221;1&#8243; css=&#8221;.vc_custom_1621507089286{padding-top: 40px !important;padding-bottom: 40px !important;background-color: #f2f3f4 !important;}&#8221; mo_init_translate_y=&#8221;71&#8243; mo_init_translate_z=&#8221;-92&#8243; mo_init_rotate_x=&#8221;-27&#8243; el_class=&#8221;tablet_column_full&#8221;][vc_column width=&#8221;1\/2&#8243;][vc_empty_space height=&#8221;30px&#8221;]       \n      <div class=\"mo-title-box title-box-style1  text-left\"  ><h5>Hestia Hotel Ilmarine<\/h5><h3>TV kanalid<\/h3> <\/div>\n    [vc_empty_space height=&#8221;30px&#8221;][vc_column_text]1 ETV<br \/>\n2 ETV2<br \/>\n3 ETV+<br \/>\n4 TV 3<br \/>\n5 TV 6<br \/>\n6 TV7<br \/>\n7 Eurosport 1<br \/>\n8 &#8211;<br \/>\n9 Fox (filmikanal)<br \/>\n10 AMC (filmikanal)<br \/>\n11 YLE TV1<br \/>\n12 National Geographic channel<br \/>\n13 Animal Planet<br \/>\n14 3+<br \/>\n15 Travel Channel<br \/>\n16 MTV Europe<br \/>\n17 Fashion TV<br \/>\n18 Nickelodeon (laste)<br \/>\n19 Baby TV (laste)<br \/>\n20 Super RTL<br \/>\n21 SVT 1<br \/>\n22 CCTV-4<br \/>\n23 RTL<br \/>\n24 Arte<br \/>\n25 Euronews<br \/>\n26 DW Europe<br \/>\n27 France 24<br \/>\n28 TVE International<br \/>\n29 Bloomberg<br \/>\n30 Duo 3[\/vc_column_text][\/vc_column][vc_column width=&#8221;1\/2&#8243;]\t\n    \t    <div class=\"fancy-image mo-img-group-single\" data-reveal=\"true\" data-reveal-options='{\"direction\":\"rl\",\"bgcolor\":\"\",\"delay\":\"\"}' data-roundness=\"yes\" data-shadow-style=\"yes\">\n\t\t\t<div class=\"mo-img-container-inner\"  >\n\t\t\t<figure><img decoding=\"async\" src=\"https:\/\/info.hestiahotels.com\/ilmarine\/wp-content\/uploads\/sites\/4\/2022\/02\/n8925c-1-12-1-2-1.jpg\" alt=\"image\" \/><\/figure>\t\n\t\t\t<\/div><!-- \/.mo-img-container-inner -->\n\t\t<\/div><!-- \/.fancy-image -->\n\t\t\t\n    [\/vc_column][\/vc_row]<\/p>\n<\/div>","protected":false},"excerpt":{"rendered":"<p>[vc_row css=&#8221;.vc_custom_1621088788434{padding-top: 80px !important;padding-bottom: 50px !important;background-position: center !important;background-repeat: no-repeat !important;background-size: cover !important;}&#8221;][vc_column][\/vc_column][\/vc_row][vc_row content_animation=&#8221;yes&#8221; mo_init_scale_x=&#8221;1&#8243; mo_init_scale_y=&#8221;1&#8243; mo_init_scale_z=&#8221;1&#8243; mo_init_opacity=&#8221;0&#8243; mo_an_scale_x=&#8221;1&#8243; mo_an_scale_y=&#8221;1&#8243; mo_an_scale_z=&#8221;1&#8243; mo_an_opacity=&#8221;1&#8243; css=&#8221;.vc_custom_1621507134404{padding-top: 0px !important;padding-bottom: 40px !important;}&#8221; mo_init_translate_y=&#8221;71&#8243; mo_init_translate_z=&#8221;-92&#8243; mo_init_rotate_x=&#8221;-27&#8243; el_class=&#8221;tablet_column_full&#8221;][vc_column width=&#8221;1\/2&#8243;][\/vc_column][vc_column width=&#8221;1\/2&#8243;][vc_empty_space height=&#8221;30px&#8221;][vc_column_text]K\u00fclalised saavad kogu \u00f6\u00f6p\u00e4eva jooksul kasutada fuajees asuvat kliendiarvutit. K\u00f5ikides tubades ja \u00fcldkasutatavates ruumides on tasuta Wi-Fi-\u00fchendus. Wi-Fi: Hestia Hotel Ilmarine Sala\u00f5na: ilmarineguest[\/vc_column_text][vc_empty_space [&hellip;]<\/p>\n","protected":false},"author":2,"featured_media":0,"parent":0,"menu_order":0,"comment_status":"closed","ping_status":"closed","template":"","meta":{"inline_featured_image":false,"footnotes":""},"class_list":["post-1629","page","type-page","status-publish","hentry"],"_links":{"self":[{"href":"https:\/\/info.hestiahotels.com\/ilmarine\/wp-json\/wp\/v2\/pages\/1629","targetHints":{"allow":["GET"]}}],"collection":[{"href":"https:\/\/info.hestiahotels.com\/ilmarine\/wp-json\/wp\/v2\/pages"}],"about":[{"href":"https:\/\/info.hestiahotels.com\/ilmarine\/wp-json\/wp\/v2\/types\/page"}],"author":[{"embeddable":true,"href":"https:\/\/info.hestiahotels.com\/ilmarine\/wp-json\/wp\/v2\/users\/2"}],"replies":[{"embeddable":true,"href":"https:\/\/info.hestiahotels.com\/ilmarine\/wp-json\/wp\/v2\/comments?post=1629"}],"version-history":[{"count":6,"href":"https:\/\/info.hestiahotels.com\/ilmarine\/wp-json\/wp\/v2\/pages\/1629\/revisions"}],"predecessor-version":[{"id":2085,"href":"https:\/\/info.hestiahotels.com\/ilmarine\/wp-json\/wp\/v2\/pages\/1629\/revisions\/2085"}],"wp:attachment":[{"href":"https:\/\/info.hestiahotels.com\/ilmarine\/wp-json\/wp\/v2\/media?parent=1629"}],"curies":[{"name":"wp","href":"https:\/\/api.w.org\/{rel}","templated":true}]}}