{"id":1588,"date":"2021-05-20T13:07:48","date_gmt":"2021-05-20T10:07:48","guid":{"rendered":"https:\/\/info.hestiahotels.com\/haapsaluspa\/?page_id=1588"},"modified":"2022-05-09T12:32:26","modified_gmt":"2022-05-09T09:32:26","slug":"toitlustus","status":"publish","type":"page","link":"https:\/\/info.hestiahotels.com\/ilmarine\/toitlustus\/","title":{"rendered":"Toitlustus"},"content":{"rendered":"<div class=\"wpb-content-wrapper\"><p>[vc_row css=&#8221;.vc_custom_1621088788434{padding-top: 80px !important;padding-bottom: 50px !important;background-position: center !important;background-repeat: no-repeat !important;background-size: cover !important;}&#8221;][vc_column]       \n      <div class=\"mo-title-box title-box-style5  text-center\"  ><h3>Toitlustus<\/h3> <\/div>\n    [\/vc_column][\/vc_row][vc_row content_animation=&#8221;yes&#8221; mo_init_scale_x=&#8221;1&#8243; mo_init_scale_y=&#8221;1&#8243; mo_init_scale_z=&#8221;1&#8243; mo_init_opacity=&#8221;0&#8243; mo_an_scale_x=&#8221;1&#8243; mo_an_scale_y=&#8221;1&#8243; mo_an_scale_z=&#8221;1&#8243; mo_an_opacity=&#8221;1&#8243; css=&#8221;.vc_custom_1621507134404{padding-top: 0px !important;padding-bottom: 40px !important;}&#8221; mo_init_translate_y=&#8221;71&#8243; mo_init_translate_z=&#8221;-92&#8243; mo_init_rotate_x=&#8221;-27&#8243; el_class=&#8221;tablet_column_full&#8221;][vc_column width=&#8221;1\/2&#8243;]\t\n    \t    <div class=\"fancy-image mo-img-group-single\" data-reveal=\"true\" data-reveal-options='{\"direction\":\"rl\",\"bgcolor\":\"\",\"delay\":\"\"}' data-roundness=\"yes\" data-shadow-style=\"yes\">\n\t\t\t<div class=\"mo-img-container-inner\"  >\n\t\t\t<figure><img decoding=\"async\" src=\"https:\/\/info.hestiahotels.com\/ilmarine\/wp-content\/uploads\/sites\/4\/2022\/04\/Copy-of-Hestia-1920x1080-Landscape-Screen-12-1920x1080-1.jpg\" alt=\"image\" \/><\/figure>\t\n\t\t\t<\/div><!-- \/.mo-img-container-inner -->\n\t\t<\/div><!-- \/.fancy-image -->\n\t\t\t\n    [\/vc_column][vc_column width=&#8221;1\/2&#8243;][vc_empty_space height=&#8221;30px&#8221;]       \n      <div class=\"mo-title-box title-box-style1  text-left\"  ><h5>Hestia Hotel Ilmarine<\/h5><h3>Hommikus\u00f6\u00f6k<\/h3> <\/div>\n    [vc_empty_space height=&#8221;30px&#8221;][vc_column_text]<strong>Hommikus\u00f6\u00f6ki pakutakse 1. korruse restoranis.<\/strong><\/p>\n<p><strong>E\u2013R<\/strong> 7.30\u201310.00<\/p>\n<p><strong>L, P ja riiklikel p\u00fchadel<\/strong> 8.00\u201311.00<\/p>\n<p>Varase lahkumise korral saab tellida kaasav\u00f5etava hommikus\u00f6\u00f6gi.<br \/>\nPalun teavitage sellest soovist vastuv\u00f5tulauda eelneval p\u00e4eval enne kella 12.00.<\/p>\n<p>T\u00e4psem teave vastuv\u00f5tulauast.<\/p>\n<p>Kergemad sn\u00e4kid ja joogid on saadaval vastuv\u00f5tust 24\/7.[\/vc_column_text][vc_empty_space height=&#8221;30px&#8221;][\/vc_column][\/vc_row][vc_row content_animation=&#8221;yes&#8221; mo_init_scale_x=&#8221;1&#8243; mo_init_scale_y=&#8221;1&#8243; mo_init_scale_z=&#8221;1&#8243; mo_init_opacity=&#8221;0&#8243; mo_an_scale_x=&#8221;1&#8243; mo_an_scale_y=&#8221;1&#8243; mo_an_scale_z=&#8221;1&#8243; mo_an_opacity=&#8221;1&#8243; css=&#8221;.vc_custom_1651146881425{padding-top: 0px !important;padding-bottom: 40px !important;background-color: #f2f3f4 !important;}&#8221; mo_init_translate_y=&#8221;71&#8243; mo_init_translate_z=&#8221;-92&#8243; mo_init_rotate_x=&#8221;-27&#8243; el_class=&#8221;tablet_column_full&#8221;][vc_column width=&#8221;1\/2&#8243;][vc_empty_space height=&#8221;30px&#8221;]       \n      <div class=\"mo-title-box title-box-style1  text-left\"  ><h5>Hestia Hotel Ilmarine<\/h5><h3>Restoran Wiegand<\/h3> <\/div>\n    [vc_empty_space height=&#8221;30px&#8221;][vc_column_text]Restoran Wiegand asub hotelli esimesel korrusel ja on eraldatud kaheks alaks: baariala on hubane lounge mugavate diivanite ja pehme valgusega. Ning restoranialal s\u00f5bralikud teenindajad ja peakokk \u00fcllatavad sind kindlasti k\u00fcllusliku hommikus\u00f6\u00f6giga.<\/p>\n<p>Oleme avatud ainult hommikus\u00f6\u00f6giks.[\/vc_column_text][vc_empty_space height=&#8221;30px&#8221;][\/vc_column][vc_column width=&#8221;1\/2&#8243;]\t\n    \t    <div class=\"fancy-image mo-img-group-single\" data-reveal=\"true\" data-reveal-options='{\"direction\":\"rl\",\"bgcolor\":\"\",\"delay\":\"\"}' data-roundness=\"yes\" data-shadow-style=\"yes\">\n\t\t\t<div class=\"mo-img-container-inner\"  >\n\t\t\t<figure><img decoding=\"async\" src=\"https:\/\/info.hestiahotels.com\/ilmarine\/wp-content\/uploads\/sites\/4\/2022\/04\/Pildid-13.jpg\" alt=\"image\" \/><\/figure>\t\n\t\t\t<\/div><!-- \/.mo-img-container-inner -->\n\t\t<\/div><!-- \/.fancy-image -->\n\t\t\t\n    [\/vc_column][\/vc_row][vc_row css=&#8221;.vc_custom_1652088567743{padding-top: 40px !important;padding-bottom: 40px !important;}&#8221;][vc_column]       \n      <div class=\"mo-title-box title-box-style1  text-center\"  ><h3>Joogid &amp; Sn\u00e4kid<\/h3> <\/div>\n    [\/vc_column][\/vc_row][vc_row content_placement=&#8221;middle&#8221; css=&#8221;.vc_custom_1652088744904{padding-bottom: 40px !important;}&#8221;][vc_column width=&#8221;1\/4&#8243;][\/vc_column][vc_column width=&#8221;1\/4&#8243;][vc_column_text]\u00d5lu <strong>5.50 \u20ac<\/strong><br \/>\nPunane vein <strong>7.00 \u20ac<\/strong><br \/>\nValge vein <strong>7.00 \u20ac<\/strong><br \/>\nViin <strong>5.00 \u20ac<\/strong><br \/>\nRumm <strong>6.00 \u20ac<\/strong><br \/>\nJ\u00e4germeister <strong>7.00 \u20ac<\/strong><br \/>\nVana Tallinn <strong>5.50 \u20ac<\/strong><br \/>\nViski <strong>7.50 \u20ac<\/strong><br \/>\nKonjak <strong>10.00 \u20ac<\/strong>[\/vc_column_text][\/vc_column][vc_column width=&#8221;1\/4&#8243;][vc_column_text]Kohv <strong>2.00 \u20ac<\/strong><br \/>\nTee <strong>2.00 \u20ac<\/strong><br \/>\nVesi <strong>2.50 \u20ac<\/strong><br \/>\nCoca-Cola <strong>3.00 \u20ac<\/strong><br \/>\nSmuuti <strong>3.50 \u20ac<\/strong><\/p>\n<p>Kartulikr\u00f5psud <strong>2.50 \u20ac<\/strong><br \/>\nSoolatud maap\u00e4hklid <strong>2.50 \u20ac<\/strong>[\/vc_column_text][\/vc_column][vc_column width=&#8221;1\/4&#8243;][\/vc_column][\/vc_row]<\/p>\n<\/div>","protected":false},"excerpt":{"rendered":"<p>[vc_row css=&#8221;.vc_custom_1621088788434{padding-top: 80px !important;padding-bottom: 50px !important;background-position: center !important;background-repeat: no-repeat !important;background-size: cover !important;}&#8221;][vc_column][\/vc_column][\/vc_row][vc_row content_animation=&#8221;yes&#8221; mo_init_scale_x=&#8221;1&#8243; mo_init_scale_y=&#8221;1&#8243; mo_init_scale_z=&#8221;1&#8243; mo_init_opacity=&#8221;0&#8243; mo_an_scale_x=&#8221;1&#8243; mo_an_scale_y=&#8221;1&#8243; mo_an_scale_z=&#8221;1&#8243; mo_an_opacity=&#8221;1&#8243; css=&#8221;.vc_custom_1621507134404{padding-top: 0px !important;padding-bottom: 40px !important;}&#8221; mo_init_translate_y=&#8221;71&#8243; mo_init_translate_z=&#8221;-92&#8243; mo_init_rotate_x=&#8221;-27&#8243; el_class=&#8221;tablet_column_full&#8221;][vc_column width=&#8221;1\/2&#8243;][\/vc_column][vc_column width=&#8221;1\/2&#8243;][vc_empty_space height=&#8221;30px&#8221;][vc_empty_space height=&#8221;30px&#8221;][vc_column_text]Hommikus\u00f6\u00f6ki pakutakse 1. korruse restoranis. E\u2013R 7.30\u201310.00 L, P ja riiklikel p\u00fchadel 8.00\u201311.00 Varase lahkumise korral saab tellida kaasav\u00f5etava hommikus\u00f6\u00f6gi. Palun teavitage [&hellip;]<\/p>\n","protected":false},"author":2,"featured_media":0,"parent":0,"menu_order":0,"comment_status":"closed","ping_status":"closed","template":"","meta":{"inline_featured_image":false,"footnotes":""},"class_list":["post-1588","page","type-page","status-publish","hentry"],"_links":{"self":[{"href":"https:\/\/info.hestiahotels.com\/ilmarine\/wp-json\/wp\/v2\/pages\/1588","targetHints":{"allow":["GET"]}}],"collection":[{"href":"https:\/\/info.hestiahotels.com\/ilmarine\/wp-json\/wp\/v2\/pages"}],"about":[{"href":"https:\/\/info.hestiahotels.com\/ilmarine\/wp-json\/wp\/v2\/types\/page"}],"author":[{"embeddable":true,"href":"https:\/\/info.hestiahotels.com\/ilmarine\/wp-json\/wp\/v2\/users\/2"}],"replies":[{"embeddable":true,"href":"https:\/\/info.hestiahotels.com\/ilmarine\/wp-json\/wp\/v2\/comments?post=1588"}],"version-history":[{"count":17,"href":"https:\/\/info.hestiahotels.com\/ilmarine\/wp-json\/wp\/v2\/pages\/1588\/revisions"}],"predecessor-version":[{"id":2095,"href":"https:\/\/info.hestiahotels.com\/ilmarine\/wp-json\/wp\/v2\/pages\/1588\/revisions\/2095"}],"wp:attachment":[{"href":"https:\/\/info.hestiahotels.com\/ilmarine\/wp-json\/wp\/v2\/media?parent=1588"}],"curies":[{"name":"wp","href":"https:\/\/api.w.org\/{rel}","templated":true}]}}