{"id":725,"date":"2019-10-16T00:59:57","date_gmt":"2019-10-15T21:59:57","guid":{"rendered":"http:\/\/motivoweb.com\/ruya\/demo\/?page_id=725"},"modified":"2023-11-03T11:23:59","modified_gmt":"2023-11-03T09:23:59","slug":"seminariruumid","status":"publish","type":"page","link":"https:\/\/info.hestiahotels.com\/haapsaluspa\/seminariruumid\/","title":{"rendered":"Seminariruumid"},"content":{"rendered":"<div class=\"wpb-content-wrapper\"><p>[vc_row css=&#8221;.vc_custom_1621088788434{padding-top: 80px !important;padding-bottom: 50px !important;background-position: center !important;background-repeat: no-repeat !important;background-size: cover !important;}&#8221;][vc_column]       \n      <div class=\"mo-title-box title-box-style5  text-center\"  ><h3>Seminariruumid<\/h3><div class=\"content\">Meie juures saab rentida erinevaid seminariruume. Seminariruumid on sobilikud koosolekuteks, \u00f5ppeklassiks ja erinevateks koolitusteks. Ruumide laudade ja toolide paigutust saab muuta kliendi soovide j\u00e4rgi. Lisaks tellida toitlustust ja tehnikat.<\/p>\n<p>Seminariruumid asuvad 1. ja 2.  korrusel.<\/div> <\/div>\n    [\/vc_column][\/vc_row][vc_row content_animation=&#8221;yes&#8221; mo_init_scale_x=&#8221;1&#8243; mo_init_scale_y=&#8221;1&#8243; mo_init_scale_z=&#8221;1&#8243; mo_init_opacity=&#8221;0&#8243; mo_an_scale_x=&#8221;1&#8243; mo_an_scale_y=&#8221;1&#8243; mo_an_scale_z=&#8221;1&#8243; mo_an_opacity=&#8221;1&#8243; css=&#8221;.vc_custom_1621507551885{padding-bottom: 40px !important;}&#8221; mo_init_translate_y=&#8221;71&#8243; mo_init_translate_z=&#8221;-92&#8243; mo_init_rotate_x=&#8221;-27&#8243; el_class=&#8221;tablet_column_full&#8221;][vc_column width=&#8221;1\/2&#8243;]\t\n    \t    <div class=\"fancy-image mo-img-group-single\" data-reveal=\"true\" data-reveal-options='{\"direction\":\"rl\",\"bgcolor\":\"\",\"delay\":\"\"}' data-roundness=\"yes\" data-shadow-style=\"yes\">\n\t\t\t<div class=\"mo-img-container-inner\"  >\n\t\t\t<figure><img decoding=\"async\" src=\"https:\/\/info.hestiahotels.com\/haapsaluspa\/wp-content\/uploads\/sites\/2\/2021\/05\/pexels-photo-3183169.jpeg\" alt=\"image\" \/><\/figure>\t\n\t\t\t<\/div><!-- \/.mo-img-container-inner -->\n\t\t<\/div><!-- \/.fancy-image -->\n\t\t\t\n    [\/vc_column][vc_column width=&#8221;1\/2&#8243;][vc_empty_space height=&#8221;30px&#8221;]       \n      <div class=\"mo-title-box title-box-style1  text-left\"  ><h5>Hestia Hotel Haapsalu Spa<\/h5><h3>V\u00e4ike viik<\/h3><div class=\"content\"> Vii l\u00e4bi ajur\u00fcnnak, koosolek v\u00f5i arutage lihtsalt olulisi teemasid meie inspireerivas \u00f5hkkonnas. Imeline mere\u00e4\u00e4rne asukoht, spaam\u00f5nud ja hea toit loovad erilise \u00f5hkkonna. Ruumis on esitlustehnika ning tasuta WiFi.<\/div> <\/div>\n    [vc_empty_space height=&#8221;30px&#8221;][vc_row_inner css=&#8221;.vc_custom_1621088752871{padding-right: 10px !important;padding-left: 10px !important;}&#8221;][vc_column_inner width=&#8221;1\/3&#8243;][vc_single_image image=&#8221;1493&#8243; img_size=&#8221;full&#8221; alignment=&#8221;center&#8221;][vc_column_text]<\/p>\n<div>\n<p style=\"text-align: center\"><strong>Teater<\/strong><br \/>\n15 inimest<\/p>\n<\/div>\n<p>[\/vc_column_text][\/vc_column_inner][vc_column_inner width=&#8221;1\/3&#8243;][vc_single_image image=&#8221;1495&#8243; img_size=&#8221;full&#8221; alignment=&#8221;center&#8221;][vc_column_text]<\/p>\n<div>\n<p style=\"text-align: center\"><strong>U-kujuline<br \/>\n<\/strong>10 inimest<\/p>\n<\/div>\n<p>[\/vc_column_text][\/vc_column_inner][vc_column_inner width=&#8221;1\/3&#8243;][vc_single_image image=&#8221;1491&#8243; img_size=&#8221;full&#8221; alignment=&#8221;center&#8221;][vc_column_text]<\/p>\n<p style=\"text-align: center\"><strong>Klassiruum<\/strong><br \/>\n10 inimest<\/p>\n<p>[\/vc_column_text][\/vc_column_inner][\/vc_row_inner][\/vc_column][\/vc_row][vc_row content_animation=&#8221;yes&#8221; mo_init_scale_x=&#8221;1&#8243; mo_init_scale_y=&#8221;1&#8243; mo_init_scale_z=&#8221;1&#8243; mo_init_opacity=&#8221;0&#8243; mo_an_scale_x=&#8221;1&#8243; mo_an_scale_y=&#8221;1&#8243; mo_an_scale_z=&#8221;1&#8243; mo_an_opacity=&#8221;1&#8243; css=&#8221;.vc_custom_1621507562310{padding-top: 40px !important;padding-bottom: 40px !important;background-color: #f2f3f4 !important;}&#8221; mo_init_translate_y=&#8221;71&#8243; mo_init_translate_z=&#8221;-92&#8243; mo_init_rotate_x=&#8221;-27&#8243; el_class=&#8221;tablet_column_full&#8221;][vc_column width=&#8221;1\/2&#8243;][vc_empty_space height=&#8221;30px&#8221;]       \n      <div class=\"mo-title-box title-box-style1  text-left\"  ><h5>Hestia Hotel Haapsalu Spa<\/h5><h3>Suur viik<\/h3><div class=\"content\">Meie suurem seminarisaal mahutab kuni 20 inimest. Vii l\u00e4bi ajur\u00fcnnak, koosolek v\u00f5i arutage lihtsalt olulisi teemasid meie inspireerivas keskkonnas. Imeline mere\u00e4\u00e4rne asukoht, spaam\u00f5nud ja hea toit loovad erilise \u00f5hkkonna. Ruumis on esitlustehnika ning tasuta WiFi. Seminarisaal on varustatud jahutusega, mis tagab m\u00f5nusalt v\u00e4rske \u00f5hu, kuid ruumil puudub loomulik valgus.<\/div> <\/div>\n    [vc_empty_space height=&#8221;30px&#8221;][vc_row_inner css=&#8221;.vc_custom_1621088752871{padding-right: 10px !important;padding-left: 10px !important;}&#8221;][vc_column_inner width=&#8221;1\/3&#8243;][vc_single_image image=&#8221;1493&#8243; img_size=&#8221;full&#8221; alignment=&#8221;center&#8221;][vc_column_text]<\/p>\n<div>\n<p style=\"text-align: center\"><strong>Teater<\/strong><br \/>\n26 inimest<\/p>\n<\/div>\n<p>[\/vc_column_text][\/vc_column_inner][vc_column_inner width=&#8221;1\/3&#8243;][vc_single_image image=&#8221;1495&#8243; img_size=&#8221;full&#8221; alignment=&#8221;center&#8221;][vc_column_text]<\/p>\n<div>\n<p style=\"text-align: center\"><strong>U-kujuline<br \/>\n<\/strong>20 inimest<\/p>\n<\/div>\n<p>[\/vc_column_text][\/vc_column_inner][vc_column_inner width=&#8221;1\/3&#8243;][vc_single_image image=&#8221;1491&#8243; img_size=&#8221;full&#8221; alignment=&#8221;center&#8221;][vc_column_text]<\/p>\n<p style=\"text-align: center\"><strong>Klassiruum<\/strong><br \/>\n20 inimest<\/p>\n<p>[\/vc_column_text][\/vc_column_inner][\/vc_row_inner][\/vc_column][vc_column width=&#8221;1\/2&#8243;]\t\n    \t    <div class=\"fancy-image mo-img-group-single\" data-reveal=\"true\" data-reveal-options='{\"direction\":\"rl\",\"bgcolor\":\"\",\"delay\":\"\"}' data-roundness=\"yes\" data-shadow-style=\"yes\">\n\t\t\t<div class=\"mo-img-container-inner\"  >\n\t\t\t<figure><img decoding=\"async\" src=\"https:\/\/info.hestiahotels.com\/haapsaluspa\/wp-content\/uploads\/sites\/2\/2021\/05\/pexels-photo-3760093.jpg\" alt=\"image\" \/><\/figure>\t\n\t\t\t<\/div><!-- \/.mo-img-container-inner -->\n\t\t<\/div><!-- \/.fancy-image -->\n\t\t\t\n    [\/vc_column][\/vc_row]<\/p>\n<\/div>","protected":false},"excerpt":{"rendered":"<p>[vc_row css=&#8221;.vc_custom_1621088788434{padding-top: 80px !important;padding-bottom: 50px !important;background-position: center !important;background-repeat: no-repeat !important;background-size: cover !important;}&#8221;][vc_column][\/vc_column][\/vc_row][vc_row content_animation=&#8221;yes&#8221; mo_init_scale_x=&#8221;1&#8243; mo_init_scale_y=&#8221;1&#8243; mo_init_scale_z=&#8221;1&#8243; mo_init_opacity=&#8221;0&#8243; mo_an_scale_x=&#8221;1&#8243; mo_an_scale_y=&#8221;1&#8243; mo_an_scale_z=&#8221;1&#8243; mo_an_opacity=&#8221;1&#8243; css=&#8221;.vc_custom_1621507551885{padding-bottom: 40px !important;}&#8221; mo_init_translate_y=&#8221;71&#8243; mo_init_translate_z=&#8221;-92&#8243; mo_init_rotate_x=&#8221;-27&#8243; el_class=&#8221;tablet_column_full&#8221;][vc_column width=&#8221;1\/2&#8243;][\/vc_column][vc_column width=&#8221;1\/2&#8243;][vc_empty_space height=&#8221;30px&#8221;][vc_empty_space height=&#8221;30px&#8221;][vc_row_inner css=&#8221;.vc_custom_1621088752871{padding-right: 10px !important;padding-left: 10px !important;}&#8221;][vc_column_inner width=&#8221;1\/3&#8243;][vc_single_image image=&#8221;1493&#8243; img_size=&#8221;full&#8221; alignment=&#8221;center&#8221;][vc_column_text] Teater 15 inimest [\/vc_column_text][\/vc_column_inner][vc_column_inner width=&#8221;1\/3&#8243;][vc_single_image image=&#8221;1495&#8243; img_size=&#8221;full&#8221; alignment=&#8221;center&#8221;][vc_column_text] U-kujuline 10 inimest [\/vc_column_text][\/vc_column_inner][vc_column_inner width=&#8221;1\/3&#8243;][vc_single_image image=&#8221;1491&#8243; [&hellip;]<\/p>\n","protected":false},"author":2,"featured_media":0,"parent":0,"menu_order":0,"comment_status":"closed","ping_status":"closed","template":"","meta":{"inline_featured_image":false,"footnotes":""},"class_list":["post-725","page","type-page","status-publish","hentry"],"_links":{"self":[{"href":"https:\/\/info.hestiahotels.com\/haapsaluspa\/wp-json\/wp\/v2\/pages\/725","targetHints":{"allow":["GET"]}}],"collection":[{"href":"https:\/\/info.hestiahotels.com\/haapsaluspa\/wp-json\/wp\/v2\/pages"}],"about":[{"href":"https:\/\/info.hestiahotels.com\/haapsaluspa\/wp-json\/wp\/v2\/types\/page"}],"author":[{"embeddable":true,"href":"https:\/\/info.hestiahotels.com\/haapsaluspa\/wp-json\/wp\/v2\/users\/2"}],"replies":[{"embeddable":true,"href":"https:\/\/info.hestiahotels.com\/haapsaluspa\/wp-json\/wp\/v2\/comments?post=725"}],"version-history":[{"count":28,"href":"https:\/\/info.hestiahotels.com\/haapsaluspa\/wp-json\/wp\/v2\/pages\/725\/revisions"}],"predecessor-version":[{"id":2119,"href":"https:\/\/info.hestiahotels.com\/haapsaluspa\/wp-json\/wp\/v2\/pages\/725\/revisions\/2119"}],"wp:attachment":[{"href":"https:\/\/info.hestiahotels.com\/haapsaluspa\/wp-json\/wp\/v2\/media?parent=725"}],"curies":[{"name":"wp","href":"https:\/\/api.w.org\/{rel}","templated":true}]}}