{"id":1979,"date":"2022-03-23T15:55:29","date_gmt":"2022-03-23T13:55:29","guid":{"rendered":"https:\/\/info.hestiahotels.com\/haapsaluspa\/?page_id=1979"},"modified":"2023-10-23T11:24:13","modified_gmt":"2023-10-23T08:24:13","slug":"heaoluspaa-hoolitsused","status":"publish","type":"page","link":"https:\/\/info.hestiahotels.com\/haapsaluspa\/heaoluspaa-hoolitsused\/","title":{"rendered":"Heaoluspaa hoolitsused"},"content":{"rendered":"<div class=\"wpb-content-wrapper\"><p>[vc_row css=&#8221;.vc_custom_1648046207411{padding-top: 80px !important;padding-bottom: 20px !important;background-position: center !important;background-repeat: no-repeat !important;background-size: cover !important;}&#8221;][vc_column]       \n      <div class=\"mo-title-box title-box-style5  text-center\"  ><h3>Heaoluspaa hoolitsused<\/h3> <\/div>\n    [\/vc_column][\/vc_row][vc_row css=&#8221;.vc_custom_1648046119951{padding-top: 40px !important;padding-bottom: 40px !important;background-position: center !important;background-repeat: no-repeat !important;background-size: cover !important;}&#8221;][vc_column][vc_tta_tabs style=&#8221;modern&#8221; shape=&#8221;square&#8221; spacing=&#8221;2&#8243; active_section=&#8221;1&#8243;][vc_tta_section title=&#8221;Muda ja teraapia&#8221; tab_id=&#8221;1648045818500-22f0bc41-f2df&#8221;][vc_column_text]<\/p>\n<h5><strong>Muda ja teraapia &#8211; <\/strong>Hooli endast- ennetamine on k\u00f5ige alus!<\/h5>\n<p><strong>Massaa\u017e Haapsalu ravimudaga 60 min, 55 \u20ac<\/strong><\/p>\n<p>Massaa\u017e Haapsalu ravimudaga on kooriva ja raviva toimega. Massaa\u017e soodustab liigse vedeliku ja j\u00e4\u00e4kainete eritumist kehast, elavdab ainevahetust, l\u00f5\u00f5gastab ja aitab ravida kroonilisi p\u00f5letikke. Massaa\u017ei alguses pannakse seljale Haapsalu ravimuda m\u00e4his. M\u00e4hise ajal masseeritakse kogu keha klassikalise massaa\u017ei v\u00f5tetega. Viimasena eemaldatakse m\u00e4his ja masseeritakse selg.<\/p>\n<p><strong>Ravimuda-turba salendav kehahoolitsus 75 min, 65 \u20ac<\/strong><\/p>\n<p>Keha kooritakse vetikakoorijaga ning seej\u00e4rel kantakse kehale ravimuda turbasegu m\u00e4his. Ravimuda turbasegu on eriti v\u00f5imas kooslus, viimased v\u00f5imendavad \u00fcheskoos \u00fcksteise raviomadusi. Ravimuda turbaga kooslus on p\u00f5letikke \u2013ja valusid leevendav, pingeid maandav, ainevahetust kiirendav ning j\u00e4\u00e4kained v\u00e4ljutav. Hoolduse l\u00f5petab niisutava kreemiga tehtav kerge kehamassaa\u017e. Soovi korral pakume p\u00e4rast hoolitsust savijooki, mis t\u00e4nu rohkele mineraalainete sisaldusele ergutab vereringet, m\u00f5jub h\u00e4sti lihastele ning puhastab organismi, mist\u00f5ttu on see hea toetaja kehale puhastuskuuride ja dieetide ajal.<\/p>\n<p><strong>Seljahoolitsus ravimudaga 45 min, 47 \u20ac<\/strong><\/p>\n<p>Selg kooritakse vetikakoorijaga ning seej\u00e4rel m\u00e4\u00e4ritakse seljale soojendatud ravimuda m\u00e4his. Mudam\u00e4his omab suurep\u00e4rast nahka s\u00fcgavpuhastavat ja koorivat toimet. Mudas leiduvad mikroelemendid parandavad ainevahetust ning suurendavad oluliselt naha varustatust niiskusega. Seej\u00e4rel tehakse seljale ravimuda massaa\u017eikreemiga kerge massaa\u017e. Soovi korral pakume p\u00e4rast hoolitsust savijooki, mis t\u00e4nu rohkele mineraalainete sisaldusele ergutab vereringet, m\u00f5jub h\u00e4sti lihastele ning puhastab organismi, mist\u00f5ttu on see hea toetaja kehale puhastuskuuride ja dieetide ajal.<\/p>\n<p><strong>Mudateraapia Haapsalu ravimudaga 15 min, 40 \u20ac<\/strong><\/p>\n<p>Soe muda on kroonilisi liigeshaigusi ja psoriaasi raviv, valusid leevendav, ainevahetust ja rakulist uuenemist kiirendav, kehast liigset vedelikku ning j\u00e4\u00e4kaineid eemaldav hoolitsus, mida tehakse kogu kehale.<\/p>\n<p><strong>Soolakamber 30 min, 11 \u20ac<\/strong><\/p>\n<p>Alla 3a lapsed tasuta. Soolakamber ehk haloteraapia on to\u0303hus hingamisteede probleemide, astma, krooniliste nahahaiguste ja stressi ning \u00fclev\u00e4simuse puhul. Klient istub seansi ajal soolakambris, kus mahedat valgust pakkuva soolalambi ja meeldiva muusika saatel hingab sisse kambrisse pihustatavat imepeent soola-aerosooli.<\/p>\n<p><strong>M\u00e4evahaga soojendus 20 min, 11 \u20ac<\/strong><\/p>\n<p>M\u00e4evahaga soojendus on lokaalne soojaprotseduur, mis sobib h\u00e4sti pinges lihaste l\u00f5\u00f5gastamiseks (n\u00e4iteks enne massaa\u017ei) v\u00f5i valu ja p\u00f5letiku leevendajana ning vereringe parandajana krooniliste liigesh\u00e4dade puhul.<\/p>\n<p><strong>Automaatne vesimassaa\u017e mudaekstraktiga 15 min, 23 \u20ac<\/strong><\/p>\n<p>Mudas leiduvad mikroelemendid parandavad ainevahetust ning suurendavad oluliselt naha varustatust niiskusega. T\u00e4nu E-vitamiini sisaldusele omab ravimuda tugevat antioks\u00fcdeerimisv\u00f5imet ning stimuleerib kudede regeneratsiooni. Taastab kudede elastsuse ja tekstuuri, nahk saab tagasi oma s\u00e4ra ja eluj\u00f5u.<\/p>\n<p><strong>Massaa\u017e vesivoodil 20 min, 12 \u20ac<\/strong><\/p>\n<p>Massaa\u017e elastse kattega vesivoodil on rahustav, l\u00f5\u00f5gastav ning stressi maandav. Massaa\u017ei tehakse \u00fclakehast jalgade suunas. P\u00f6\u00f6rlevad veejoad j\u00e4ljendavad klassikalise massaa\u017ei p\u00f5hiliikumisi.<\/p>\n<p><strong>Ravimuda, magneesiumi ja lavendliga jalgade keerisvann 15 min, 17 \u20ac<\/strong><\/p>\n<p>Ravimuda vanniekstraktiga jalavann aitab parandada ainevahetust ja verevarustust kudedes, mille tagaj\u00e4rjel alanevad v\u00f5i taanduvad p\u00f5letikulised ja traumaatilised protsessid. Ravimuda ja lisatud magneesium leevendavad lihaspingeid ja valu liigestes, lavendel aga m\u00f5jub rahustavalt.[\/vc_column_text][\/vc_tta_section][vc_tta_section title=&#8221;Vesi&#8221; tab_id=&#8221;1648045818530-4a951fbd-586c&#8221;][vc_column_text]<\/p>\n<h5>Vesi &#8211; Ilu, tervise ja hingelise tasakaalu s\u00e4ilitamiseks<\/h5>\n<p><strong>Veealune massaaz\u030c (manuaalne vesimassaa\u017e) 15 min, 26 \u20ac<\/strong><\/p>\n<p>Manuaalne veealune massaa\u017e parandab vereringet, ainevahetust ja lihastoonust ning maandab stressi. Massaa\u017ei k\u00e4igus masseerib mass\u00f6\u00f6r 0,6 &#8211; 1,5 atm. survega veejoa abil kogu keha, alustades jalgadest ja l\u00f5petades kaela piirkonnas. Treeninguj\u00e4rgselt l\u00f5dvestab massaa\u017e lihaseid, mis takistab piimhappe kogunemist, v\u00e4hendab valu ja kiirendab taastumist.<\/p>\n<p><strong>L\u00f5\u00f5gastav, ergutav \u00fcrdivann 15 min, 20 \u20ac<\/strong><\/p>\n<p>Automaatne vesimassaa\u017e parandab sarnaselt klassikalisele massaa\u017eile vereringet ja ainevahetust ning on \u00fcle\u00fcldise lo\u0303o\u0303gastava toimega. Automaatse vesimassaa\u017eivanni po\u0303hjas ja k\u00fclgedel on d\u00fc\u00fcsid, millest v\u00e4ljuvad surveveejoad masseerivad keha, v\u00e4hendades lihaspingeid ja leevendades valu. Vannivesi sisaldab vastavalt kliendi soovile organismi taastavaid ja tervistavaid \u00fcrte.<\/p>\n<p><strong>Maasikal\u00f5hnaline vahuvann lastele 15 min, 18 \u20ac<\/strong><\/p>\n<p>Maasikal\u00f5hnaline vahuvann, mis on tehtud suhkrust ja jahust ja maasikavahust&#8230;tiigrist ja konnast ja kutsikah\u00e4nnast&#8230;<\/p>\n<p><strong>Jugadu\u0161\u0161 ehk Charcot-du\u0161\u0161 10 min, 20 \u20ac<\/strong><\/p>\n<p>Charcot-du\u0161\u0161 on tugeva survega ja kahe suunatava veejoaga tehtav massaa\u017e seisvale inimesele. Du\u0161\u0161 on ergutav, parandab naha ja nahaaluste kudede verevarustust ja ainevahetust sobides selle to\u0303ttu ka tselluliidiraviks. Toimib h\u00e4sti istuvast eluviisist tingitud turja- ja alaseljavaevuste leevendamiseks. Kombineeritult dieedi ja vo\u0303imlemisega on du\u0161\u0161 abiks kehakaalu langetamisel.[\/vc_column_text][\/vc_tta_section][vc_tta_section title=&#8221;Keha&#8221; tab_id=&#8221;1648045898169-f4f7fe9e-956a&#8221;][vc_column_text]<\/p>\n<h5><strong>Keha &#8211; <\/strong>Kauni silueti saladuse leiad siit!<\/h5>\n<p><strong>Kuurortlinna s\u00e4ravam P\u00e4rl \u2013 musta p\u00e4rli kehahoolitsus 60 min, 52 \u20ac<\/strong><\/p>\n<p>Keha kooritakse musta p\u00e4rli meresoola kehakoorijaga, mis puhastab naha s\u00fcgavalt, kuid \u00f5rnalt. Sellele j\u00e4rgneb l\u00f5\u00f5gastav kehamassaa\u017e musta p\u00e4rli massaa\u017eipalsamiga, mis rikkalikult toidab ja niisutab nahka, muudab siledaks, elastseks ning j\u00e4tab nahale kerge s\u00e4deluse, millega uhkelt promenaadile patseerima ja s\u00e4rama saab minna.<\/p>\n<p><strong>P\u00f5hjamaa pojad \u2013 kehahoolitsus meestele 75 min, 62 \u20ac<\/strong><\/p>\n<p>Keha kooritakse kaldale uhutud puude l\u00f5hnalise kehakoorijaga, millega eemaldatakse surnud naharakud. Koorimisele j\u00e4rgneb l\u00f5\u00f5gastav kehamassaa\u017e puidul\u00f5hnalise massaa\u017ei\u00f5liga, mis turgutab nahka ja kiirendab ainevahetust. P\u00e4rast hoolitsust \u00f5hkub Sinust maskuliinset energiat, enesetunne on suurep\u00e4rane ning hoolitsuse tulemusena on Sul puhas, t\u00f5husalt niisutatud ja toidetud nahk.<\/p>\n<p><strong>P\u00e4rna\u00f5ie kehahoolitsus tulevasele emale 60 min, 52 \u20ac<\/strong><\/p>\n<p>Noorele emale m\u00f5eldud hoolitsus sisaldab \u00f5rna kehakoorimist nahale kasulikke \u00f5lisid sisaldava meresoola kehakoorijaga ja m\u00f5nusat kerget massaa\u017ei p\u00e4rna\u00f5ie masaa\u017eikreemiga, mis on k\u00f5rge E-vitamiini sisaldusega ja rasvhapete rikas, mille tulemusena nahk muutub elastseks. P\u00e4rna\u00f5is niisutab ja pehmendab nahka ning m\u00f5jub rahustavalt. Hoolitsuse l\u00f5petuseks pakume tulevasele emale \u00fcrditeed.<\/p>\n<p><strong>Keha koorimine loodusliku meresoola kehakoorijaga 30 min, 32 \u20ac<\/strong><\/p>\n<p>Masseerivate liigutustega kehale kantav koorija eemaldab nahalt surnud naharakud ning parandab vereringet. Kehakoorimine aitab kaasa naha uuendusprotsessile, v\u00e4rskendab jumet ja pehmendab nahka. Hoolduses kasutatav kehakoorija on ideaalne vahend nahahoolduseks, sest sisaldab k\u00f5iki merevee kasulikke ja ravivaid omadusi.[\/vc_column_text][\/vc_tta_section][vc_tta_section title=&#8221;K\u00e4ed ja jalad&#8221; tab_id=&#8221;1648045913257-c9112b68-a84b&#8221;][vc_column_text]<\/p>\n<h5>K\u00e4ed ja jalad &#8211; P\u00e4eva l\u00f5petuseks sobivad l\u00f5\u00f5gastavad rituaalid!<\/h5>\n<p><strong>Klassikaline manik\u00fc\u00fcr 45 min &#8211; 55 min, 32-35 \u20ac<\/strong><\/p>\n<p>Klassikaline k\u00e4te- ja k\u00fc\u00fcnehoolitsus, mis sobib nii meeste- kui ka naisterahvastele. Hoolitsuse v\u00e4ltel esmalt \u00f5litatakse k\u00fc\u00fcnenahad, sellele j\u00e4rgneb vann, k\u00fc\u00fcnte kujundamine ning k\u00e4te kreemitamine.<\/p>\n<p><strong>Luksuslik manik\u00fc\u00fcr merekivimassaa\u017eiga 65 min \u2013 75 min, 43-46 \u20ac\u00a0\u00a0\u00a0<\/strong><\/p>\n<p>Hoolitsuse v\u00e4ltel esmalt \u00f5litatakse k\u00fc\u00fcnenahad, sellele j\u00e4rgneb vann, k\u00fc\u00fcnte kujundamine ja koorimine, niisutav mask ning kreemitamine. Hoolitsuse l\u00f5petab k\u00e4te l\u00f5\u00f5gastav massaa\u017e kuumade merekividega.<\/p>\n<p><strong>Klassikaline pedik\u00fc\u00fcr 55 min \u2013 65 min, 42-45 \u20ac<\/strong><\/p>\n<p>Hoolitsus algab aromaatse ja jalanahka pehmendava vahuvanniga. Seej\u00e4rel toimub k\u00fc\u00fcnenahkade ja nahapaksendite t\u00f6\u00f6tlemine ning k\u00fc\u00fcnte kujundamine. Hoolitsuse l\u00f5petab jalgade kreemitamine.<\/p>\n<p><strong>Luksuslik pedik\u00fc\u00fcr merekivimassaa\u017eiga 75 min \u2013 85 min, 49-52 \u20ac<\/strong><\/p>\n<p>Hoolitsus algab aromaatse ja jalanahka pehmendava vahuvanniga. Seej\u00e4rel toimub k\u00fc\u00fcnenahkade ja nahapaksendite t\u00f6\u00f6tlemine, k\u00fc\u00fcnte kujundamine, koorimine, niisutav mask ning jalgade kreemitamine. Hoolitsuse l\u00f5petab jalgade l\u00f5\u00f5gastav massaa\u017e kuumade merekividega.<\/p>\n<p><strong>Iluparafiin k\u00e4tele 30 min, 25 \u20ac<\/strong><\/p>\n<p>Nahka s\u00fcgavalt niisutav, toitev, vereringet parandav ja k\u00fc\u00fcnevalle pehmendav hoolitsus. Parafiin sisaldab ka E-vitamiini ja rahustab ning leevendab naha\u00e4rritusi. Esmalt kooritakse k\u00e4ed ja seej\u00e4rel pannakse sooja parafiini sisse, m\u00e4hitakse kinnastesse ning antakse aega headel ainetel m\u00f5juda ning l\u00f5\u00f5gastuda. Hoolitsuse l\u00f5petab jalgade kreemitamine. Ei sisalda manik\u00fc\u00fcri ega k\u00fc\u00fcnte lakkimist.<\/p>\n<p><strong>Iluparafiin jalgadele 30 min, 27 \u20ac<\/strong><\/p>\n<p>Nahka s\u00fcgavalt niisutav, toitev, vereringet parandav ja k\u00fc\u00fcnevalle pehmendav hoolitsus. Parafiin sisaldab ka E-vitamiini ja rahustab ning leevendab naha\u00e4rritusi. Esmalt puhastatakse jalad kooriva kreemiga ja seej\u00e4rel kastetakse sooja parafiini sisse, m\u00e4hitakse sokkidesse ning antakse aega headel ainetel m\u00f5juda ning l\u00f5\u00f5gastuda. Hoolitsuse l\u00f5petab jalgade kreemitamine. Ei sisalda pedik\u00fc\u00fcri ega k\u00fc\u00fcnte lakkimist.<\/p>\n<p><strong>L\u00f5\u00f5gastav hooldus jalgadele massaa\u017eiga 45 min, 43 \u20ac<\/strong><\/p>\n<p>Hooldus parandab vereringet jalgades, v\u00e4hendab liigse vedeliku kogunemist jalgadesse ja annab jalgadele imeliselt kerge tunde. Hooldus on nauditavalt l\u00f5\u00f5gastav, sisaldades jalgade koorimist merelise koorijaga, mis sisaldab merevetikate ekstrakti ja mesilasvaha; massaa\u017ei erinevate aktiivainetega; 15\u201320 minutilist m\u00e4hist ning seej\u00e4rel vereringet stimuleerivat ja hellitavat massaa\u017ei. Ei sisalda pedik\u00fc\u00fcri ega k\u00fc\u00fcnte lakkimist.<\/p>\n<p><strong>Ravimuda hooldus jalgadele massaa\u017eiga 30 min, 35 \u20ac<\/strong><\/p>\n<p>Jalad kooritakse ning seej\u00e4rel kantakse neile soe mudamask. Mudamask omab suurep\u00e4rast nahka s\u00fcgavpuhastavat, koorivat, niisutavat ja v\u00e4rskendavat toimet. Mudas leiduvad mikroelemendid parandavad ainevahetust ning suurendavad oluliselt naha varustatust niiskusega. T\u00e4nu E-vitamiini sisaldusele omab ravimuda tugevat antioks\u00fcdeerimisv\u00f5imet ning stimuleerib kudede regeneratsiooni. Taastab kudede elastsuse ja tekstuuri, nahk saab tagasi oma s\u00e4ra ja eluj\u00f5u. Hoolduse l\u00f5petab kerge massaa\u017e jalgadele ravimuda massaa\u017eikreemiga.<\/p>\n<p><strong>Minimanik\u00fc\u00fcr 25 min, 17 \u20ac<\/strong><\/p>\n<p>V\u00e4ikestele preilidele ja h\u00e4rradele (4.-12.a). \u00d5rn k\u00fc\u00fcnte korrastamine ja vajadusel k\u00fc\u00fcnenahkade t\u00f6\u00f6tlemine. Kerge k\u00e4te kreemitamine. Vanemate loal k\u00fc\u00fcnte lakkimine.<\/p>\n<p><strong>Minipedik\u00fc\u00fcr 30 min, 19 \u20ac<\/strong><\/p>\n<p>V\u00e4ikestele preilidele ja h\u00e4rradele ( 4.-12.a). Vahuvann, \u00f5rn k\u00fc\u00fcnte ja kandade t\u00f6\u00f6tlemine. Kerge jalgade kreemitamine. Vanemate loal k\u00fc\u00fcnte lakkimine.<\/p>\n<p><strong>P\u00fcsilaki eemaldamine 15 \u20ac<\/strong><\/p>\n<p><strong>Klassikaline manik\u00fc\u00fcr meestele 45 min, 32 \u20ac<\/strong><\/p>\n<p>Klassikaline k\u00e4te- ja k\u00fc\u00fcnehoolitsus, mille v\u00e4ltel esmalt \u00f5litatakse k\u00fc\u00fcnenahad, sellele j\u00e4rgneb vann, k\u00fc\u00fcnte kujundamine ning k\u00e4te kreemitamine.<\/p>\n<p><strong>K\u00fc\u00fcnte lakkimine 8 \u20ac<\/strong><\/p>\n<p><strong>Laki eemaldamine 5 \u20ac<\/strong>[\/vc_column_text][\/vc_tta_section][vc_tta_section title=&#8221;N\u00e4gu&#8221; tab_id=&#8221;1648045898901-30e7ff28-69e6&#8243;][vc_column_text]<\/p>\n<h5>N\u00e4gu &#8211; Tulemuslikud ja l\u00f5\u00f5gastavad hoolitsused nii naistele kui meestele<\/h5>\n<p><strong>Energia hoolitsus meestele 30 min, 38 \u20ac<\/strong><\/p>\n<p>Kiire, t\u00f5hus ja koheselt v\u00e4rskendav. Hoolitsus sobib k\u00f5igile, kelle nahk on v\u00e4sinud ja kuiv. Valitud tooted annavad silmaga n\u00e4htava efekti. Peale hoolitsust on n\u00e4gu v\u00e4rske ja sile!<\/p>\n<p><strong>Igale nahat\u00fc\u00fcbile sobiv Express hoolitsus 30 min, 38 \u20ac<\/strong><\/p>\n<p>Kiire ja kohese tulemuse nautimiseks. Naha uuendamine, jume \u00fchtlustamine, silumine, v\u00e4rskendamine ja pikaajaline niisutamine. Hoolitsus sobib ka teismelistele ning probleemse naha puhul. Kosmeetik jagab soovitusi koduseks hoolduseks.<\/p>\n<p><strong>T\u00f5elise v\u00e4rskuse ja s\u00e4ra hoolitsus 60 min, 61 \u20ac<\/strong><\/p>\n<p>Sobib v\u00e4sinud ja kurnatud nahale. Naha uuendamine, trimmimine, v\u00e4rskendamine, joonekeste silumine ning pikaajaline niiskustaseme t\u00f5stmine.<\/p>\n<p><strong>Pehme hellitus tundlikule nahale 60 min, 57 \u20ac<\/strong><\/p>\n<p>Tundlikule, \u00f5rnale, punetavale, niiskusvaesele nahale. Hoolitsusel on taastav ning rahustav m\u00f5ju, nahk saab s\u00fcgavuti niisutatud, toidetud ja hooldatud. Hoolitsusse on valitud kas t\u00e4iesti l\u00f5hnavabad v\u00f5i v\u00e4ga v\u00e4ikese l\u00f5hna sisaldusega tooted.<\/p>\n<p>[\/vc_column_text][\/vc_tta_section][vc_tta_section title=&#8221;Massaa\u017e&#8221; tab_id=&#8221;1648045897489-ca67f95a-29df&#8221;][vc_column_text]<\/p>\n<h5>Massaa\u017e &#8211; Vabane stressist ja pingest<\/h5>\n<p><strong>Klassikaline massaa\u017e, 25 min &#8211; 50 min, 29-49 \u20ac\u00a0\u00a0<\/strong><\/p>\n<p>Klassikaline massaa\u017e kujutab endast erinevate liigutuste ja v\u00f5tete kompleksi. Vastavalt kliendi soovile v\u00f5i vajadustele toimub kas kogu keha massaa\u017e v\u00f5i keskendutakse ainult \u00fcla v\u00f5i alakehale. Klassikalise massaa\u017ei toimel paranevad vere- ja l\u00fcmfiringe ning ainevahetus, tugevneb immuunsuss\u00fcsteem, v\u00e4heneb lihaspinge ja stress.<\/p>\n<p><strong>Massaa\u017e teokarpidega 60 min, 57 \u20ac<\/strong><\/p>\n<p>Kaneeliekstraktiga sulav massaa\u017eigeel koos teokarpidega annab meeldiva l\u00f5dvestava massaa\u017eielamuse. Soojadest teokarpidest vabanev soojus koos massaa\u017eiga parandab verevarustust, maandab vaimseid- ja lihaspingeid ning m\u00f5jub l\u00f5\u00f5gastavalt. Kaneel annab nahale eluj\u00f5udu ja ergutab meeli.<\/p>\n<p><strong>Aroomimassaa\u017e 75 min, 64 \u20ac<\/strong><\/p>\n<p>Aroomimassaa\u017e on kogu keha massaa\u017e erinevate aroomi\u00f5lidega, mis leevendavad lihaspingeid, v\u00e4hendavad tselluliiti, stressi, uneh\u00e4ireid, verer\u00f5hu k\u00f5ikumisi v\u00f5i lihtsalt halba tuju. Aroomi\u00f5li valitakse vastavalt kliendi soovile ja l\u00f5hnade eelistusele, arvestades tema tervislikku seisundit. L\u00f5hnaravi on looduslik viis hoida ja parandada tervist ning positiivset ellusuhtumist. Aroomiteraapia on imeilus kunst, kingitus meeltele ja t\u00f5eline nauding. Aroomimassaa\u017e on v\u00e4ga vanade traditsioonidega ravimise ja tervendamise kunst, kus kasutatakse taimedest saadud eeterlike aromaatseid \u00f5lisid inimese keha ja meele tervendamiseks. Efekt saavutatakse l\u00f5hna ja \u00f5li toime kaudu k\u00f5igile keha s\u00fcsteemidele ning \u00f5lide imendumisel kudedesse ja vereringesse.<\/p>\n<p><strong>Refleksoloogiline k\u00e4te punktmassaa\u017e 30 min, 37 \u20ac<\/strong><\/p>\n<p>K\u00e4emassaa\u017e aitab leevendada k\u00e4e (labak\u00e4e ja k\u00fc\u00fcnarvarre) probleeme ja pingeid ning refleksoloogiliselt m\u00f5jutab kogu keha tasakaalustamist. K\u00e4emassaa\u017eist saavad leevendust k\u00f5ik, kelle t\u00f6\u00f6 v\u00f5i elu on seotud k\u00e4elise tegevusega ning sundasenditega: arvutiga t\u00f6\u00f6tajad, instrumentalistid jne. K\u00e4te massaa\u017e m\u00f5jutab ka emotsionaalset tasandit ning aitab leevendada stressi ja depressiooni.<\/p>\n<p><strong>Refleksoloogiline jala punktmassaa\u017e 30 min, 37 \u20ac<\/strong><\/p>\n<p>Jalamassaa\u017e aitab l\u00f5\u00f5gastuda ja m\u00f5jutab kogu organismi. Jalalaba ja pahkluu piirkonna masseerimine aitab l\u00f5\u00f5gastuda ja muudab enesetunde paremaks. Konkreetsete punktide m\u00f5jutamine aitab refleksoloogiliselt tasakaalustada kogu organismi. Massaa\u017e viiakse l\u00e4bi k\u00e4te, massaa\u017eipulga ja massaa\u017ei\u00f5li abil. Eriti h\u00e4sti sobib see nendele, kes on palju jalgadel.<\/p>\n<p><strong>Kupumassaa\u017e 30 min, 36 \u20ac<\/strong><\/p>\n<p>Kupumassaa\u017e toimub naturaalsest kummist valmistatud erineva suurusega kuppudega. Massaa\u017e parandab liigeste liikuvust ja lihaste toonust. Massaa\u017ei alustatakse ja l\u00f5petatakse klassikalise k\u00e4simassaa\u017eiga.<\/p>\n<p><strong>Peamassaa\u017e 30 min, 35 \u20ac<\/strong><\/p>\n<p>Peamassaa\u017eis kasutatakse iidseid stressivastaseid ravimeetodeid, kus pea, kaela, n\u00e4o ja \u00f5lgade massaa\u017ei tulemusena paraneb pea verevarustus, kiireneb juuste kasv, v\u00e4heneb juuste v\u00e4ljalangemine ja leeveneb hallinemine. Sobib h\u00e4sti unetuse korral. Enne ja p\u00e4rast massaa\u017ei tuleb juua palju vett v\u00f5i teed, et v\u00e4ljutada liikuma l\u00e4inud m\u00fcrgid. Peamassaa\u017e on vastun\u00e4idustatud k\u00f5rge verer\u00f5hu, epilepsia, kasvajate, ateroskleroosi ja p\u00f5letike korral.<\/p>\n<p><strong>\u00d5la-ja kaelamassaa\u017e 30 min, 35 \u20ac<\/strong><\/p>\n<p>\u00d5la- ja kaelamassaa\u017e on t\u00f5hus ja kiire leevendus stressis turjale, pinges \u00f5lgadele ja kaelale. Massaa\u017e aktiveerib vere- ja l\u00fcmfiringet, ergutab ainevahetust, v\u00e4hendab pea- ja lihasvalusid. Massaa\u017e m\u00f5jub l\u00f5\u00f5gastavalt nii vaimse kui ka f\u00fc\u00fcsilise pinge korral.<\/p>\n<p><strong>Lastemassaa\u017e Roheline \u00f5un 25 min, 23 \u20ac<\/strong><\/p>\n<p>Hoolitsuse soovituslik vanusevahemik on 5-12 eluaastat. Hell kehamassaaz lastele rohelise \u00f5una palsamiga, mis m\u00f5jub lapsele l\u00f5\u00f5gastavalt ning annab energiat. Hoolitsus sobib h\u00e4sti esimeseks spaakogemuseks. Nagu \u00f6eldakse &#8220;\u00d5un p\u00e4evas hoiab arsti eemal&#8221; ning sellest tulenevalt pakume ka meie v\u00e4ikestele spaatajatele hoolitsuse l\u00f5petuseks vitamiinipommi.[\/vc_column_text][\/vc_tta_section][vc_tta_section title=&#8221;Juuksel\u00f5ikused&#8221; tab_id=&#8221;1648045925092-04d9dcb0-5a79&#8243;][vc_column_text]<\/p>\n<h5>Juuksel\u00f5ikused<\/h5>\n<p>Lapsele vanuses kuni 10.a (k.a) kuni 30 min, 13 \u20ac<\/p>\n<p><strong>Naistele<\/strong><\/p>\n<p>juukseotste tasandamine kuni 45 min, 19 \u20ac<\/p>\n<p>mudell\u00f5ikus kuni 55 min, 26 \u20ac<\/p>\n<p><strong>Meestele\u00a0\u00a0\u00a0<\/strong><\/p>\n<p>masinal\u00f5ikus kuni 30 min, 13 \u20ac<\/p>\n<p>k\u00e4\u00e4ril\u00f5ikus kuni 30 min, 18 \u20ac<\/p>\n<p><strong>Soengud, juuksepesu ja sirgendamine \u00a0\u00a0\u00a0<\/strong><\/p>\n<p>l\u00fchikesed juuksed kuni 45 min, 16 \u20ac<\/p>\n<p>poolpikad ja pikad juuksed kuni 60 min, 22 \u20ac<\/p>\n<p><strong>Soengud, juuksepesu ja f\u00f6\u00f6nisoeng\u00a0\u00a0\u00a0\u00a0<\/strong><\/p>\n<p>l\u00fchikesed juuksed kuni 45 min, 18 \u20ac<\/p>\n<p>poolpikad ja pikad juuksed kuni 60 min, 26 \u20ac[\/vc_column_text][\/vc_tta_section][vc_tta_section title=&#8221;Eestimaised juuksehooldused&#8221; tab_id=&#8221;1648045914079-0e22f7f3-f9e5&#8243;][vc_column_text]<\/p>\n<h5>Eestimaised juuksehooldused<\/h5>\n<p><strong>Turbahooldus juustele 45 min, 36 \u20ac<\/strong><\/p>\n<p>Hooldus h\u00f5lmab juuksepesu s\u00fcgavpuhastava ja juuksejuuri s\u00fcgavuti toitva eestimaise turba\u0161ampooniga, millele j\u00e4rgneb peamassaa\u017e kadakase turbamaskiga juustele ja peanahale, mis stimuleerib peanaha vereringet, puhastab ja ergutab peanahka ning soodustab juuste kasvu. Seej\u00e4rel kantakse juustele niisutav turbapalsam oliivi\u00f5liga. Sobib k\u00f5ikidele juukset\u00fc\u00fcpidele.<\/p>\n<p><strong>Juuksehooldus ravimudamaskiga 45 min, 36 \u20ac<\/strong><\/p>\n<p>Hooldus h\u00f5lmab juuksepesu juukseid tugevdava \u0161ampooniga, millele j\u00e4rgneb peamassaa\u017e ravimudamaskiga, mis vabastab juuksed k\u00f5ikv\u00f5imalikust mustusest, ergutab verevarustust ja puhastab m\u00fcrkainetest. Seej\u00e4rel kantakse juustele juuksestruktuuri parandav palsam. Palsam parandab peanaha verevarustust ja tugevdab juuksejuuri, samuti ergutab juuksekasvu ja v\u00e4hendab v\u00e4ljalangevust. Muda on antibakteriaalne ja sobib kestendavale ehk kuivale peanahale. Hooldus sobib ka rasuse peanaha puhul; hapratele, v\u00e4sinud ja \u00f5henevatele juustele ning rasvastele juustele.<\/p>\n<p><strong>Juuksehooldus Spirulina vetikaga 45 min, 36 \u20ac<\/strong><\/p>\n<p>Hooldus h\u00f5lmab juuksepesu tugevdava ja kooriva Spirulina vetika juuksepesuvahendiga, mis on ideaalne naha mikroringluse stimuleerimiseks ning soodustab mustuse k\u00f5rvaldamist nahalt. Sellele j\u00e4rgneb peamassaa\u017e Spirulina vetika juuksemaskiga, mis aitab tugevdada ja silendada juuksekiudu. Seej\u00e4rel kantakse juustele juuksestruktuuri parandav palsam. Hooldus sobib hapramatele, v\u00e4sinud ja \u00f5henevatele juustele nende tugevuse taastamiseks, samuti kuiva ja rasuse peanaha puhul.[\/vc_column_text][\/vc_tta_section][\/vc_tta_tabs][\/vc_column][\/vc_row][vc_row content_animation=&#8221;yes&#8221; mo_init_scale_x=&#8221;1&#8243; mo_init_scale_y=&#8221;1&#8243; mo_init_scale_z=&#8221;1&#8243; mo_init_opacity=&#8221;0&#8243; mo_an_scale_x=&#8221;1&#8243; mo_an_scale_y=&#8221;1&#8243; mo_an_scale_z=&#8221;1&#8243; mo_an_opacity=&#8221;1&#8243; css=&#8221;.vc_custom_1621507134404{padding-top: 0px !important;padding-bottom: 40px !important;}&#8221; mo_init_translate_y=&#8221;71&#8243; mo_init_translate_z=&#8221;-92&#8243; mo_init_rotate_x=&#8221;-27&#8243; el_class=&#8221;tablet_column_full&#8221;][vc_column][\/vc_column][\/vc_row]<\/p>\n<\/div>","protected":false},"excerpt":{"rendered":"<p>[vc_row css=&#8221;.vc_custom_1648046207411{padding-top: 80px !important;padding-bottom: 20px !important;background-position: center !important;background-repeat: no-repeat !important;background-size: cover !important;}&#8221;][vc_column][\/vc_column][\/vc_row][vc_row css=&#8221;.vc_custom_1648046119951{padding-top: 40px !important;padding-bottom: 40px !important;background-position: center !important;background-repeat: no-repeat !important;background-size: cover !important;}&#8221;][vc_column][vc_tta_tabs style=&#8221;modern&#8221; shape=&#8221;square&#8221; spacing=&#8221;2&#8243; active_section=&#8221;1&#8243;][vc_tta_section title=&#8221;Muda ja teraapia&#8221; tab_id=&#8221;1648045818500-22f0bc41-f2df&#8221;][vc_column_text] Muda ja teraapia &#8211; Hooli endast- ennetamine on k\u00f5ige alus! Massaa\u017e Haapsalu ravimudaga 60 min, 55 \u20ac Massaa\u017e Haapsalu ravimudaga on kooriva ja raviva [&hellip;]<\/p>\n","protected":false},"author":1,"featured_media":0,"parent":0,"menu_order":0,"comment_status":"closed","ping_status":"closed","template":"","meta":{"inline_featured_image":false,"footnotes":""},"class_list":["post-1979","page","type-page","status-publish","hentry"],"_links":{"self":[{"href":"https:\/\/info.hestiahotels.com\/haapsaluspa\/wp-json\/wp\/v2\/pages\/1979","targetHints":{"allow":["GET"]}}],"collection":[{"href":"https:\/\/info.hestiahotels.com\/haapsaluspa\/wp-json\/wp\/v2\/pages"}],"about":[{"href":"https:\/\/info.hestiahotels.com\/haapsaluspa\/wp-json\/wp\/v2\/types\/page"}],"author":[{"embeddable":true,"href":"https:\/\/info.hestiahotels.com\/haapsaluspa\/wp-json\/wp\/v2\/users\/1"}],"replies":[{"embeddable":true,"href":"https:\/\/info.hestiahotels.com\/haapsaluspa\/wp-json\/wp\/v2\/comments?post=1979"}],"version-history":[{"count":30,"href":"https:\/\/info.hestiahotels.com\/haapsaluspa\/wp-json\/wp\/v2\/pages\/1979\/revisions"}],"predecessor-version":[{"id":2105,"href":"https:\/\/info.hestiahotels.com\/haapsaluspa\/wp-json\/wp\/v2\/pages\/1979\/revisions\/2105"}],"wp:attachment":[{"href":"https:\/\/info.hestiahotels.com\/haapsaluspa\/wp-json\/wp\/v2\/media?parent=1979"}],"curies":[{"name":"wp","href":"https:\/\/api.w.org\/{rel}","templated":true}]}}