{"id":1768,"date":"2021-05-20T15:10:18","date_gmt":"2021-05-20T12:10:18","guid":{"rendered":"https:\/\/info.hestiahotels.com\/haapsaluspa\/?page_id=1768"},"modified":"2025-08-11T14:18:46","modified_gmt":"2025-08-11T11:18:46","slug":"hotellitoad","status":"publish","type":"page","link":"https:\/\/info.hestiahotels.com\/haapsaluspa\/hotellitoad\/","title":{"rendered":"Hotellitoad"},"content":{"rendered":"<div class=\"wpb-content-wrapper\"><p>[vc_row css=&#8221;.vc_custom_1621592408272{padding-top: 60px !important;padding-bottom: 0px !important;background-position: center !important;background-repeat: no-repeat !important;background-size: cover !important;}&#8221;][vc_column]       \n      <div class=\"mo-title-box title-box-style5  text-center\"  ><h3>Hotellitoad<\/h3><div class=\"content\">Meie m\u00f5nusad ja hubaselt sisustatud 100 tuba pakuvad l\u00f5\u00f5gastavaid puhkehetki nii perele, s\u00f5pradele, paaridele kui ka seminarik\u00fclalistele. Tubadest avaneb imeilus vaade merele v\u00f5i rahulikule Sadama t\u00e4navale. K\u00f5ik toad sobivad ka allergikutele. Toa hinnas sisaldub k\u00fclluslik hommikus\u00f6\u00f6k ning kiire wifi. Registreeri sisse kell 15.00 ja palun loovuta tuba hiljemalt kell 12.00.<\/div> <\/div>\n    [\/vc_column][\/vc_row][vc_row css=&#8221;.vc_custom_1621592639754{padding-top: 10px !important;padding-bottom: 10px !important;background-position: center !important;background-repeat: no-repeat !important;background-size: cover !important;}&#8221;][vc_column css=&#8221;.vc_custom_1621592203034{padding-top: 40px !important;padding-bottom: 40px !important;}&#8221;][vc_message message_box_color=&#8221;white&#8221; el_class=&#8221;info&#8221;]<strong data-start=\"84\" data-end=\"153\">Meie jaoks on t\u00e4htsad nii Teie mugavus kui ka keskkonna hoidmine.<\/strong><br data-start=\"153\" data-end=\"156\" \/>P\u00e4evakoristust teeme vaid Teie soovil \u2013 palume selleks riputada vastav silt ukselingile. Nagisse riputatud k\u00e4ter\u00e4tiku puhul eeldame t\u00e4nulikult, et kasutate seda edasi. J\u00e4ttes froteer\u00e4tiku p\u00f5randale, annate meile m\u00e4rku soovist seda vahetada.[\/vc_message][\/vc_column][\/vc_row][vc_row content_animation=&#8221;yes&#8221; mo_init_scale_x=&#8221;1&#8243; mo_init_scale_y=&#8221;1&#8243; mo_init_scale_z=&#8221;1&#8243; mo_init_opacity=&#8221;0&#8243; mo_an_scale_x=&#8221;1&#8243; mo_an_scale_y=&#8221;1&#8243; mo_an_scale_z=&#8221;1&#8243; mo_an_opacity=&#8221;1&#8243; css=&#8221;.vc_custom_1621507562310{padding-top: 40px !important;padding-bottom: 40px !important;background-color: #f2f3f4 !important;}&#8221; mo_init_translate_y=&#8221;71&#8243; mo_init_translate_z=&#8221;-92&#8243; mo_init_rotate_x=&#8221;-27&#8243; el_class=&#8221;tablet_column_full&#8221;][vc_column width=&#8221;1\/2&#8243;][vc_empty_space height=&#8221;30px&#8221;]       \n      <div class=\"mo-title-box title-box-style1  text-left\"  ><h5>Hestia Hotel Haapsalu Spa<\/h5><h3>Standard Small<\/h3> <\/div>\n    [vc_column_text]Meie k\u00f5igist standard small tubadest avaneb vaade kuurortlinna vaiksele Sadama t\u00e4navale. Tunne r\u00f5\u00f5mu piiramatu vee- ja saunaspaa k\u00fclastuse, kiire interneti ja k\u00fcllusliku hommikus\u00f6\u00f6gi \u00fcle.<\/p>\n<p>Toa suurus 11 m\u00b2<br \/>\n\u00dcks lai voodi<br \/>\nDu\u0161\u0161<br \/>\nHommikumantlid \/ f\u00f6\u00f6n<br \/>\nLCD teler<br \/>\nPimendavad kardinad<br \/>\nJahutus[\/vc_column_text][vc_empty_space height=&#8221;30px&#8221;][\/vc_column][vc_column width=&#8221;1\/2&#8243;]\t\n    \t    <div class=\"fancy-image mo-img-group-single\" data-reveal=\"true\" data-reveal-options='{\"direction\":\"rl\",\"bgcolor\":\"\",\"delay\":\"\"}' data-roundness=\"yes\" data-shadow-style=\"yes\">\n\t\t\t<div class=\"mo-img-container-inner\"  >\n\t\t\t<figure><img decoding=\"async\" src=\"https:\/\/info.hestiahotels.com\/haapsaluspa\/wp-content\/uploads\/sites\/2\/2022\/01\/4-1920x1080-1.jpg\" alt=\"image\" \/><\/figure>\t\n\t\t\t<\/div><!-- \/.mo-img-container-inner -->\n\t\t<\/div><!-- \/.fancy-image -->\n\t\t\t\n    [\/vc_column][\/vc_row][vc_row content_animation=&#8221;yes&#8221; mo_init_scale_x=&#8221;1&#8243; mo_init_scale_y=&#8221;1&#8243; mo_init_scale_z=&#8221;1&#8243; mo_init_opacity=&#8221;0&#8243; mo_an_scale_x=&#8221;1&#8243; mo_an_scale_y=&#8221;1&#8243; mo_an_scale_z=&#8221;1&#8243; mo_an_opacity=&#8221;1&#8243; css=&#8221;.vc_custom_1642415993775{padding-top: 40px !important;padding-bottom: 40px !important;}&#8221; mo_init_translate_y=&#8221;71&#8243; mo_init_translate_z=&#8221;-92&#8243; mo_init_rotate_x=&#8221;-27&#8243; el_class=&#8221;tablet_column_full&#8221;][vc_column width=&#8221;1\/2&#8243;]\t\n    \t    <div class=\"fancy-image mo-img-group-single\" data-reveal=\"true\" data-reveal-options='{\"direction\":\"rl\",\"bgcolor\":\"\",\"delay\":\"\"}' data-roundness=\"yes\" data-shadow-style=\"yes\">\n\t\t\t<div class=\"mo-img-container-inner\"  >\n\t\t\t<figure><img decoding=\"async\" src=\"https:\/\/info.hestiahotels.com\/haapsaluspa\/wp-content\/uploads\/sites\/2\/2021\/05\/Standard-tuba-1-1920x1080-2.jpg\" alt=\"image\" \/><\/figure>\t\n\t\t\t<\/div><!-- \/.mo-img-container-inner -->\n\t\t<\/div><!-- \/.fancy-image -->\n\t\t\t\n    [\/vc_column][vc_column width=&#8221;1\/2&#8243;][vc_empty_space height=&#8221;30px&#8221;]       \n      <div class=\"mo-title-box title-box-style1  text-left\"  ><h5>Hestia Hotel Haapsalu Spa<\/h5><h3>Economy<\/h3> <\/div>\n    [vc_column_text]Meie k\u00f5igist economy tubadest avaneb vaade kas merele v\u00f5i vaiksele Sadama t\u00e4navale. Vannituba on nii oma suuruselt kui kujunduselt tagasihoidlik. Tuppa on v\u00f5imalus lisada kuni \u00fcks lisavoodi. Tunne r\u00f5\u00f5mu piiramatu vee- ja saunaspaa k\u00fclastuse, kiire interneti ja k\u00fcllusliku hommikus\u00f6\u00f6gi \u00fcle.<\/p>\n<p>Toa suurus 14.8 m\u00b2 \u2013 16,1 m\u00b2<br \/>\n\u00dcks lai voodi v\u00f5i kaks eraldi voodit<br \/>\nDu\u0161\u0161<br \/>\nKvaliteetne vannitoa kosmeetika \/ hommikumantlid \/ f\u00f6\u00f6n<br \/>\nLCD teler<br \/>\nPimendavad kardinad<br \/>\nJahutus<br \/>\nLisavoodi v\u00f5imalus[\/vc_column_text][vc_empty_space height=&#8221;30px&#8221;][\/vc_column][\/vc_row][vc_row content_animation=&#8221;yes&#8221; mo_init_scale_x=&#8221;1&#8243; mo_init_scale_y=&#8221;1&#8243; mo_init_scale_z=&#8221;1&#8243; mo_init_opacity=&#8221;0&#8243; mo_an_scale_x=&#8221;1&#8243; mo_an_scale_y=&#8221;1&#8243; mo_an_scale_z=&#8221;1&#8243; mo_an_opacity=&#8221;1&#8243; css=&#8221;.vc_custom_1621507562310{padding-top: 40px !important;padding-bottom: 40px !important;background-color: #f2f3f4 !important;}&#8221; mo_init_translate_y=&#8221;71&#8243; mo_init_translate_z=&#8221;-92&#8243; mo_init_rotate_x=&#8221;-27&#8243; el_class=&#8221;tablet_column_full&#8221;][vc_column width=&#8221;1\/2&#8243;][vc_empty_space height=&#8221;30px&#8221;]       \n      <div class=\"mo-title-box title-box-style1  text-left\"  ><h5>Hestia Hotel Haapsalu Spa<\/h5><h3>Standard<\/h3> <\/div>\n    [vc_column_text]Meie k\u00f5ikidest standardtubadest\u00a0 avaneb vaade kas merele v\u00f5i vaiksele Sadama t\u00e4navale. Tunne r\u00f5\u00f5mu piiramatu vee- ja saunaspaa k\u00fclastuse, kiire interneti ja k\u00fcllusliku hommikus\u00f6\u00f6gi \u00fcle. Sobiv valik allergikutele.<\/p>\n<p>Toa suurus 11,5 m\u00b2 \u2013 16,1 m\u00b2<br \/>\n\u00dcks lai voodi v\u00f5i kaks eraldi voodit<br \/>\nDu\u0161\u0161<br \/>\nKvaliteetne vannitoa kosmeetika \/ hommikumantlid \/ f\u00f6\u00f6n<br \/>\nLCD teler<br \/>\nPimendavad kardinad<br \/>\nNaturaalsest tammepuidust p\u00f5randad<br \/>\nJahutus[\/vc_column_text][vc_empty_space height=&#8221;30px&#8221;][\/vc_column][vc_column width=&#8221;1\/2&#8243;]\t\n    \t    <div class=\"fancy-image mo-img-group-single\" data-reveal=\"true\" data-reveal-options='{\"direction\":\"rl\",\"bgcolor\":\"\",\"delay\":\"\"}' data-roundness=\"yes\" data-shadow-style=\"yes\">\n\t\t\t<div class=\"mo-img-container-inner\"  >\n\t\t\t<figure><img decoding=\"async\" src=\"https:\/\/info.hestiahotels.com\/haapsaluspa\/wp-content\/uploads\/sites\/2\/2021\/05\/Standard-1-1920x1080-1.jpg\" alt=\"image\" \/><\/figure>\t\n\t\t\t<\/div><!-- \/.mo-img-container-inner -->\n\t\t<\/div><!-- \/.fancy-image -->\n\t\t\t\n    [\/vc_column][\/vc_row][vc_row content_animation=&#8221;yes&#8221; mo_init_scale_x=&#8221;1&#8243; mo_init_scale_y=&#8221;1&#8243; mo_init_scale_z=&#8221;1&#8243; mo_init_opacity=&#8221;0&#8243; mo_an_scale_x=&#8221;1&#8243; mo_an_scale_y=&#8221;1&#8243; mo_an_scale_z=&#8221;1&#8243; mo_an_opacity=&#8221;1&#8243; css=&#8221;.vc_custom_1621513180776{padding-top: 40px !important;padding-bottom: 40px !important;}&#8221; mo_init_translate_y=&#8221;71&#8243; mo_init_translate_z=&#8221;-92&#8243; mo_init_rotate_x=&#8221;-27&#8243; el_class=&#8221;tablet_column_full&#8221;][vc_column width=&#8221;1\/2&#8243;]\t\n    \t    <div class=\"fancy-image mo-img-group-single\" data-reveal=\"true\" data-reveal-options='{\"direction\":\"rl\",\"bgcolor\":\"\",\"delay\":\"\"}' data-roundness=\"yes\" data-shadow-style=\"yes\">\n\t\t\t<div class=\"mo-img-container-inner\"  >\n\t\t\t<figure><img decoding=\"async\" src=\"https:\/\/info.hestiahotels.com\/haapsaluspa\/wp-content\/uploads\/sites\/2\/2021\/05\/2-kohaline-superiorklassi-tuba-1920x1080-2.jpg\" alt=\"image\" \/><\/figure>\t\n\t\t\t<\/div><!-- \/.mo-img-container-inner -->\n\t\t<\/div><!-- \/.fancy-image -->\n\t\t\t\n    [\/vc_column][vc_column width=&#8221;1\/2&#8243;][vc_empty_space height=&#8221;30px&#8221;]       \n      <div class=\"mo-title-box title-box-style1  text-left\"  ><h5>Hestia Hotel Haapsalu Spa<\/h5><h3>Superior<\/h3> <\/div>\n    [vc_column_text]Avaratest superior klassi tubadest avaneb t\u00e4ielik v\u00f5i osaline vaade merele. Igas toas on tee ja kohvi valmistamise v\u00f5imalus ning k\u00fclmik. Tunne r\u00f5\u00f5mu piiramatu vee- ja saunaspaa k\u00fclastuse, kiire interneti ja k\u00fcllusliku hommikus\u00f6\u00f6gi \u00fcle. Sobiv valik allergikutele.<\/p>\n<p>Toa suurus 16-17.5m2<br \/>\n\u00dcks lai voodi v\u00f5i kaks eraldi voodit<br \/>\nDu\u0161\u0161<br \/>\nKvaliteetne vannitoa kosmeetika \/ hommikumantlid \/ f\u00f6\u00f6n<br \/>\nLCD teler<br \/>\nPimendavad kardinad<br \/>\nNaturaalsest tammepuidust p\u00f5randad<br \/>\nKirjutuslaud ja pehme tugitool<br \/>\nToast reguleeritav konditsioneer<br \/>\nK\u00fclmik[\/vc_column_text][vc_empty_space height=&#8221;30px&#8221;][\/vc_column][\/vc_row][vc_row content_animation=&#8221;yes&#8221; mo_init_scale_x=&#8221;1&#8243; mo_init_scale_y=&#8221;1&#8243; mo_init_scale_z=&#8221;1&#8243; mo_init_opacity=&#8221;0&#8243; mo_an_scale_x=&#8221;1&#8243; mo_an_scale_y=&#8221;1&#8243; mo_an_scale_z=&#8221;1&#8243; mo_an_opacity=&#8221;1&#8243; css=&#8221;.vc_custom_1621507562310{padding-top: 40px !important;padding-bottom: 40px !important;background-color: #f2f3f4 !important;}&#8221; mo_init_translate_y=&#8221;71&#8243; mo_init_translate_z=&#8221;-92&#8243; mo_init_rotate_x=&#8221;-27&#8243; el_class=&#8221;tablet_column_full&#8221;][vc_column width=&#8221;1\/2&#8243;][vc_empty_space height=&#8221;30px&#8221;]       \n      <div class=\"mo-title-box title-box-style1  text-left\"  ><h5>Hestia Hotel Haapsalu Spa<\/h5><h3>Peretuba<\/h3> <\/div>\n    [vc_column_text]Kahetoalised peretoad asuvad enamjaolt kolmandal korrusel ja toast avaneb vaade vaiksele Sadama t\u00e4navale. Toas on avatav diivanvoodi kahele. Tunne r\u00f5\u00f5mu piiramatu vee- ja saunaspaa k\u00fclastuse, kiire interneti ja k\u00fcllusliku hommikus\u00f6\u00f6gi \u00fcle. Sobiv valik allergikutele.<\/p>\n<p>Toa suurus 23m2<br \/>\n\u00dcks lai voodi<br \/>\nDu\u0161\u0161iruum\/ WC<br \/>\nKvaliteetne vannitoa kosmeetika \/ hommikumantlid \/ f\u00f6\u00f6n<br \/>\n2 LCD telerit<br \/>\nPimendavad kardinad<br \/>\nNaturaalsest tammepuidust p\u00f5randad<br \/>\nKahekohaline avatav diivanvoodi<br \/>\nJahutus[\/vc_column_text][vc_empty_space height=&#8221;30px&#8221;][\/vc_column][vc_column width=&#8221;1\/2&#8243;]\t\n    \t    <div class=\"fancy-image mo-img-group-single\" data-reveal=\"true\" data-reveal-options='{\"direction\":\"rl\",\"bgcolor\":\"\",\"delay\":\"\"}' data-roundness=\"yes\" data-shadow-style=\"yes\">\n\t\t\t<div class=\"mo-img-container-inner\"  >\n\t\t\t<figure><img decoding=\"async\" src=\"https:\/\/info.hestiahotels.com\/haapsaluspa\/wp-content\/uploads\/sites\/2\/2021\/05\/05-1920x1080-2.jpg\" alt=\"image\" \/><\/figure>\t\n\t\t\t<\/div><!-- \/.mo-img-container-inner -->\n\t\t<\/div><!-- \/.fancy-image -->\n\t\t\t\n    [\/vc_column][\/vc_row][vc_row content_animation=&#8221;yes&#8221; mo_init_scale_x=&#8221;1&#8243; mo_init_scale_y=&#8221;1&#8243; mo_init_scale_z=&#8221;1&#8243; mo_init_opacity=&#8221;0&#8243; mo_an_scale_x=&#8221;1&#8243; mo_an_scale_y=&#8221;1&#8243; mo_an_scale_z=&#8221;1&#8243; mo_an_opacity=&#8221;1&#8243; css=&#8221;.vc_custom_1621513341296{padding-top: 40px !important;padding-bottom: 60px !important;}&#8221; mo_init_translate_y=&#8221;71&#8243; mo_init_translate_z=&#8221;-92&#8243; mo_init_rotate_x=&#8221;-27&#8243; el_class=&#8221;tablet_column_full&#8221;][vc_column width=&#8221;1\/2&#8243;]\t\n    \t    <div class=\"fancy-image mo-img-group-single\" data-reveal=\"true\" data-reveal-options='{\"direction\":\"rl\",\"bgcolor\":\"\",\"delay\":\"\"}' data-roundness=\"yes\" data-shadow-style=\"yes\">\n\t\t\t<div class=\"mo-img-container-inner\"  >\n\t\t\t<figure><img decoding=\"async\" src=\"https:\/\/info.hestiahotels.com\/haapsaluspa\/wp-content\/uploads\/sites\/2\/2021\/05\/Sviit-1920x1080-2.jpg\" alt=\"image\" \/><\/figure>\t\n\t\t\t<\/div><!-- \/.mo-img-container-inner -->\n\t\t<\/div><!-- \/.fancy-image -->\n\t\t\t\n    [\/vc_column][vc_column width=&#8221;1\/2&#8243;][vc_empty_space height=&#8221;30px&#8221;]       \n      <div class=\"mo-title-box title-box-style1  text-left\"  ><h5>Hestia Hotel Haapsalu Spa<\/h5><h3>Sviit<\/h3> <\/div>\n    [vc_column_text]Luksuslikust kahetoalisest sviidist avaneb hingemattev vaade merele. Toas on lisaks avatav diivanvoodi, kui k\u00fclalisi on enam, kui kaks. Tunne r\u00f5\u00f5mu piiramatu vee- ja saunaspaa k\u00fclastuse, kiire interneti ja k\u00fcllusliku hommikus\u00f6\u00f6gi \u00fcle. Sobiv valik allergikutele.<\/p>\n<p>Toa suurus 48,5 m2<br \/>\n\u00dcks lai voodi<br \/>\nMullivann \/ du\u0161\u0161<br \/>\nKvaliteetne vannitoa kosmeetika \/ hommikumantlid \/ f\u00f6\u00f6n<br \/>\nKahekohaline avatav diivanvoodi<br \/>\n2 LCD telerit<br \/>\nPimendavad kardinad<br \/>\nNaturaalsest tammepuidust p\u00f5randad<br \/>\nKirjutus- ja diivanilaud<br \/>\nToast reguleeritav konditsioneer<br \/>\nLisavoodi v\u00f5imalus<br \/>\nK\u00fclmik[\/vc_column_text][vc_empty_space height=&#8221;30px&#8221;][\/vc_column][\/vc_row][vc_row content_animation=&#8221;yes&#8221; mo_init_scale_x=&#8221;1&#8243; mo_init_scale_y=&#8221;1&#8243; mo_init_scale_z=&#8221;1&#8243; mo_init_opacity=&#8221;0&#8243; mo_an_scale_x=&#8221;1&#8243; mo_an_scale_y=&#8221;1&#8243; mo_an_scale_z=&#8221;1&#8243; mo_an_opacity=&#8221;1&#8243; css=&#8221;.vc_custom_1621513341296{padding-top: 40px !important;padding-bottom: 60px !important;}&#8221; mo_init_translate_y=&#8221;71&#8243; mo_init_translate_z=&#8221;-92&#8243; mo_init_rotate_x=&#8221;-27&#8243; el_class=&#8221;tablet_column_full&#8221;][vc_column width=&#8221;1\/2&#8243;][vc_empty_space height=&#8221;30px&#8221;]       \n      <div class=\"mo-title-box title-box-style1  text-left\"  ><h5>Hestia Hotel Haapsalu Spa<\/h5><h3>Deluxe<\/h3> <\/div>\n    [vc_column_text]Meie k\u00f5igil Deluxe tubadel on prantsuse r\u00f5du ja k\u00f5ikidest tubadest avaneb lummav vaade merele, loojuvale \u00f5htup\u00e4ikesele. Osades tubades on sul v\u00f5imalik nautida merevaadet otse vannist. Tunne r\u00f5\u00f5mu piiramatu vee- ja saunaspaa k\u00fclastuse, kiire interneti ja k\u00fcllusliku hommikus\u00f6\u00f6gi \u00fcle. Sobiv valik allergikutele.<\/p>\n<p>Toa suurus 22,2 \u2013 24,2 m\u00b2<br \/>\n\u00dcks lai 180 cm kontinentaalvoodi<br \/>\nDu\u0161\u0161 \/ vann<br \/>\nHommikumantlid \/ f\u00f6\u00f6n<br \/>\nLCD teler<br \/>\nPimendavad kardinad<br \/>\nLVT parkett<br \/>\nDiivanvoodi ja diivanilaud (osades tubades)<br \/>\nToast reguleeritav jahutus<br \/>\nK\u00fclmik \/ tee ja kohvi valmistamise v\u00f5imalus[\/vc_column_text][vc_empty_space height=&#8221;30px&#8221;][\/vc_column][vc_column width=&#8221;1\/2&#8243;]\t\n    \t    <div class=\"fancy-image mo-img-group-single\" data-reveal=\"true\" data-reveal-options='{\"direction\":\"rl\",\"bgcolor\":\"\",\"delay\":\"\"}' data-roundness=\"yes\" data-shadow-style=\"yes\">\n\t\t\t<div class=\"mo-img-container-inner\"  >\n\t\t\t<figure><img decoding=\"async\" src=\"https:\/\/info.hestiahotels.com\/haapsaluspa\/wp-content\/uploads\/sites\/2\/2023\/10\/Deluxe-6-scaled.jpg\" alt=\"image\" \/><\/figure>\t\n\t\t\t<\/div><!-- \/.mo-img-container-inner -->\n\t\t<\/div><!-- \/.fancy-image -->\n\t\t\t\n    [\/vc_column][\/vc_row]<\/p>\n<\/div>","protected":false},"excerpt":{"rendered":"<p>[vc_row css=&#8221;.vc_custom_1621592408272{padding-top: 60px !important;padding-bottom: 0px !important;background-position: center !important;background-repeat: no-repeat !important;background-size: cover !important;}&#8221;][vc_column][\/vc_column][\/vc_row][vc_row css=&#8221;.vc_custom_1621592639754{padding-top: 10px !important;padding-bottom: 10px !important;background-position: center !important;background-repeat: no-repeat !important;background-size: cover !important;}&#8221;][vc_column css=&#8221;.vc_custom_1621592203034{padding-top: 40px !important;padding-bottom: 40px !important;}&#8221;][vc_message message_box_color=&#8221;white&#8221; el_class=&#8221;info&#8221;]Meie jaoks on t\u00e4htsad nii Teie mugavus kui ka keskkonna hoidmine.P\u00e4evakoristust teeme vaid Teie soovil \u2013 palume selleks riputada vastav silt ukselingile. Nagisse riputatud k\u00e4ter\u00e4tiku puhul [&hellip;]<\/p>\n","protected":false},"author":2,"featured_media":0,"parent":0,"menu_order":0,"comment_status":"closed","ping_status":"closed","template":"","meta":{"inline_featured_image":false,"footnotes":""},"class_list":["post-1768","page","type-page","status-publish","hentry"],"_links":{"self":[{"href":"https:\/\/info.hestiahotels.com\/haapsaluspa\/wp-json\/wp\/v2\/pages\/1768","targetHints":{"allow":["GET"]}}],"collection":[{"href":"https:\/\/info.hestiahotels.com\/haapsaluspa\/wp-json\/wp\/v2\/pages"}],"about":[{"href":"https:\/\/info.hestiahotels.com\/haapsaluspa\/wp-json\/wp\/v2\/types\/page"}],"author":[{"embeddable":true,"href":"https:\/\/info.hestiahotels.com\/haapsaluspa\/wp-json\/wp\/v2\/users\/2"}],"replies":[{"embeddable":true,"href":"https:\/\/info.hestiahotels.com\/haapsaluspa\/wp-json\/wp\/v2\/comments?post=1768"}],"version-history":[{"count":38,"href":"https:\/\/info.hestiahotels.com\/haapsaluspa\/wp-json\/wp\/v2\/pages\/1768\/revisions"}],"predecessor-version":[{"id":2221,"href":"https:\/\/info.hestiahotels.com\/haapsaluspa\/wp-json\/wp\/v2\/pages\/1768\/revisions\/2221"}],"wp:attachment":[{"href":"https:\/\/info.hestiahotels.com\/haapsaluspa\/wp-json\/wp\/v2\/media?parent=1768"}],"curies":[{"name":"wp","href":"https:\/\/api.w.org\/{rel}","templated":true}]}}