{"id":1654,"date":"2021-05-20T14:40:59","date_gmt":"2021-05-20T11:40:59","guid":{"rendered":"https:\/\/info.hestiahotels.com\/haapsaluspa\/?page_id=1654"},"modified":"2025-08-04T12:57:01","modified_gmt":"2025-08-04T09:57:01","slug":"lisainformatsioon","status":"publish","type":"page","link":"https:\/\/info.hestiahotels.com\/haapsaluspa\/lisainformatsioon\/","title":{"rendered":"Lisainformatsioon"},"content":{"rendered":"<div class=\"wpb-content-wrapper\"><p>[vc_row css=&#8221;.vc_custom_1621088788434{padding-top: 80px !important;padding-bottom: 50px !important;background-position: center !important;background-repeat: no-repeat !important;background-size: cover !important;}&#8221;][vc_column]       \n      <div class=\"mo-title-box title-box-style5  text-center\"  ><h3>Lisainformatsioon<\/h3> <\/div>\n    [\/vc_column][\/vc_row][vc_row content_animation=&#8221;yes&#8221; mo_init_scale_x=&#8221;1&#8243; mo_init_scale_y=&#8221;1&#8243; mo_init_scale_z=&#8221;1&#8243; mo_init_opacity=&#8221;0&#8243; mo_an_scale_x=&#8221;1&#8243; mo_an_scale_y=&#8221;1&#8243; mo_an_scale_z=&#8221;1&#8243; mo_an_opacity=&#8221;1&#8243; css=&#8221;.vc_custom_1621514675656{padding-top: 40px !important;padding-bottom: 60px !important;}&#8221; mo_init_translate_y=&#8221;71&#8243; mo_init_translate_z=&#8221;-92&#8243; mo_init_rotate_x=&#8221;-27&#8243; el_class=&#8221;tablet_column_full&#8221;][vc_column]       \n      <div class=\"mo-title-box title-box-style1  text-center\"  ><h5>Hestia Hotel Haapsalu Spa<\/h5><h3>Konditsioneeri kasutusjuhend<\/h3> <\/div>\n    [vc_column_text]<\/p>\n<p data-start=\"104\" data-end=\"158\"><strong data-start=\"104\" data-end=\"158\">Meil on hotellitubades kahte t\u00fc\u00fcpi konditsioneere:<\/strong><\/p>\n<p data-start=\"190\" data-end=\"251\"><strong data-start=\"190\" data-end=\"251\">We have two types of air conditioners in the hotel rooms:<\/strong><\/p>\n<p>Superior-t\u00fc\u00fcpi tubades on kaugjuhitavad konditsioneerid\/Superior rooms have remote-controlled air conditioners[\/vc_column_text][vc_gallery interval=&#8221;0&#8243; images=&#8221;1790,1803&#8243; img_size=&#8221;full&#8221; onclick=&#8221;&#8221; css_animation=&#8221;fadeIn&#8221; el_class=&#8221;slider&#8221;][vc_column_text]Meie teiste toat\u00fc\u00fcpide konditsioneeri kasutusjuhend on j\u00e4rgmine:<br \/>\nThe user guide for the air conditioner in our other room types is as follows:[\/vc_column_text][vc_gallery interval=&#8221;0&#8243; images=&#8221;2209&#8243; img_size=&#8221;full&#8221;][\/vc_column][\/vc_row][vc_row content_animation=&#8221;yes&#8221; mo_init_scale_x=&#8221;1&#8243; mo_init_scale_y=&#8221;1&#8243; mo_init_scale_z=&#8221;1&#8243; mo_init_opacity=&#8221;0&#8243; mo_an_scale_x=&#8221;1&#8243; mo_an_scale_y=&#8221;1&#8243; mo_an_scale_z=&#8221;1&#8243; mo_an_opacity=&#8221;1&#8243; css=&#8221;.vc_custom_1621507551885{padding-bottom: 40px !important;}&#8221; mo_init_translate_y=&#8221;71&#8243; mo_init_translate_z=&#8221;-92&#8243; mo_init_rotate_x=&#8221;-27&#8243; el_class=&#8221;tablet_column_full&#8221;][vc_column width=&#8221;1\/2&#8243;]\t\n    \t    <div class=\"fancy-image mo-img-group-single\" data-reveal=\"true\" data-reveal-options='{\"direction\":\"rl\",\"bgcolor\":\"\",\"delay\":\"\"}' data-roundness=\"yes\" data-shadow-style=\"yes\">\n\t\t\t<div class=\"mo-img-container-inner\"  >\n\t\t\t<figure><img decoding=\"async\" src=\"https:\/\/info.hestiahotels.com\/haapsaluspa\/wp-content\/uploads\/sites\/2\/2021\/05\/pexels-photo-239548.jpeg\" alt=\"image\" \/><\/figure>\t\n\t\t\t<\/div><!-- \/.mo-img-container-inner -->\n\t\t<\/div><!-- \/.fancy-image -->\n\t\t\t\n    [\/vc_column][vc_column width=&#8221;1\/2&#8243;][vc_empty_space height=&#8221;30px&#8221;]       \n      <div class=\"mo-title-box title-box-style1  text-left\"  ><h5>Hestia Hotel Haapsalu Spa<\/h5><h3>Palun pane t\u00e4hele<\/h3> <\/div>\n    [vc_column_text]Meile on oluline, et puhkajad saaksid nautida kosutavat und, vaikust ja rahu &#8211; seet\u00f5ttu palume s\u00e4ilitada vaikust majas ka p\u00e4evasel ajal.<\/p>\n<p><strong>\u00d6\u00f6rahu on hotellis 23.00 \u2013 6.00<\/strong><\/p>\n<p>Meie mere\u00e4\u00e4rsest asukohast tingitult, palume pimedal ajal hoida hotellitoa aknad suletuna, eriti, kui toas p\u00f5leb valgus. Nii ei p\u00e4\u00e4se putukad, sh. \u00e4mblikud Teie puhkust segama. Palume hoida aknad suletuna ka siis, kui kasutad jahutust\/ konditsioneeri.<\/p>\n<p>Hotellist lahkudes v\u00f5ta endaga oma isiklikud asjad. Kui unustad maha midagi olulist, siis kontakteeru hotelli majapidamisjuhiga, tel. 53345614. Unustatud asju hoiustame max 2 kuud.<\/p>\n<p>Palume Sul hotelli siseruumides mitte suitsetada (suitsetamise korral rakendame trahvi 100\u20ac).[\/vc_column_text][vc_empty_space height=&#8221;30px&#8221;][\/vc_column][\/vc_row][vc_row content_animation=&#8221;yes&#8221; mo_init_scale_x=&#8221;1&#8243; mo_init_scale_y=&#8221;1&#8243; mo_init_scale_z=&#8221;1&#8243; mo_init_opacity=&#8221;0&#8243; mo_an_scale_x=&#8221;1&#8243; mo_an_scale_y=&#8221;1&#8243; mo_an_scale_z=&#8221;1&#8243; mo_an_opacity=&#8221;1&#8243; css=&#8221;.vc_custom_1621514474352{padding-top: 40px !important;padding-bottom: 40px !important;background-color: #f2f3f4 !important;}&#8221; mo_init_translate_y=&#8221;71&#8243; mo_init_translate_z=&#8221;-92&#8243; mo_init_rotate_x=&#8221;-27&#8243; el_class=&#8221;tablet_column_full&#8221;][vc_column width=&#8221;1\/2&#8243;][vc_empty_space height=&#8221;30px&#8221;]       \n      <div class=\"mo-title-box title-box-style1  text-left\"  ><h5>Hestia Hotel Haapsalu Spa<\/h5><h3>Tuleohutusjuhend<\/h3> <\/div>\n    [vc_column_text]Hotell on varustatud kaasaegsete ja kontrollitud tuleohutusseadmetega, sest meie soov on pakkuda Teile maksimaalselt turvalist puhkust. Turvaline puhkus h\u00f5lmab ka v\u00f5imalikult sihip\u00e4rast ja kontrollitud k\u00e4itumist eriolukordades, seega palume Teil tutvuda tuleohutusjuhistega, hoonest evakueerimise plaaniga ja Teie toale k\u00f5ige l\u00e4hemal paiknevate evakuatsiooniv\u00e4ljap\u00e4\u00e4sudega.<br \/>\nNumbritubades ja koridorides on keelatud suitsetamine, lahtise tule kasutamine, elektriseadmete (triikraud, kohvi- ja veekeedukann) valveta j\u00e4tmine. Numbritoast lahkudes l\u00fclitage v\u00e4lja k\u00f5ik valgustid ja kontrollige, et majapidamismasinad oleksid v\u00e4lja l\u00fclitatud.<\/p>\n<p>Suitsu v\u00f5i tule korral k\u00e4ivitub automaatne tulet\u00f5rjes\u00fcsteem ja k\u00f5lab pidev h\u00e4iresignaal. Kui kuulete h\u00e4iresignaali, siis sulgege aknad, v\u00e4ljuge toast, sulgege (lukustamata) uks ja minge l\u00e4hima v\u00e4ljap\u00e4\u00e4suni j\u00e4rgides evakuatsiooniplaani ja \u2013m\u00e4rke. H\u00e4daolukorras \u00e4rge kasutage lifte.<\/p>\n<p>Kui toast v\u00e4ljuda ei ole v\u00f5imalik, sulgege (lukustamata) uks, teavitage hotelli vastuv\u00f5ttu oma asukohast, asetage ukse alla m\u00e4rjad r\u00e4tikud, avage aknad ning n\u00e4idake end aknast.<\/p>\n<p><strong>TULEKAHJU KORRAL T\u00c4ITKE PALUN HOTELLI PERSONALI KORRALDUSI.<\/strong>[\/vc_column_text][vc_empty_space height=&#8221;30px&#8221;][\/vc_column][vc_column width=&#8221;1\/2&#8243;]\t\n    \t    <div class=\"fancy-image mo-img-group-single\" data-reveal=\"true\" data-reveal-options='{\"direction\":\"rl\",\"bgcolor\":\"\",\"delay\":\"\"}' data-roundness=\"yes\" data-shadow-style=\"yes\">\n\t\t\t<div class=\"mo-img-container-inner\"  >\n\t\t\t<figure><img decoding=\"async\" src=\"https:\/\/info.hestiahotels.com\/haapsaluspa\/wp-content\/uploads\/sites\/2\/2021\/05\/pexels-photo-189474.jpeg\" alt=\"image\" \/><\/figure>\t\n\t\t\t<\/div><!-- \/.mo-img-container-inner -->\n\t\t<\/div><!-- \/.fancy-image -->\n\t\t\t\n    [\/vc_column][\/vc_row]<\/p>\n<\/div>","protected":false},"excerpt":{"rendered":"<p>[vc_row css=&#8221;.vc_custom_1621088788434{padding-top: 80px !important;padding-bottom: 50px !important;background-position: center !important;background-repeat: no-repeat !important;background-size: cover !important;}&#8221;][vc_column][\/vc_column][\/vc_row][vc_row content_animation=&#8221;yes&#8221; mo_init_scale_x=&#8221;1&#8243; mo_init_scale_y=&#8221;1&#8243; mo_init_scale_z=&#8221;1&#8243; mo_init_opacity=&#8221;0&#8243; mo_an_scale_x=&#8221;1&#8243; mo_an_scale_y=&#8221;1&#8243; mo_an_scale_z=&#8221;1&#8243; mo_an_opacity=&#8221;1&#8243; css=&#8221;.vc_custom_1621514675656{padding-top: 40px !important;padding-bottom: 60px !important;}&#8221; mo_init_translate_y=&#8221;71&#8243; mo_init_translate_z=&#8221;-92&#8243; mo_init_rotate_x=&#8221;-27&#8243; el_class=&#8221;tablet_column_full&#8221;][vc_column][vc_column_text] Meil on hotellitubades kahte t\u00fc\u00fcpi konditsioneere: We have two types of air conditioners in the hotel rooms: Superior-t\u00fc\u00fcpi tubades on kaugjuhitavad konditsioneerid\/Superior rooms have remote-controlled [&hellip;]<\/p>\n","protected":false},"author":2,"featured_media":0,"parent":0,"menu_order":0,"comment_status":"closed","ping_status":"closed","template":"","meta":{"inline_featured_image":false,"footnotes":""},"class_list":["post-1654","page","type-page","status-publish","hentry"],"_links":{"self":[{"href":"https:\/\/info.hestiahotels.com\/haapsaluspa\/wp-json\/wp\/v2\/pages\/1654","targetHints":{"allow":["GET"]}}],"collection":[{"href":"https:\/\/info.hestiahotels.com\/haapsaluspa\/wp-json\/wp\/v2\/pages"}],"about":[{"href":"https:\/\/info.hestiahotels.com\/haapsaluspa\/wp-json\/wp\/v2\/types\/page"}],"author":[{"embeddable":true,"href":"https:\/\/info.hestiahotels.com\/haapsaluspa\/wp-json\/wp\/v2\/users\/2"}],"replies":[{"embeddable":true,"href":"https:\/\/info.hestiahotels.com\/haapsaluspa\/wp-json\/wp\/v2\/comments?post=1654"}],"version-history":[{"count":45,"href":"https:\/\/info.hestiahotels.com\/haapsaluspa\/wp-json\/wp\/v2\/pages\/1654\/revisions"}],"predecessor-version":[{"id":2243,"href":"https:\/\/info.hestiahotels.com\/haapsaluspa\/wp-json\/wp\/v2\/pages\/1654\/revisions\/2243"}],"wp:attachment":[{"href":"https:\/\/info.hestiahotels.com\/haapsaluspa\/wp-json\/wp\/v2\/media?parent=1654"}],"curies":[{"name":"wp","href":"https:\/\/api.w.org\/{rel}","templated":true}]}}