{"id":1611,"date":"2021-05-20T13:50:16","date_gmt":"2021-05-20T10:50:16","guid":{"rendered":"https:\/\/info.hestiahotels.com\/haapsaluspa\/?page_id=1611"},"modified":"2025-12-22T14:36:36","modified_gmt":"2025-12-22T12:36:36","slug":"vee-ja-saunaspaa","status":"publish","type":"page","link":"https:\/\/info.hestiahotels.com\/haapsaluspa\/vee-ja-saunaspaa\/","title":{"rendered":"Vee- ja saunaspaa"},"content":{"rendered":"<div class=\"wpb-content-wrapper\"><p>[vc_row css=&#8221;.vc_custom_1621088788434{padding-top: 80px !important;padding-bottom: 50px !important;background-position: center !important;background-repeat: no-repeat !important;background-size: cover !important;}&#8221;][vc_column]       \n      <div class=\"mo-title-box title-box-style5  text-center\"  ><h3>Vee- ja saunaspaa<\/h3> <\/div>\n    [\/vc_column][\/vc_row][vc_row content_animation=&#8221;yes&#8221; mo_init_scale_x=&#8221;1&#8243; mo_init_scale_y=&#8221;1&#8243; mo_init_scale_z=&#8221;1&#8243; mo_init_opacity=&#8221;0&#8243; mo_an_scale_x=&#8221;1&#8243; mo_an_scale_y=&#8221;1&#8243; mo_an_scale_z=&#8221;1&#8243; mo_an_opacity=&#8221;1&#8243; css=&#8221;.vc_custom_1621507134404{padding-top: 0px !important;padding-bottom: 40px !important;}&#8221; mo_init_translate_y=&#8221;71&#8243; mo_init_translate_z=&#8221;-92&#8243; mo_init_rotate_x=&#8221;-27&#8243; el_class=&#8221;tablet_column_full&#8221;][vc_column width=&#8221;1\/2&#8243;]\t\n    \t    <div class=\"fancy-image mo-img-group-single\" data-reveal=\"true\" data-reveal-options='{\"direction\":\"rl\",\"bgcolor\":\"\",\"delay\":\"\"}' data-roundness=\"yes\" data-shadow-style=\"yes\">\n\t\t\t<div class=\"mo-img-container-inner\"  >\n\t\t\t<figure><img decoding=\"async\" src=\"https:\/\/info.hestiahotels.com\/haapsaluspa\/wp-content\/uploads\/sites\/2\/2021\/05\/Laine_1597_Silver_Raidla-1920x1080-1.jpg\" alt=\"image\" \/><\/figure>\t\n\t\t\t<\/div><!-- \/.mo-img-container-inner -->\n\t\t<\/div><!-- \/.fancy-image -->\n\t\t\t\n    [\/vc_column][vc_column width=&#8221;1\/2&#8243;][vc_empty_space height=&#8221;30px&#8221;]       \n      <div class=\"mo-title-box title-box-style1  text-left\"  ><h5>Hestia Hotel Haapsalu Spa<\/h5><h3>Lahtiolekuajad ja asukoht<\/h3> <\/div>\n    [vc_column_text css=&#8221;&#8221;]<\/p>\n<h4>Vee- ja saunaspaa<\/h4>\n<p><strong>E-R<\/strong>\u00a010.00-22.00<\/p>\n<p><strong>L-P <\/strong>09.00-22.00 (s.h koolivaheajal)!<\/p>\n<p>Korrus: 1<br \/>\nTelefon: +372 53 775 703<\/p>\n<h4>Heaoluspaa<\/h4>\n<p><strong>E-P<\/strong> 09.00-20.00 Korrus: 1<br \/>\nTelefon: +372 472 4415[\/vc_column_text][vc_empty_space height=&#8221;30px&#8221;][\/vc_column][\/vc_row][vc_row css=&#8221;.vc_custom_1621508807380{padding-top: 40px !important;padding-bottom: 40px !important;background-color: #f2f3f4 !important;}&#8221;][vc_column width=&#8221;1\/3&#8243;][vc_column_text]<\/p>\n<h4 style=\"text-align: left\">Viis erinevat basseini<\/h4>\n<p style=\"text-align: left\">Veel on imeline v\u00f5ime ergastada vaimu ja tugevdada tervist l\u00e4bi l\u00f5\u00f5gastumise, stressi v\u00e4hendamise ja j\u00f5uvarude uuendamise.<\/p>\n<ul class=\"nimekiri\">\n<li>Lainetav<\/li>\n<li>Tormine<\/li>\n<li>Voolav<\/li>\n<li>J\u00e4ine<\/li>\n<li>P\u00e4ikeseline<\/li>\n<\/ul>\n<p>[\/vc_column_text][\/vc_column][vc_column width=&#8221;1\/3&#8243;][vc_column_text]<\/p>\n<h4 style=\"text-align: left\">Viis erinevat sauna<\/h4>\n<p style=\"text-align: left\">Saun on m\u00f5nus, kosutav ja tervisele kasulik. \u00d5ige saunask\u00e4imine karastab, organismi vastupanuv\u00f5ime kasvab, nahk muutub siledamaks, \u00fcldine enesetunne paraneb.<\/p>\n<ul class=\"nimekiri\">\n<li>L\u00f5\u00f5gastav &amp; kadakane<\/li>\n<li>Kuum &amp; meeleline<\/li>\n<li>\u00c4kiline &amp; kuiv<\/li>\n<li>Sool &amp; muda<\/li>\n<li>Udune &amp; niiske<\/li>\n<\/ul>\n<p>[\/vc_column_text][\/vc_column][vc_column width=&#8221;1\/3&#8243;][vc_column_text]<\/p>\n<h4 style=\"text-align: left\">Kiired ampsud<\/h4>\n<p style=\"text-align: left\">Spaa kohvikus pakume karastavaid jooke, smuutisid, salateid, kergeid suupisteid ja loomulikult k\u00f5igi lemmikut \u2013 j\u00e4\u00e4tist!<br \/>\nEi puudu ka kuumad joogid ning soojad v\u00f5ileivad, quiched ja burgerid. Lase ainult hea maitsta!<\/p>\n<p>[\/vc_column_text][\/vc_column][\/vc_row][vc_row content_animation=&#8221;yes&#8221; mo_init_scale_x=&#8221;1&#8243; mo_init_scale_y=&#8221;1&#8243; mo_init_scale_z=&#8221;1&#8243; mo_init_opacity=&#8221;0&#8243; mo_an_scale_x=&#8221;1&#8243; mo_an_scale_y=&#8221;1&#8243; mo_an_scale_z=&#8221;1&#8243; mo_an_opacity=&#8221;1&#8243; css=&#8221;.vc_custom_1621512462911{padding-top: 40px !important;padding-bottom: 60px !important;}&#8221; mo_init_translate_y=&#8221;71&#8243; mo_init_translate_z=&#8221;-92&#8243; mo_init_rotate_x=&#8221;-27&#8243; el_class=&#8221;tablet_column_full&#8221;][vc_column width=&#8221;1\/2&#8243;][vc_empty_space height=&#8221;30px&#8221;]       \n      <div class=\"mo-title-box title-box-style1  text-left\"  ><h5>Hestia Hotel Haapsalu Spa<\/h5><h3>R\u00e4tikud<\/h3><div class=\"content\">Palume vee- ja saunaspaasse minnes k\u00fcsida saunalina Lesila letist.<\/div> <\/div>\n    [vc_empty_space height=&#8221;30px&#8221;][\/vc_column][vc_column width=&#8221;1\/2&#8243;]\t\n    \t    <div class=\"fancy-image mo-img-group-single\" data-reveal=\"true\" data-reveal-options='{\"direction\":\"rl\",\"bgcolor\":\"\",\"delay\":\"\"}' data-roundness=\"yes\" data-shadow-style=\"yes\">\n\t\t\t<div class=\"mo-img-container-inner\"  >\n\t\t\t<figure><img decoding=\"async\" src=\"https:\/\/info.hestiahotels.com\/haapsaluspa\/wp-content\/uploads\/sites\/2\/2021\/05\/ratik.jpg\" alt=\"image\" \/><\/figure>\t\n\t\t\t<\/div><!-- \/.mo-img-container-inner -->\n\t\t<\/div><!-- \/.fancy-image -->\n\t\t\t\n    [\/vc_column][\/vc_row]<\/p>\n<\/div>","protected":false},"excerpt":{"rendered":"<p>[vc_row css=&#8221;.vc_custom_1621088788434{padding-top: 80px !important;padding-bottom: 50px !important;background-position: center !important;background-repeat: no-repeat !important;background-size: cover !important;}&#8221;][vc_column][\/vc_column][\/vc_row][vc_row content_animation=&#8221;yes&#8221; mo_init_scale_x=&#8221;1&#8243; mo_init_scale_y=&#8221;1&#8243; mo_init_scale_z=&#8221;1&#8243; mo_init_opacity=&#8221;0&#8243; mo_an_scale_x=&#8221;1&#8243; mo_an_scale_y=&#8221;1&#8243; mo_an_scale_z=&#8221;1&#8243; mo_an_opacity=&#8221;1&#8243; css=&#8221;.vc_custom_1621507134404{padding-top: 0px !important;padding-bottom: 40px !important;}&#8221; mo_init_translate_y=&#8221;71&#8243; mo_init_translate_z=&#8221;-92&#8243; mo_init_rotate_x=&#8221;-27&#8243; el_class=&#8221;tablet_column_full&#8221;][vc_column width=&#8221;1\/2&#8243;][\/vc_column][vc_column width=&#8221;1\/2&#8243;][vc_empty_space height=&#8221;30px&#8221;][vc_column_text css=&#8221;&#8221;] Vee- ja saunaspaa E-R\u00a010.00-22.00 L-P 09.00-22.00 (s.h koolivaheajal)! Korrus: 1 Telefon: +372 53 775 703 Heaoluspaa E-P 09.00-20.00 Korrus: 1 Telefon: [&hellip;]<\/p>\n","protected":false},"author":3,"featured_media":0,"parent":0,"menu_order":0,"comment_status":"closed","ping_status":"closed","template":"","meta":{"inline_featured_image":false,"footnotes":""},"class_list":["post-1611","page","type-page","status-publish","hentry"],"_links":{"self":[{"href":"https:\/\/info.hestiahotels.com\/haapsaluspa\/wp-json\/wp\/v2\/pages\/1611","targetHints":{"allow":["GET"]}}],"collection":[{"href":"https:\/\/info.hestiahotels.com\/haapsaluspa\/wp-json\/wp\/v2\/pages"}],"about":[{"href":"https:\/\/info.hestiahotels.com\/haapsaluspa\/wp-json\/wp\/v2\/types\/page"}],"author":[{"embeddable":true,"href":"https:\/\/info.hestiahotels.com\/haapsaluspa\/wp-json\/wp\/v2\/users\/3"}],"replies":[{"embeddable":true,"href":"https:\/\/info.hestiahotels.com\/haapsaluspa\/wp-json\/wp\/v2\/comments?post=1611"}],"version-history":[{"count":38,"href":"https:\/\/info.hestiahotels.com\/haapsaluspa\/wp-json\/wp\/v2\/pages\/1611\/revisions"}],"predecessor-version":[{"id":2234,"href":"https:\/\/info.hestiahotels.com\/haapsaluspa\/wp-json\/wp\/v2\/pages\/1611\/revisions\/2234"}],"wp:attachment":[{"href":"https:\/\/info.hestiahotels.com\/haapsaluspa\/wp-json\/wp\/v2\/media?parent=1611"}],"curies":[{"name":"wp","href":"https:\/\/api.w.org\/{rel}","templated":true}]}}