{"id":1588,"date":"2021-05-20T13:07:48","date_gmt":"2021-05-20T10:07:48","guid":{"rendered":"https:\/\/info.hestiahotels.com\/haapsaluspa\/?page_id=1588"},"modified":"2025-12-22T14:45:33","modified_gmt":"2025-12-22T12:45:33","slug":"toitlustus","status":"publish","type":"page","link":"https:\/\/info.hestiahotels.com\/haapsaluspa\/toitlustus\/","title":{"rendered":"Toitlustus"},"content":{"rendered":"<div class=\"wpb-content-wrapper\">[vc_row][vc_column][vc_column_text][\/vc_column_text][\/vc_column][\/vc_row][vc_row css=&#8221;.vc_custom_1621088788434{padding-top: 80px !important;padding-bottom: 50px !important;background-position: center !important;background-repeat: no-repeat !important;background-size: cover !important;}&#8221;][vc_column]       \n      <div class=\"mo-title-box title-box-style5  text-center\"  ><h3>Toitlustus<\/h3> <\/div>\n    [\/vc_column][\/vc_row][vc_row][vc_column][vc_column_text]\r\n\n<p>[\/vc_column_text][\/vc_column][\/vc_row][vc_row content_animation=&#8221;yes&#8221; mo_init_scale_x=&#8221;1&#8243; mo_init_scale_y=&#8221;1&#8243; mo_init_scale_z=&#8221;1&#8243; mo_init_opacity=&#8221;0&#8243; mo_an_scale_x=&#8221;1&#8243; mo_an_scale_y=&#8221;1&#8243; mo_an_scale_z=&#8221;1&#8243; mo_an_opacity=&#8221;1&#8243; css=&#8221;.vc_custom_1621507134404{padding-top: 0px !important;padding-bottom: 40px !important;}&#8221; mo_init_translate_y=&#8221;71&#8243; mo_init_translate_z=&#8221;-92&#8243; mo_init_rotate_x=&#8221;-27&#8243; el_class=&#8221;tablet_column_full&#8221;][vc_column width=&#8221;1\/2&#8243;]\t\n    \t    <div class=\"fancy-image mo-img-group-single\" data-reveal=\"true\" data-reveal-options='{\"direction\":\"rl\",\"bgcolor\":\"\",\"delay\":\"\"}' data-roundness=\"yes\" data-shadow-style=\"yes\">\n\t\t\t<div class=\"mo-img-container-inner\"  >\n\t\t\t<figure><img decoding=\"async\" src=\"https:\/\/info.hestiahotels.com\/haapsaluspa\/wp-content\/uploads\/sites\/2\/2021\/05\/Copy-of-Hestia-1920x1080-Landscape-Screen-12-1920x1080-1.jpg\" alt=\"image\" \/><\/figure>\t\n\t\t\t<\/div><!-- \/.mo-img-container-inner -->\n\t\t<\/div><!-- \/.fancy-image -->\n\t\t\t\n    [\/vc_column][vc_column width=&#8221;1\/2&#8243;][vc_empty_space height=&#8221;30px&#8221;]       \n      <div class=\"mo-title-box title-box-style1  text-left\"  ><h5>Hestia Hotel Haapsalu Spa<\/h5><h3>Hommikus\u00f6\u00f6k<\/h3><div class=\"content\"><\/p>\n<p>Mitmek\u00fclgset ja maitsvat hommikus\u00f6\u00f6ki saab nautida m\u00f5nusalt avaras ruumis, taustaks m\u00e4ngimas meeldiv muusika ning aknast paistmas meri. Hommikus\u00f6\u00f6gimen\u00fc\u00fcs on traditsioonilised kuumad road: puder, pannkoogid, ahjuomlett, peekon, munad jne. V\u00f5ileiva tegemiseks on k\u00f5ike head ja paremat: juustu, vorsti, k\u00f6\u00f6givilju, kala ja ei puudu ka v\u00fcrtsikilu ning palju muud. Lisaks puuvilju, m\u00fcslit, erinevad kodumaiseid kr\u00f5binaid, jogurtit, saia, leiba ja mahla. Erilise t\u00e4helepanu oleme p\u00fchendanud meie meisterkondiitrite poolt valmistatud v\u00f5rratutele kookidele ja hommikukohvile \u2013 v\u00f5ta latte, cappuccino v\u00f5i must kohv \u2013 k\u00f5ik on valmis! <strong>Hommikus\u00f6\u00f6k toimub Blu Holm restos, teisel korrusel.<\/strong> <strong>Hommikus\u00f6\u00f6k<\/strong> <strong>E-R<\/strong> 7.00-10.00 <strong>L-P<\/strong> 7.30-11.00<\/p>\n<p><\/div> <\/div>\n    [vc_empty_space height=&#8221;30px&#8221;][\/vc_column][\/vc_row][vc_row][vc_column][vc_column_text](s.h koolivaheajal)![vc_row][vc_column width=&#8221;1\/1&#8243;][vc_column_text]<\/p>\n[\/vc_column_text][\/vc_column][\/vc_row][vc_row content_animation=&#8221;yes&#8221; mo_init_scale_x=&#8221;1&#8243; mo_init_scale_y=&#8221;1&#8243; mo_init_scale_z=&#8221;1&#8243; mo_init_opacity=&#8221;0&#8243; mo_an_scale_x=&#8221;1&#8243; mo_an_scale_y=&#8221;1&#8243; mo_an_scale_z=&#8221;1&#8243; mo_an_opacity=&#8221;1&#8243; css=&#8221;.vc_custom_1621507089286{padding-top: 40px !important;padding-bottom: 40px !important;background-color: #f2f3f4 !important;}&#8221; mo_init_translate_y=&#8221;71&#8243; mo_init_translate_z=&#8221;-92&#8243; mo_init_rotate_x=&#8221;-27&#8243; el_class=&#8221;tablet_column_full&#8221;][vc_column width=&#8221;1\/2&#8243;][vc_empty_space height=&#8221;30px&#8221;]       \n      <div class=\"mo-title-box title-box-style1  text-left\"  ><h5>Hestia Hotel Haapsalu Spa<\/h5><h3>Blu Holm resto<\/h3><div class=\"content\">Alati v\u00e4rske, puhtad maitsed ja v\u00e4rvilised road \u2013 tulemuseks on toit, mis on tulvil kontraste, kuid olemuselt rahulik ja harmooniline, just nagu eestlane isegi. Blu Holm resto m\u00f5nusalt hubane atmosf\u00e4\u00e4r, hea muusika, p\u00e4ikeseloojangud ja maitser\u00e4nnakud pakuvad elamusi tervele perele. Tule ainult k\u00fclla! <strong>Oleme avatud<\/strong> <strong>E-P<\/strong> 12.00-22.00 Korrus: 2 Telefon: +372 472 4416<\/div> <\/div>\n    [vc_empty_space height=&#8221;30px&#8221;][\/vc_column][vc_column width=&#8221;1\/2&#8243;]\t\n    \t    <div class=\"fancy-image mo-img-group-single\" data-reveal=\"true\" data-reveal-options='{\"direction\":\"rl\",\"bgcolor\":\"\",\"delay\":\"\"}' data-roundness=\"yes\" data-shadow-style=\"yes\">\n\t\t\t<div class=\"mo-img-container-inner\"  >\n\t\t\t<figure><img decoding=\"async\" src=\"https:\/\/info.hestiahotels.com\/haapsaluspa\/wp-content\/uploads\/sites\/2\/2022\/03\/DSC03293_Silver_Raidla.jpg\" alt=\"image\" \/><\/figure>\t\n\t\t\t<\/div><!-- \/.mo-img-container-inner -->\n\t\t<\/div><!-- \/.fancy-image -->\n\t\t\t\n    [\/vc_column][\/vc_row][vc_row][vc_column][vc_column_text][vc_row][vc_column width=&#8221;1\/1&#8243;][vc_column_text]\n\n<!-- \/wp:post-content -->[\/vc_column_text][\/vc_column][\/vc_row][vc_row content_animation=&#8221;yes&#8221; mo_init_scale_x=&#8221;1&#8243; mo_init_scale_y=&#8221;1&#8243; mo_init_scale_z=&#8221;1&#8243; mo_init_opacity=&#8221;0&#8243; mo_an_scale_x=&#8221;1&#8243; mo_an_scale_y=&#8221;1&#8243; mo_an_scale_z=&#8221;1&#8243; mo_an_opacity=&#8221;1&#8243; css=&#8221;.vc_custom_1621507171462{padding-top: 40px !important;padding-bottom: 40px !important;}&#8221; mo_init_translate_y=&#8221;71&#8243; mo_init_translate_z=&#8221;-92&#8243; mo_init_rotate_x=&#8221;-27&#8243; el_class=&#8221;tablet_column_full&#8221;][vc_column width=&#8221;1\/2&#8243;]\t\n    \t    <div class=\"fancy-image mo-img-group-single\" data-reveal=\"true\" data-reveal-options='{\"direction\":\"rl\",\"bgcolor\":\"\",\"delay\":\"\"}' data-roundness=\"yes\" data-shadow-style=\"yes\">\n\t\t\t<div class=\"mo-img-container-inner\"  >\n\t\t\t<figure><img decoding=\"async\" src=\"https:\/\/info.hestiahotels.com\/haapsaluspa\/wp-content\/uploads\/sites\/2\/2021\/05\/Copy-of-Hestia-1920x1080-Landscape-Screen-19-1920x1080-1.jpg\" alt=\"image\" \/><\/figure>\t\n\t\t\t<\/div><!-- \/.mo-img-container-inner -->\n\t\t<\/div><!-- \/.fancy-image -->\n\t\t\t\n    [\/vc_column][vc_column width=&#8221;1\/2&#8243;][vc_empty_space height=&#8221;30px&#8221;]       \n      <div class=\"mo-title-box title-box-style1  text-left\"  ><h5>Hestia Hotel Haapsalu Spa<\/h5><h3>Lesila<\/h3><div class=\"content\">Lihtsalt m\u00f5nusa olemise paik hotelli s\u00fcdames. Valgusk\u00fcllane, imelise merevaatega ning sume paik asub esimesel korrusel, kus hetkeks peatuda, nautida h\u00f5rk tordil\u00f5ik, aromaatne kohv v\u00f5i klaasike veini. Ja puhkus v\u00f5ib j\u00e4tkuda. <strong>Lesila<\/strong> P-N 9.00-22.00 R-L 9.00-23.00 Korrus: 1 Telefon: +372 53 775 703<\/div> <\/div>\n    [vc_empty_space height=&#8221;30px&#8221;][\/vc_column][\/vc_row][vc_row][vc_column][vc_column_text]<!-- \/wp:shortcode -->[\/vc_column_text][\/vc_column][\/vc_row]<\/div>","protected":false},"excerpt":{"rendered":"<p>[vc_row][vc_column][vc_column_text][\/vc_column_text][\/vc_column][\/vc_row][vc_row css=&#8221;.vc_custom_1621088788434{padding-top: 80px !important;padding-bottom: 50px !important;background-position: center !important;background-repeat: no-repeat !important;background-size: cover !important;}&#8221;][vc_column][\/vc_column][\/vc_row][vc_row][vc_column][vc_column_text] [\/vc_column_text][\/vc_column][\/vc_row][vc_row content_animation=&#8221;yes&#8221; mo_init_scale_x=&#8221;1&#8243; mo_init_scale_y=&#8221;1&#8243; mo_init_scale_z=&#8221;1&#8243; mo_init_opacity=&#8221;0&#8243; mo_an_scale_x=&#8221;1&#8243; mo_an_scale_y=&#8221;1&#8243; mo_an_scale_z=&#8221;1&#8243; mo_an_opacity=&#8221;1&#8243; css=&#8221;.vc_custom_1621507089286{padding-top: 40px !important;padding-bottom: 40px !important;background-color: #f2f3f4 !important;}&#8221; mo_init_translate_y=&#8221;71&#8243; mo_init_translate_z=&#8221;-92&#8243; mo_init_rotate_x=&#8221;-27&#8243; el_class=&#8221;tablet_column_full&#8221;][vc_column width=&#8221;1\/2&#8243;][vc_empty_space height=&#8221;30px&#8221;][vc_empty_space height=&#8221;30px&#8221;][\/vc_column][vc_column width=&#8221;1\/2&#8243;][\/vc_column][\/vc_row][vc_row][vc_column][vc_column_text][vc_row][vc_column width=&#8221;1\/1&#8243;][vc_column_text] [\/vc_column_text][\/vc_column][\/vc_row][vc_row content_animation=&#8221;yes&#8221; mo_init_scale_x=&#8221;1&#8243; mo_init_scale_y=&#8221;1&#8243; mo_init_scale_z=&#8221;1&#8243; mo_init_opacity=&#8221;0&#8243; mo_an_scale_x=&#8221;1&#8243; mo_an_scale_y=&#8221;1&#8243; mo_an_scale_z=&#8221;1&#8243; mo_an_opacity=&#8221;1&#8243; css=&#8221;.vc_custom_1621507171462{padding-top: 40px !important;padding-bottom: 40px !important;}&#8221; mo_init_translate_y=&#8221;71&#8243; mo_init_translate_z=&#8221;-92&#8243; [&hellip;]<\/p>\n","protected":false},"author":3,"featured_media":0,"parent":0,"menu_order":0,"comment_status":"closed","ping_status":"closed","template":"","meta":{"inline_featured_image":false,"footnotes":""},"class_list":["post-1588","page","type-page","status-publish","hentry"],"_links":{"self":[{"href":"https:\/\/info.hestiahotels.com\/haapsaluspa\/wp-json\/wp\/v2\/pages\/1588","targetHints":{"allow":["GET"]}}],"collection":[{"href":"https:\/\/info.hestiahotels.com\/haapsaluspa\/wp-json\/wp\/v2\/pages"}],"about":[{"href":"https:\/\/info.hestiahotels.com\/haapsaluspa\/wp-json\/wp\/v2\/types\/page"}],"author":[{"embeddable":true,"href":"https:\/\/info.hestiahotels.com\/haapsaluspa\/wp-json\/wp\/v2\/users\/3"}],"replies":[{"embeddable":true,"href":"https:\/\/info.hestiahotels.com\/haapsaluspa\/wp-json\/wp\/v2\/comments?post=1588"}],"version-history":[{"count":27,"href":"https:\/\/info.hestiahotels.com\/haapsaluspa\/wp-json\/wp\/v2\/pages\/1588\/revisions"}],"predecessor-version":[{"id":2240,"href":"https:\/\/info.hestiahotels.com\/haapsaluspa\/wp-json\/wp\/v2\/pages\/1588\/revisions\/2240"}],"wp:attachment":[{"href":"https:\/\/info.hestiahotels.com\/haapsaluspa\/wp-json\/wp\/v2\/media?parent=1588"}],"curies":[{"name":"wp","href":"https:\/\/api.w.org\/{rel}","templated":true}]}}