{"id":316,"date":"2019-10-09T16:25:19","date_gmt":"2019-10-09T13:25:19","guid":{"rendered":"http:\/\/motivoweb.com\/ruya\/demo\/?page_id=316"},"modified":"2025-12-09T12:56:50","modified_gmt":"2025-12-09T10:56:50","slug":"personal-landing","status":"publish","type":"page","link":"https:\/\/info.hestiahotels.com\/europa\/","title":{"rendered":"Esileht"},"content":{"rendered":"<div class=\"wpb-content-wrapper\"><p>[vc_row row_separator=&#8221;curve&#8221; color_separator=&#8221;svg_white&#8221; content_bg_color=&#8221;bg-grey&#8221; css=&#8221;.vc_custom_1564708854662{background-position: center !important;background-repeat: no-repeat !important;background-size: cover !important;}&#8221;][vc_column][rev_slider_vc alias=&#8221;personal-landing&#8221;][\/vc_column][\/vc_row][vc_row content_animation=&#8221;yes&#8221; mo_init_scale_x=&#8221;1&#8243; mo_init_scale_y=&#8221;1&#8243; mo_init_scale_z=&#8221;1&#8243; mo_init_opacity=&#8221;0&#8243; mo_an_scale_x=&#8221;1&#8243; mo_an_scale_y=&#8221;1&#8243; mo_an_scale_z=&#8221;1&#8243; mo_an_opacity=&#8221;1&#8243; css=&#8221;.vc_custom_1621150065862{padding-top: 40px !important;padding-bottom: 10px !important;}&#8221; mo_init_translate_y=&#8221;71&#8243; mo_init_translate_z=&#8221;-92&#8243; mo_init_rotate_x=&#8221;-27&#8243; el_id=&#8221;loe&#8221;][vc_column][vc_row_inner][vc_column_inner width=&#8221;1\/3&#8243; css=&#8221;.vc_custom_1621080265142{padding-bottom: -15px !important;}&#8221;]       \n      <div class=\"mo-title-box title-box-style1  text-left\"  ><h5>Meie hotell<\/h5><h3>\u00dcletatud ootused linna s\u00fcdames<\/h3> <\/div>\n    [\/vc_column_inner][vc_column_inner width=&#8221;2\/3&#8243; css=&#8221;.vc_custom_1621080502620{padding-top: -20px !important;}&#8221;][vc_column_text css=&#8221;.vc_custom_1765192008986{margin-bottom: 0px !important;padding-top: 20px !important;padding-right: 5% !important;}&#8221;]Hestia Hotel Europa asub Tallinna kesklinnas merev\u00e4rava ehk reisisadama, areneva Rotermanni kvartali ja vanalinna vahelisel tuiksoonel. Neljat\u00e4rnihotell on peamiselt suunatud \u00e4ri- ja konverentsik\u00fclastajale \u2013 mitmek\u00fclgne konverentsikeskus v\u00f5imaldab \u00fcritusi kuni 700 k\u00fclalisele. Samas on hotell hinnatud avarate ja mugavate tubade t\u00f5ttu, olles seega ideaalne peatuspaik igale mugavust ja head asukohta hindavale k\u00fclastajale!<\/p>\n<p><strong>Sisse- ja v\u00e4ljaregistreerimine<\/strong><\/p>\n<p>Sisseregistreerimine alates kell 15.00.<br \/>\nHotellist v\u00e4ljaregistreerimine hiljemalt kell 12.00.<\/p>\n<p>Kui soovite oma tuba kauem kasutada v\u00f5i hotellis viibimise aega pikendada, v\u00f5tke palun \u00fchendust vastuv\u00f5tuga.[\/vc_column_text][\/vc_column_inner][\/vc_row_inner][\/vc_column][\/vc_row][vc_row content_animation=&#8221;yes&#8221; mo_init_scale_x=&#8221;1&#8243; mo_init_scale_y=&#8221;1&#8243; mo_init_scale_z=&#8221;1&#8243; mo_init_opacity=&#8221;0&#8243; mo_an_scale_x=&#8221;1&#8243; mo_an_scale_y=&#8221;1&#8243; mo_an_scale_z=&#8221;1&#8243; mo_an_opacity=&#8221;1&#8243; css=&#8221;.vc_custom_1621149072018{padding-top: 30px !important;padding-bottom: 30px !important;}&#8221; mo_init_translate_y=&#8221;71&#8243; mo_init_translate_z=&#8221;-92&#8243; mo_init_rotate_x=&#8221;-27&#8243;][vc_column css=&#8221;.vc_custom_1621147368965{border-bottom-width: -30px !important;}&#8221;]       \n      <div class=\"mo-title-box title-box-style1  text-center\"  ><h5>Hestia Hotel Europa<\/h5><h3>Avasta meie hotelli<\/h3> <\/div>\n    [vc_row_inner css=&#8221;.vc_custom_1621147145469{padding-top: 20px !important;padding-bottom: 20px !important;}&#8221; el_class=&#8221;tablet_column_full&#8221;][vc_column_inner width=&#8221;1\/3&#8243;][vc_column_text css=&#8221;.vc_custom_1700746686971{padding-top: 10px !important;}&#8221;]<\/p>\n<h4 style=\"text-align: center\">Restoran<\/h4>\n<p>[\/vc_column_text]\t<div class=\"image-box  image-box-style3\">\n        \n\t\t<div class=\"thumb-service\">\n\t\t\t<img decoding=\"async\" src=\"https:\/\/info.hestiahotels.com\/europa\/wp-content\/uploads\/sites\/5\/2023\/10\/resto-1.jpg\" alt=\"Baarle Resto\"\/>\n\t\t<\/div><div class=\"title-wrap\">\n  <h6>Baarle Resto<\/h6><div class=\"content\">Oleme avatud:<\/p>\n<p><strong>E\u2013P<\/strong> 12.00 \u2013 22.00<\/p>\n<p>Korrus 0<\/p>\n<p>Restorani telefoninumber: +3726699785<br \/>\nL\u00fchinumber toast: 785<\/div><a class=\"button btn-txt btn-txt-arrow dark hr_primary  bg_hr_primary\" href=\"https:\/\/info.hestiahotels.com\/europa\/toitlustus\/#baarle\" target=\"_self\"><span class=\"button-text\">Vaata l\u00e4hemalt<\/span> <span class=\"button-arrow\"><span class=\"button-icon\"><\/span><\/span><\/a> <\/div>\t<\/div>\n    [\/vc_column_inner][vc_column_inner width=&#8221;1\/3&#8243;][vc_column_text css=&#8221;.vc_custom_1700836152309{padding-top: 10px !important;}&#8221;]<\/p>\n<h4 style=\"text-align: center\">Lisainformatsioon<\/h4>\n<p>[\/vc_column_text]\t<div class=\"image-box  image-box-style3\">\n        \n\t\t<div class=\"thumb-service\">\n\t\t\t<img decoding=\"async\" src=\"https:\/\/info.hestiahotels.com\/europa\/wp-content\/uploads\/sites\/5\/2025\/12\/Hestia_Europa_0264_ARaudjalg_0200-1.jpg\" alt=\"Lobby baar\"\/>\n\t\t<\/div><div class=\"title-wrap\">\n  <h6>Lobby baar<\/h6><div class=\"content\">Meie lobby baar on avar ja valgusk\u00fcllane ala, mis sobib suurep\u00e4raselt nii kiireteks \u00e4rikohtumisteks kui ka kolleegide ja s\u00f5pradega aja veetmiseks. Baaris pakutakse kuumi ja k\u00fclmi jooke, kokteile ning kergeid eineid, mis teeb sellest mugava ja mitmek\u00fclgse peatuspaiga igal kellaajal.<\/div><a class=\"button btn-txt btn-txt-arrow dark hr_primary  bg_hr_primary\" href=\"https:\/\/info.hestiahotels.com\/europa\/lisainformatsioon\/#lobby\" target=\"_self\"><span class=\"button-text\">Vaata l\u00e4hemalt<\/span> <span class=\"button-arrow\"><span class=\"button-icon\"><\/span><\/span><\/a> <\/div>\t<\/div>\n    [\/vc_column_inner][vc_column_inner width=&#8221;1\/3&#8243;][vc_column_text css=&#8221;.vc_custom_1621511317018{padding-top: 10px !important;}&#8221;]<\/p>\n<h4 style=\"text-align: center\">Toitlustus<\/h4>\n<p>[\/vc_column_text]\t<div class=\"image-box  image-box-style3\">\n        \n\t\t<div class=\"thumb-service\">\n\t\t\t<img decoding=\"async\" src=\"https:\/\/info.hestiahotels.com\/europa\/wp-content\/uploads\/sites\/5\/2023\/10\/hs-1.jpg\" alt=\"Hommikus\u00f6\u00f6k\"\/>\n\t\t<\/div><div class=\"title-wrap\">\n  <h6>Hommikus\u00f6\u00f6k<\/h6><div class=\"content\">Hommikus\u00f6\u00f6gi ajad:<\/p>\n<p><strong>E-R<\/strong> 06.30-10.00<br \/>\n<strong>L-P<\/strong> ja riiklikud p\u00fchad 06.30 -11.00<\/p>\n<p>Korrus 0<\/p>\n<p>Hommikus\u00f6\u00f6gi tuppa tellimine 10 \u20ac<\/div><a class=\"button btn-txt btn-txt-arrow dark hr_primary  bg_hr_primary\" href=\"https:\/\/info.hestiahotels.com\/europa\/toitlustus\/#hommikusook\" target=\"_self\"><span class=\"button-text\">Vaata l\u00e4hemalt<\/span> <span class=\"button-arrow\"><span class=\"button-icon\"><\/span><\/span><\/a> <\/div>\t<\/div>\n    [\/vc_column_inner][\/vc_row_inner][\/vc_column][\/vc_row][vc_row content_animation=&#8221;yes&#8221; mo_init_scale_x=&#8221;1&#8243; mo_init_scale_y=&#8221;1&#8243; mo_init_scale_z=&#8221;1&#8243; mo_init_opacity=&#8221;0&#8243; mo_an_scale_x=&#8221;1&#8243; mo_an_scale_y=&#8221;1&#8243; mo_an_scale_z=&#8221;1&#8243; mo_an_opacity=&#8221;1&#8243; css=&#8221;.vc_custom_1621148995627{padding-top: 30px !important;padding-bottom: 30px !important;}&#8221; mo_init_translate_y=&#8221;71&#8243; mo_init_translate_z=&#8221;-92&#8243; mo_init_rotate_x=&#8221;-27&#8243; el_class=&#8221;tablet_column_full&#8221;][vc_column width=&#8221;1\/2&#8243;]       \n      <div class=\"mo-title-box title-box-style1  text-left\"  ><h5>Hestia Hotel Europa<\/h5><h3>Teenused<\/h3> <\/div>\n    [vc_empty_space height=&#8221;30px&#8221;][vc_row_inner][vc_column_inner][vc_column_text css=&#8221;&#8221; el_class=&#8221;nimekiri&#8221;]Lisaks majutusele pakub meie hotell erinevaid teenuseid. Sulle huvipakkuvaid teenuseid saad valida alt<\/p>\n<ul class=\"nimekiri\">\n<li><a href=\"https:\/\/www.hestiahotels.com\/europa\/jousaal\/\" target=\"_blank\" rel=\"noopener\">24\/7 j\u00f5usaal<\/a><\/li>\n<li><a href=\"https:\/\/www.hestiahotels.com\/europa\/saunad-tallinnas\/\" target=\"_blank\" rel=\"noopener\">Saunad -1 korrusel<\/a><\/li>\n<li><a href=\"https:\/\/www.hestiahotels.com\/europa\/bodytone-salong\/\" target=\"_blank\" rel=\"noopener\">Ilusalong Bodytone neljandal korrusel<\/a><\/li>\n<li>Laste m\u00e4ngutuba fuajees<\/li>\n<\/ul>\n<p>[\/vc_column_text][\/vc_column_inner][\/vc_row_inner][\/vc_column][vc_column width=&#8221;1\/2&#8243;][vc_gallery type=&#8221;flexslider_slide&#8221; interval=&#8221;10&#8243; images=&#8221;2048&#8243; img_size=&#8221;full&#8221; onclick=&#8221;&#8221; css_animation=&#8221;fadeIn&#8221; css=&#8221;&#8221; el_class=&#8221;slider&#8221;][\/vc_column][\/vc_row][vc_row content_animation=&#8221;yes&#8221; mo_init_scale_x=&#8221;1&#8243; mo_init_scale_y=&#8221;1&#8243; mo_init_scale_z=&#8221;1&#8243; mo_init_opacity=&#8221;0&#8243; mo_an_scale_x=&#8221;1&#8243; mo_an_scale_y=&#8221;1&#8243; mo_an_scale_z=&#8221;1&#8243; mo_an_opacity=&#8221;1&#8243; css=&#8221;.vc_custom_1621148995627{padding-top: 30px !important;padding-bottom: 30px !important;}&#8221; mo_init_translate_y=&#8221;71&#8243; mo_init_translate_z=&#8221;-92&#8243; mo_init_rotate_x=&#8221;-27&#8243; el_class=&#8221;tablet_column_full&#8221;][vc_column width=&#8221;1\/2&#8243;][vc_gallery type=&#8221;flexslider_slide&#8221; interval=&#8221;10&#8243; images=&#8221;2129,2127&#8243; img_size=&#8221;full&#8221; onclick=&#8221;&#8221; css_animation=&#8221;fadeIn&#8221; el_class=&#8221;slider&#8221;][\/vc_column][vc_column width=&#8221;1\/2&#8243;]       \n      <div class=\"mo-title-box title-box-style1  text-left\"  ><h5>Hestia Hotel Europa<\/h5><h3>Fookus j\u00e4tkusuutlikkusel<\/h3> <\/div>\n    [vc_empty_space height=&#8221;30px&#8221;][vc_column_text el_class=&#8221;nimekiri&#8221;]Ja\u0308tkusuutliku tuleviku eelduseks on olla ja\u0308tkusuutlikum juba ta\u0308na. Hestia Hotel Europas saad astuda vastutustundlikumaid samme, olgu selleks ja\u0308a\u0308tmete sorteerimine, teadlik toidunautimine vo\u0303i lihtsalt hotellitoas nutikamalt tegutsemine. Oleme need tegevused meie hotellides la\u0308bi mo\u0303elnud, et ja\u0308tkusuutlikumad lahendused oleksid osa normaalsest igapa\u0308evast. Ka sinu valikutel ja tegevustel on sellele suur mo\u0303ju.<\/p>\n<p><strong>Focus Hestia<\/strong>\u00a0m\u00e4rgis t\u00e4histab infot ja nippe, kuidas teha hotellik\u00fclalisena keskkonnas\u00f5bralikumaid valikuid.[\/vc_column_text]     <div class=\"text-left \">\n       <a class=\"button btn-solid btn-txt-circle light hr_light bg_primary bg_hr_primary outline_grey outline_hr_grey large radius0 linear\"  href=\"\/europa\/fookus-jatkusuutlikkusel\/\" target=\"_self\"><span class=\"button-text\">Loe lisa<\/span>\n                            <\/a> \n\t <\/div>\n    [\/vc_column][\/vc_row][vc_row content_animation=&#8221;yes&#8221; mo_init_scale_x=&#8221;1&#8243; mo_init_scale_y=&#8221;1&#8243; mo_init_scale_z=&#8221;1&#8243; mo_init_opacity=&#8221;0&#8243; mo_an_scale_x=&#8221;1&#8243; mo_an_scale_y=&#8221;1&#8243; mo_an_scale_z=&#8221;1&#8243; mo_an_opacity=&#8221;1&#8243; mo_init_translate_y=&#8221;72&#8243; mo_init_translate_z=&#8221;-93&#8243; mo_init_rotate_x=&#8221;-19&#8243; mo_start_delay=&#8221;200&#8243; el_id=&#8221;kontakt&#8221;][vc_column css=&#8221;.vc_custom_1621148179344{padding-top: 20px !important;padding-bottom: 20px !important;}&#8221;]       \n      <div class=\"mo-title-box title-box-style1  text-center\"  ><h3>V\u00f5ta meiega \u00fchendust<\/h3> <\/div>\n    [vc_column_text]<\/p>\n<p style=\"text-align: center\">Kiirete k\u00fcsimuste korral oleme sinu jaoks alati olemas. V\u00f5ta meiega julgelt \u00fchendust. Hotelli vastuv\u00f5tt asub esimesel korrusel ja on avatud 24h.<\/p>\n<p style=\"text-align: center\">Hotellisisene telefoninumber on: <strong>777<\/strong><\/p>\n<p style=\"text-align: center\">(teave, \u00e4ratus, takso kutsumine)<\/p>\n<p style=\"text-align: center\">K\u00f5ne teise tuppa toa number, hotellist v\u00e4lja helistamiseks palun p\u00f6\u00f6rduge vastuv\u00f5ttu.<\/p>\n<p style=\"text-align: center\">Eesti suunakood + 372<\/p>\n<p>[\/vc_column_text][vc_empty_space height=&#8221;30px&#8221;][vc_row_inner content_placement=&#8221;middle&#8221;][vc_column_inner width=&#8221;1\/2&#8243; css=&#8221;.vc_custom_1621148662968{padding-left: 10% !important;}&#8221;]\t\t<div class=\"service iconbox  icon-box-style6\" >\n\t\t    <div class=\"icon-wrap\"><i class=\"fas fa-envelope\"><\/i><\/div>\t\t  <div class=\"title-wrap\">\n\t\t\t   \t\t\t   <div class=\"content\"><h6><a href=\"mailto:info.europa@hestiahotels.com\">info.europa@hestiahotels.com<\/a><\/h6>\n<\/div>          <\/div>\n\t\t<\/div>\n        <div class=\"clearfix\"><\/div>\n    [\/vc_column_inner][vc_column_inner width=&#8221;1\/2&#8243; css=&#8221;.vc_custom_1621148676682{padding-right: 10% !important;}&#8221;]\t\t<div class=\"service iconbox  icon-box-style6\" >\n\t\t    <div class=\"icon-wrap\"><i class=\"fas fa-phone-alt\"><\/i><\/div>\t\t  <div class=\"title-wrap\">\n\t\t\t   \t\t\t   <div class=\"content\"><h6>Tel: <a href=\"http:\/\/Tel:+3726699777\">+372 669 9777<\/a><\/h6>\n<\/div>          <\/div>\n\t\t<\/div>\n        <div class=\"clearfix\"><\/div>\n    [\/vc_column_inner][\/vc_row_inner][\/vc_column][\/vc_row][vc_row content_animation=&#8221;yes&#8221; mo_init_scale_x=&#8221;1&#8243; mo_init_scale_y=&#8221;1&#8243; mo_init_scale_z=&#8221;1&#8243; mo_init_opacity=&#8221;0&#8243; mo_an_scale_x=&#8221;1&#8243; mo_an_scale_y=&#8221;1&#8243; mo_an_scale_z=&#8221;1&#8243; mo_an_opacity=&#8221;1&#8243; css=&#8221;.vc_custom_1621080569273{padding-top: 40px !important;padding-bottom: 40px !important;}&#8221; mo_init_translate_y=&#8221;71&#8243; mo_init_translate_z=&#8221;-92&#8243; mo_init_rotate_x=&#8221;-27&#8243;][vc_column]       \n      <div class=\"mo-title-box title-box-style1  text-center\"  ><h5>Meie asukoht<\/h5><h3>Hotelli asukoht<\/h3> <\/div>\n    [vc_column_text]<\/p>\n<p style=\"text-align: center\">Asume aadressil Paadi 5, Tallinn, Harjumaa, Eesti<\/p>\n<p>[\/vc_column_text][\/vc_column][\/vc_row][vc_row full_width=&#8221;stretch_row_content_no_spaces&#8221; css=&#8221;.vc_custom_1621020365926{margin-bottom: -45px !important;}&#8221;][vc_column][vc_column_text][\/vc_column_text][\/vc_column][\/vc_row]<\/p>\n<\/div>","protected":false},"excerpt":{"rendered":"<p>[vc_row row_separator=&#8221;curve&#8221; color_separator=&#8221;svg_white&#8221; content_bg_color=&#8221;bg-grey&#8221; css=&#8221;.vc_custom_1564708854662{background-position: center !important;background-repeat: no-repeat !important;background-size: cover !important;}&#8221;][vc_column][rev_slider_vc alias=&#8221;personal-landing&#8221;][\/vc_column][\/vc_row][vc_row content_animation=&#8221;yes&#8221; mo_init_scale_x=&#8221;1&#8243; mo_init_scale_y=&#8221;1&#8243; mo_init_scale_z=&#8221;1&#8243; mo_init_opacity=&#8221;0&#8243; mo_an_scale_x=&#8221;1&#8243; mo_an_scale_y=&#8221;1&#8243; mo_an_scale_z=&#8221;1&#8243; mo_an_opacity=&#8221;1&#8243; css=&#8221;.vc_custom_1621150065862{padding-top: 40px !important;padding-bottom: 10px !important;}&#8221; mo_init_translate_y=&#8221;71&#8243; mo_init_translate_z=&#8221;-92&#8243; mo_init_rotate_x=&#8221;-27&#8243; el_id=&#8221;loe&#8221;][vc_column][vc_row_inner][vc_column_inner width=&#8221;1\/3&#8243; css=&#8221;.vc_custom_1621080265142{padding-bottom: -15px !important;}&#8221;][\/vc_column_inner][vc_column_inner width=&#8221;2\/3&#8243; css=&#8221;.vc_custom_1621080502620{padding-top: -20px !important;}&#8221;][vc_column_text css=&#8221;.vc_custom_1765192008986{margin-bottom: 0px !important;padding-top: 20px !important;padding-right: 5% !important;}&#8221;]Hestia Hotel Europa asub Tallinna kesklinnas merev\u00e4rava ehk reisisadama, areneva Rotermanni [&hellip;]<\/p>\n","protected":false},"author":12,"featured_media":0,"parent":0,"menu_order":0,"comment_status":"closed","ping_status":"closed","template":"page-no-title-bar.php","meta":{"inline_featured_image":false,"footnotes":""},"class_list":["post-316","page","type-page","status-publish","hentry"],"_links":{"self":[{"href":"https:\/\/info.hestiahotels.com\/europa\/wp-json\/wp\/v2\/pages\/316","targetHints":{"allow":["GET"]}}],"collection":[{"href":"https:\/\/info.hestiahotels.com\/europa\/wp-json\/wp\/v2\/pages"}],"about":[{"href":"https:\/\/info.hestiahotels.com\/europa\/wp-json\/wp\/v2\/types\/page"}],"author":[{"embeddable":true,"href":"https:\/\/info.hestiahotels.com\/europa\/wp-json\/wp\/v2\/users\/12"}],"replies":[{"embeddable":true,"href":"https:\/\/info.hestiahotels.com\/europa\/wp-json\/wp\/v2\/comments?post=316"}],"version-history":[{"count":46,"href":"https:\/\/info.hestiahotels.com\/europa\/wp-json\/wp\/v2\/pages\/316\/revisions"}],"predecessor-version":[{"id":2231,"href":"https:\/\/info.hestiahotels.com\/europa\/wp-json\/wp\/v2\/pages\/316\/revisions\/2231"}],"wp:attachment":[{"href":"https:\/\/info.hestiahotels.com\/europa\/wp-json\/wp\/v2\/media?parent=316"}],"curies":[{"name":"wp","href":"https:\/\/api.w.org\/{rel}","templated":true}]}}