{"id":1588,"date":"2021-05-20T13:07:48","date_gmt":"2021-05-20T10:07:48","guid":{"rendered":"https:\/\/info.hestiahotels.com\/haapsaluspa\/?page_id=1588"},"modified":"2024-05-10T13:15:36","modified_gmt":"2024-05-10T13:15:36","slug":"toitlustus","status":"publish","type":"page","link":"https:\/\/info.hestiahotels.com\/europa\/toitlustus\/","title":{"rendered":"Toitlustus"},"content":{"rendered":"<div class=\"wpb-content-wrapper\"><p>[vc_row css=&#8221;.vc_custom_1621088788434{padding-top: 80px !important;padding-bottom: 50px !important;background-position: center !important;background-repeat: no-repeat !important;background-size: cover !important;}&#8221;][vc_column]       \n      <div class=\"mo-title-box title-box-style5  text-center\"  ><h3>Toitlustus<\/h3> <\/div>\n    [\/vc_column][\/vc_row][vc_row content_animation=&#8221;yes&#8221; mo_init_scale_x=&#8221;1&#8243; mo_init_scale_y=&#8221;1&#8243; mo_init_scale_z=&#8221;1&#8243; mo_init_opacity=&#8221;0&#8243; mo_an_scale_x=&#8221;1&#8243; mo_an_scale_y=&#8221;1&#8243; mo_an_scale_z=&#8221;1&#8243; mo_an_opacity=&#8221;1&#8243; css=&#8221;.vc_custom_1700821283484{padding-top: 0px !important;padding-bottom: 40px !important;}&#8221; mo_init_translate_y=&#8221;71&#8243; mo_init_translate_z=&#8221;-92&#8243; mo_init_rotate_x=&#8221;-27&#8243; el_class=&#8221;tablet_column_full&#8221; el_id=&#8221;hommikusook&#8221;][vc_column width=&#8221;1\/2&#8243;]\t\n    \t    <div class=\"fancy-image mo-img-group-single\" data-reveal=\"true\" data-reveal-options='{\"direction\":\"rl\",\"bgcolor\":\"\",\"delay\":\"\"}' data-roundness=\"yes\" data-shadow-style=\"yes\">\n\t\t\t<div class=\"mo-img-container-inner\"  >\n\t\t\t<figure><img decoding=\"async\" src=\"https:\/\/info.hestiahotels.com\/europa\/wp-content\/uploads\/sites\/5\/2023\/10\/hs-1.jpg\" alt=\"image\" \/><\/figure>\t\n\t\t\t<\/div><!-- \/.mo-img-container-inner -->\n\t\t<\/div><!-- \/.fancy-image -->\n\t\t\t\n    [\/vc_column][vc_column width=&#8221;1\/2&#8243;][vc_empty_space height=&#8221;30px&#8221;]       \n      <div class=\"mo-title-box title-box-style1  text-left\"  ><h5>Hestia Hotel Europa<\/h5><h3>Hommikus\u00f6\u00f6k<\/h3><div class=\"content\">Mitmek\u00fclgset ja maitsvat hommikus\u00f6\u00f6ki saab nautida m\u00f5nusalt avaras ruumis, taustaks m\u00e4ngimas meeldiv muusika ning aknast paistmas jahisadam.<br \/>\nHommikus\u00f6\u00f6gimen\u00fc\u00fcs on traditsioonilised kuumad road: puder, kartul, ahjuomlett, peekon, munad jne. V\u00f5ileiva tegemiseks on k\u00f5ike head ja paremat: leiba, ciabattat, saia, juustu, sinki, k\u00f6\u00f6givilju, oliive, kala ja ei puudu ka v\u00fcrtsikilu ning palju muud. Lisaks puuvilju, m\u00fcslit, erinevaid kodumaiseid kr\u00f5binaid, jogurtit ja mahla. Erilise t\u00e4helepanu oleme p\u00fchendanud meie peakoka poolt valmistatud veisemaksapasteedile ja soolatud l\u00f5hele, mis on t\u00f5elised hitid. Hommikukohviks vali latte, cappuccino v\u00f5i must kohv \u2013 k\u00f5ik on valmis!<\/p>\n<p><strong>Hommikus\u00f6\u00f6gi ajad:<\/strong><br \/>\n<strong>E-R<\/strong> 06.30-10.00<br \/>\n<strong>L-P<\/strong> ja riiklikud p\u00fchad 06.30 -11.00<\/p>\n<p><strong>Korrus 0<br \/>\n<\/strong>Hommikus\u00f6\u00f6gi tuppa tellimine 10 \u20ac<br \/>\nHommikus\u00f6\u00f6gi hind 19 \u20ac \/ in, 9 \u20ac laps ( 6 -12 a.), kuni 5 aastased lapsed tasuta.<\/div> <\/div>\n    [vc_empty_space height=&#8221;30px&#8221;][\/vc_column][\/vc_row][vc_row content_animation=&#8221;yes&#8221; mo_init_scale_x=&#8221;1&#8243; mo_init_scale_y=&#8221;1&#8243; mo_init_scale_z=&#8221;1&#8243; mo_init_opacity=&#8221;0&#8243; mo_an_scale_x=&#8221;1&#8243; mo_an_scale_y=&#8221;1&#8243; mo_an_scale_z=&#8221;1&#8243; mo_an_opacity=&#8221;1&#8243; css=&#8221;.vc_custom_1700821291284{padding-top: 40px !important;padding-bottom: 40px !important;background-color: #f2f3f4 !important;}&#8221; mo_init_translate_y=&#8221;71&#8243; mo_init_translate_z=&#8221;-92&#8243; mo_init_rotate_x=&#8221;-27&#8243; el_class=&#8221;tablet_column_full&#8221; el_id=&#8221;baarle&#8221;][vc_column width=&#8221;1\/2&#8243;][vc_empty_space height=&#8221;30px&#8221;]       \n      <div class=\"mo-title-box title-box-style1  text-left\"  ><h5>Hestia Hotel Europa<\/h5><h3>Baarle restoran<\/h3><div class=\"content\">Meie restorani nimi on inspireeritud kahe riigi piiril asuva ning huvitava ajalooga Ba\u0430rle linna nimest.<br \/>\nLinna\u0435lanikud elavad \u00fche jalaga Belgias ja teisega Hollandis ning linna sellise geograafilise asendi t\u00f5ttu peavad nad end \u201ctopeltkodakondsuse\u201d \u00f5nnelikeks omanikeks. Igap\u00e4evane apteegi v\u00f5i pagari\u00e4ri k\u00fclastus muutub piiri\u00fcletuseks. Isegi korteris v\u00f5ib k\u00f6\u00f6k asuda \u00fches riigis ja elutuba teises riigis ning selliselt nauditakse rahvusvahelist k\u00f6\u00f6ki ka oma kodudes.<br \/>\nMaailma erinevatest piirkondadest p\u00e4rit roogade nautimisel satuvad meie restorani k\u00fclalised sarnasesse olukorda. Kasutame palju kohalikku toorainet, millest valmistame maailmaklassikasse kuuluvaid, kuid ka v\u00e4hetuntud rahvusvahelisi roogasid ning t\u00e4iendame neid oma m\u00f5tete ja n\u00fcanssidega. Nii me viimegi Sind maitsete maailmar\u00e4nnakule!<\/p>\n<p><strong>E\u2013P<\/strong> 12.00 \u2013 22.00<\/p>\n<p><strong>Korrus 0<\/strong><br \/>\nRestorani telefoninumber: +3726699785<br \/>\nL\u00fchinumber toast: 785<\/div> <\/div>\n    [vc_empty_space height=&#8221;30px&#8221;][\/vc_column][vc_column width=&#8221;1\/2&#8243;]\t\n    \t    <div class=\"fancy-image mo-img-group-single\" data-reveal=\"true\" data-reveal-options='{\"direction\":\"rl\",\"bgcolor\":\"\",\"delay\":\"\"}' data-roundness=\"yes\" data-shadow-style=\"yes\">\n\t\t\t<div class=\"mo-img-container-inner\"  >\n\t\t\t<figure><img decoding=\"async\" src=\"https:\/\/info.hestiahotels.com\/europa\/wp-content\/uploads\/sites\/5\/2023\/10\/resto-1.jpg\" alt=\"image\" \/><\/figure>\t\n\t\t\t<\/div><!-- \/.mo-img-container-inner -->\n\t\t<\/div><!-- \/.fancy-image -->\n\t\t\t\n    [\/vc_column][\/vc_row][vc_row content_animation=&#8221;yes&#8221; mo_init_scale_x=&#8221;1&#8243; mo_init_scale_y=&#8221;1&#8243; mo_init_scale_z=&#8221;1&#8243; mo_init_opacity=&#8221;0&#8243; mo_an_scale_x=&#8221;1&#8243; mo_an_scale_y=&#8221;1&#8243; mo_an_scale_z=&#8221;1&#8243; mo_an_opacity=&#8221;1&#8243; css=&#8221;.vc_custom_1621507171462{padding-top: 40px !important;padding-bottom: 40px !important;}&#8221; mo_init_translate_y=&#8221;71&#8243; mo_init_translate_z=&#8221;-92&#8243; mo_init_rotate_x=&#8221;-27&#8243; el_class=&#8221;tablet_column_full&#8221;][vc_column width=&#8221;1\/2&#8243;]\t\n    \t    <div class=\"fancy-image mo-img-group-single\" data-reveal=\"true\" data-reveal-options='{\"direction\":\"rl\",\"bgcolor\":\"\",\"delay\":\"\"}' data-roundness=\"yes\" data-shadow-style=\"yes\">\n\t\t\t<div class=\"mo-img-container-inner\"  >\n\t\t\t<figure><img decoding=\"async\" src=\"https:\/\/info.hestiahotels.com\/europa\/wp-content\/uploads\/sites\/5\/2023\/10\/lobbybar-1.jpg\" alt=\"image\" \/><\/figure>\t\n\t\t\t<\/div><!-- \/.mo-img-container-inner -->\n\t\t<\/div><!-- \/.fancy-image -->\n\t\t\t\n    [\/vc_column][vc_column width=&#8221;1\/2&#8243;][vc_empty_space height=&#8221;30px&#8221;]       \n      <div class=\"mo-title-box title-box-style1  text-left\"  ><h5>Hestia Hotel Europa<\/h5><h3>Lobby baar<\/h3><div class=\"content\">Avar ja valgusk\u00fcllane Lobby baar on ideaalne koht kiireteks \u00e4rikohtumisteks ja s\u00f5pradega aja veetmiseks. Pakume nii kuumi kui ka karastavaid jooke, kokteile ning kergeid eineid.<\/p>\n<p><strong>Lobby baar on avatud 24\/7<\/strong><\/p>\n<p>Telefoni l\u00fchinumber tubadest 768<br \/>\nToateenindus 10\u20ac<\/div> <\/div>\n    [vc_empty_space height=&#8221;30px&#8221;][\/vc_column][\/vc_row]<\/p>\n<\/div>","protected":false},"excerpt":{"rendered":"<p>[vc_row css=&#8221;.vc_custom_1621088788434{padding-top: 80px !important;padding-bottom: 50px !important;background-position: center !important;background-repeat: no-repeat !important;background-size: cover !important;}&#8221;][vc_column][\/vc_column][\/vc_row][vc_row content_animation=&#8221;yes&#8221; mo_init_scale_x=&#8221;1&#8243; mo_init_scale_y=&#8221;1&#8243; mo_init_scale_z=&#8221;1&#8243; mo_init_opacity=&#8221;0&#8243; mo_an_scale_x=&#8221;1&#8243; mo_an_scale_y=&#8221;1&#8243; mo_an_scale_z=&#8221;1&#8243; mo_an_opacity=&#8221;1&#8243; css=&#8221;.vc_custom_1700821283484{padding-top: 0px !important;padding-bottom: 40px !important;}&#8221; mo_init_translate_y=&#8221;71&#8243; mo_init_translate_z=&#8221;-92&#8243; mo_init_rotate_x=&#8221;-27&#8243; el_class=&#8221;tablet_column_full&#8221; el_id=&#8221;hommikusook&#8221;][vc_column width=&#8221;1\/2&#8243;][\/vc_column][vc_column width=&#8221;1\/2&#8243;][vc_empty_space height=&#8221;30px&#8221;][vc_empty_space height=&#8221;30px&#8221;][\/vc_column][\/vc_row][vc_row content_animation=&#8221;yes&#8221; mo_init_scale_x=&#8221;1&#8243; mo_init_scale_y=&#8221;1&#8243; mo_init_scale_z=&#8221;1&#8243; mo_init_opacity=&#8221;0&#8243; mo_an_scale_x=&#8221;1&#8243; mo_an_scale_y=&#8221;1&#8243; mo_an_scale_z=&#8221;1&#8243; mo_an_opacity=&#8221;1&#8243; css=&#8221;.vc_custom_1700821291284{padding-top: 40px !important;padding-bottom: 40px !important;background-color: #f2f3f4 !important;}&#8221; mo_init_translate_y=&#8221;71&#8243; mo_init_translate_z=&#8221;-92&#8243; mo_init_rotate_x=&#8221;-27&#8243; el_class=&#8221;tablet_column_full&#8221; [&hellip;]<\/p>\n","protected":false},"author":2,"featured_media":0,"parent":0,"menu_order":0,"comment_status":"closed","ping_status":"closed","template":"","meta":{"inline_featured_image":false,"footnotes":""},"class_list":["post-1588","page","type-page","status-publish","hentry"],"_links":{"self":[{"href":"https:\/\/info.hestiahotels.com\/europa\/wp-json\/wp\/v2\/pages\/1588","targetHints":{"allow":["GET"]}}],"collection":[{"href":"https:\/\/info.hestiahotels.com\/europa\/wp-json\/wp\/v2\/pages"}],"about":[{"href":"https:\/\/info.hestiahotels.com\/europa\/wp-json\/wp\/v2\/types\/page"}],"author":[{"embeddable":true,"href":"https:\/\/info.hestiahotels.com\/europa\/wp-json\/wp\/v2\/users\/2"}],"replies":[{"embeddable":true,"href":"https:\/\/info.hestiahotels.com\/europa\/wp-json\/wp\/v2\/comments?post=1588"}],"version-history":[{"count":6,"href":"https:\/\/info.hestiahotels.com\/europa\/wp-json\/wp\/v2\/pages\/1588\/revisions"}],"predecessor-version":[{"id":2122,"href":"https:\/\/info.hestiahotels.com\/europa\/wp-json\/wp\/v2\/pages\/1588\/revisions\/2122"}],"wp:attachment":[{"href":"https:\/\/info.hestiahotels.com\/europa\/wp-json\/wp\/v2\/media?parent=1588"}],"curies":[{"name":"wp","href":"https:\/\/api.w.org\/{rel}","templated":true}]}}