{"id":316,"date":"2019-10-09T16:25:19","date_gmt":"2019-10-09T13:25:19","guid":{"rendered":"http:\/\/motivoweb.com\/ruya\/demo\/?page_id=316"},"modified":"2025-08-13T09:38:28","modified_gmt":"2025-08-13T07:38:28","slug":"personal-landing","status":"publish","type":"page","link":"https:\/\/info.hestiahotels.com\/barons\/","title":{"rendered":"Esileht"},"content":{"rendered":"<div class=\"wpb-content-wrapper\"><p>[vc_row row_separator=&#8221;curve&#8221; color_separator=&#8221;svg_white&#8221; content_bg_color=&#8221;bg-grey&#8221; css=&#8221;.vc_custom_1564708854662{background-position: center !important;background-repeat: no-repeat !important;background-size: cover !important;}&#8221;][vc_column][rev_slider_vc alias=&#8221;personal-landing&#8221;][\/vc_column][\/vc_row][vc_row content_animation=&#8221;yes&#8221; mo_init_scale_x=&#8221;1&#8243; mo_init_scale_y=&#8221;1&#8243; mo_init_scale_z=&#8221;1&#8243; mo_init_opacity=&#8221;0&#8243; mo_an_scale_x=&#8221;1&#8243; mo_an_scale_y=&#8221;1&#8243; mo_an_scale_z=&#8221;1&#8243; mo_an_opacity=&#8221;1&#8243; css=&#8221;.vc_custom_1621150065862{padding-top: 40px !important;padding-bottom: 10px !important;}&#8221; mo_init_translate_y=&#8221;71&#8243; mo_init_translate_z=&#8221;-92&#8243; mo_init_rotate_x=&#8221;-27&#8243; el_id=&#8221;loe&#8221;][vc_column][vc_row_inner][vc_column_inner width=&#8221;1\/3&#8243; css=&#8221;.vc_custom_1621080265142{padding-bottom: -15px !important;}&#8221;]       \n      <div class=\"mo-title-box title-box-style1  text-left\"  ><h5>Ainulaadsed hetked vanalinnas<\/h5><h3>Meie hotell<\/h3> <\/div>\n    [\/vc_column_inner][vc_column_inner width=&#8221;2\/3&#8243; css=&#8221;.vc_custom_1621080502620{padding-top: -20px !important;}&#8221;][vc_column_text css=&#8221;.vc_custom_1755070690753{margin-bottom: 0px !important;padding-top: 20px !important;padding-right: 5% !important;}&#8221;]Hestia Hotel Barons asub UNESCO maailmap\u00e4randi nimistusse kuuluva vanalinna s\u00fcdames, v\u00f5ttes enda alla kaks maja: hotelli peamaja asub 1912. aastal ehitatud juugendstiilis pangahoones, mis t\u00e4naseks on renoveeritud elegantseks butiikhotelliks ning k\u00f5rvalmaja elegantses 15. sajandi hoones. V\u00e4\u00e4rika ajalooga majad pakuvad linnapuhkust, millest ei puudu \u00fckski t\u00e4nap\u00e4evane mugavus. Tallinna parimad restoranid, butiigid, p\u00e4evaspaad ja muuseumid j\u00e4\u00e4vad vaid m\u00f5ne minuti kaugusele.<\/p>\n<p><strong>Sisse- ja v\u00e4ljaregistreerimine<br \/>\n<\/strong>Sisseregistreerimine alates kell <strong>15.00<\/strong>.<br \/>\nHotellist v\u00e4ljaregistreerimine hiljemalt kell <strong>12.00<\/strong>.<\/p>\n<p>Kui soovite oma tuba kauem kasutada v\u00f5i soovite hotellis viibimise aega pikendada, v\u00f5tke palun \u00fchendust vastuv\u00f5tuga.[\/vc_column_text][\/vc_column_inner][\/vc_row_inner][\/vc_column][\/vc_row][vc_row content_animation=&#8221;yes&#8221; mo_init_scale_x=&#8221;1&#8243; mo_init_scale_y=&#8221;1&#8243; mo_init_scale_z=&#8221;1&#8243; mo_init_opacity=&#8221;0&#8243; mo_an_scale_x=&#8221;1&#8243; mo_an_scale_y=&#8221;1&#8243; mo_an_scale_z=&#8221;1&#8243; mo_an_opacity=&#8221;1&#8243; css=&#8221;.vc_custom_1621149072018{padding-top: 30px !important;padding-bottom: 30px !important;}&#8221; mo_init_translate_y=&#8221;71&#8243; mo_init_translate_z=&#8221;-92&#8243; mo_init_rotate_x=&#8221;-27&#8243;][vc_column css=&#8221;.vc_custom_1621147368965{border-bottom-width: -30px !important;}&#8221;]       \n      <div class=\"mo-title-box title-box-style1  text-center\"  ><h5>Hestia Hotel Barons<\/h5><h3>Avasta meie hotelli<\/h3> <\/div>\n    [vc_row_inner css=&#8221;.vc_custom_1621147145469{padding-top: 20px !important;padding-bottom: 20px !important;}&#8221; el_class=&#8221;tablet_column_full&#8221;][vc_column_inner width=&#8221;1\/3&#8243;][vc_column_text css=&#8221;.vc_custom_1621079927331{padding-top: 10px !important;}&#8221;]<\/p>\n<h4 style=\"text-align: center\">Hotellitoad<\/h4>\n<p>[\/vc_column_text]\t<div class=\"image-box  image-box-style3\">\n        \n\t\t<div class=\"thumb-service\">\n\t\t\t<img decoding=\"async\" src=\"https:\/\/info.hestiahotels.com\/barons\/wp-content\/uploads\/sites\/3\/2022\/02\/n8925c-2-1.jpg\" alt=\"Meie mugavad toad\"\/>\n\t\t<\/div><div class=\"title-wrap\">\n  <h6>Meie mugavad toad<\/h6><div class=\"content\">Hotellil on 65 elegantselt ja maitsekalt sisustatud klassikalises stiilis tuba. Toad asuvad meie ajaloolises peamajas ja klassikalises k\u00f5rvalmajas.<\/div><a class=\"button btn-txt btn-txt-arrow dark hr_primary  bg_hr_primary\" href=\"\/barons\/hotellitoad\/\" target=\"_self\"><span class=\"button-text\">Vaata l\u00e4hemalt<\/span> <span class=\"button-arrow\"><span class=\"button-icon\"><\/span><\/span><\/a> <\/div>\t<\/div>\n    [\/vc_column_inner][vc_column_inner width=&#8221;1\/3&#8243;][vc_column_text css=&#8221;.vc_custom_1643706435957{padding-top: 10px !important;}&#8221;]<\/p>\n<h4 style=\"text-align: center\">Lobby baar<\/h4>\n<p>[\/vc_column_text]\t<div class=\"image-box  image-box-style3\">\n        \n\t\t<div class=\"thumb-service\">\n\t\t\t<img decoding=\"async\" src=\"https:\/\/info.hestiahotels.com\/barons\/wp-content\/uploads\/sites\/3\/2022\/02\/n8925c-4-1.jpg\" alt=\"Sinu l\u00f5\u00f5gastus\"\/>\n\t\t<\/div><div class=\"title-wrap\">\n  <h6>Sinu l\u00f5\u00f5gastus<\/h6><div class=\"content\">Meeldiva taustamuusika ja klassikalise juugendstiilis interj\u00f6\u00f6riga lobby baar asub peamaja esimesel korrusel vastuv\u00f5tu k\u00f5rval.<\/div><a class=\"button btn-txt btn-txt-arrow dark hr_primary  bg_hr_primary\" href=\"\/barons\/toitlustus\/#lobbybar\" target=\"_self\"><span class=\"button-text\">Vaata l\u00e4hemalt<\/span> <span class=\"button-arrow\"><span class=\"button-icon\"><\/span><\/span><\/a> <\/div>\t<\/div>\n    [\/vc_column_inner][vc_column_inner width=&#8221;1\/3&#8243;][vc_column_text css=&#8221;.vc_custom_1643706101872{padding-top: 10px !important;}&#8221;]<\/p>\n<h4 style=\"text-align: center\">Hommikus\u00f6\u00f6k<\/h4>\n<p>[\/vc_column_text]\t<div class=\"image-box  image-box-style3\">\n        \n\t\t<div class=\"thumb-service\">\n\t\t\t<img decoding=\"async\" src=\"https:\/\/info.hestiahotels.com\/barons\/wp-content\/uploads\/sites\/3\/2022\/02\/n8925c-3-1.jpg\" alt=\"Parim algus p\u00e4evale\"\/>\n\t\t<\/div><div class=\"title-wrap\">\n  <h6>Parim algus p\u00e4evale<\/h6><div class=\"content\">Hommikus\u00f6\u00f6ki serveeritakse hotelli ajaloolises peamajas teisel korrusel juugendstiilis restoranis, mis pakub hommikukohvi k\u00f5rvale ka suurep\u00e4rast vaadet vanalinnale.<\/div><a class=\"button btn-txt btn-txt-arrow dark hr_primary  bg_hr_primary\" href=\"\/barons\/toitlustus\/#hommikusook\" target=\"_self\"><span class=\"button-text\">Vaata l\u00e4hemalt<\/span> <span class=\"button-arrow\"><span class=\"button-icon\"><\/span><\/span><\/a> <\/div>\t<\/div>\n    [\/vc_column_inner][\/vc_row_inner][\/vc_column][\/vc_row][vc_row content_animation=&#8221;yes&#8221; mo_init_scale_x=&#8221;1&#8243; mo_init_scale_y=&#8221;1&#8243; mo_init_scale_z=&#8221;1&#8243; mo_init_opacity=&#8221;0&#8243; mo_an_scale_x=&#8221;1&#8243; mo_an_scale_y=&#8221;1&#8243; mo_an_scale_z=&#8221;1&#8243; mo_an_opacity=&#8221;1&#8243; css=&#8221;.vc_custom_1621148995627{padding-top: 30px !important;padding-bottom: 30px !important;}&#8221; mo_init_translate_y=&#8221;71&#8243; mo_init_translate_z=&#8221;-92&#8243; mo_init_rotate_x=&#8221;-27&#8243; el_class=&#8221;tablet_column_full&#8221;][vc_column width=&#8221;1\/2&#8243;]       \n      <div class=\"mo-title-box title-box-style1  text-left\"  ><h5>Hestia Hotel Barons<\/h5><h3>Teenused<\/h3><div class=\"content\">Lisaks majutusele pakub meie hotell ka erinevaid teenuseid. Sulle huvipakkuvaid teenuseid saad valida alt<\/div> <\/div>\n    [vc_empty_space height=&#8221;30px&#8221;][vc_row_inner][vc_column_inner][vc_column_text el_class=&#8221;nimekiri&#8221;]<\/p>\n<ul>\n<li><a href=\"\/barons\/lisateenused\/#pesu\">Pesupesemisteenus<\/a><\/li>\n<li><a href=\"\/barons\/lisateenused\/#pakihoid\">Pakihoid<\/a><\/li>\n<li><a href=\"\/barons\/lisateenused\/#telli\">Tellitavad lisateenused ja kaubad<\/a><\/li>\n<\/ul>\n<p>[\/vc_column_text][\/vc_column_inner][\/vc_row_inner][\/vc_column][vc_column width=&#8221;1\/2&#8243;][vc_gallery type=&#8221;flexslider_slide&#8221; interval=&#8221;10&#8243; images=&#8221;1800,1801,1802&#8243; img_size=&#8221;full&#8221; onclick=&#8221;&#8221; css_animation=&#8221;fadeIn&#8221; el_class=&#8221;slider&#8221;][\/vc_column][\/vc_row][vc_row content_animation=&#8221;yes&#8221; mo_init_scale_x=&#8221;1&#8243; mo_init_scale_y=&#8221;1&#8243; mo_init_scale_z=&#8221;1&#8243; mo_init_opacity=&#8221;0&#8243; mo_an_scale_x=&#8221;1&#8243; mo_an_scale_y=&#8221;1&#8243; mo_an_scale_z=&#8221;1&#8243; mo_an_opacity=&#8221;1&#8243; css=&#8221;.vc_custom_1621148995627{padding-top: 30px !important;padding-bottom: 30px !important;}&#8221; mo_init_translate_y=&#8221;71&#8243; mo_init_translate_z=&#8221;-92&#8243; mo_init_rotate_x=&#8221;-27&#8243; el_class=&#8221;tablet_column_full&#8221;][vc_column width=&#8221;1\/2&#8243;][vc_gallery type=&#8221;flexslider_slide&#8221; interval=&#8221;10&#8243; images=&#8221;2181,2179&#8243; img_size=&#8221;full&#8221; onclick=&#8221;&#8221; css_animation=&#8221;fadeIn&#8221; el_class=&#8221;slider&#8221;][\/vc_column][vc_column width=&#8221;1\/2&#8243;]       \n      <div class=\"mo-title-box title-box-style1  text-left\"  ><h5>Hestia Hotel Barons<\/h5><h3>Fookus j\u00e4tkusuutlikkusel<\/h3> <\/div>\n    [vc_empty_space height=&#8221;30px&#8221;][vc_column_text el_class=&#8221;nimekiri&#8221;]Ja\u0308tkusuutliku tuleviku eelduseks on olla ja\u0308tkusuutlikum juba ta\u0308na. Hestia Hotel Baronsis saad astuda vastutustundlikumaid samme, olgu selleks ja\u0308a\u0308tmete sorteerimine, teadlik toidunautimine vo\u0303i lihtsalt hotellitoas nutikamalt tegutsemine. Oleme need tegevused meie hotellides la\u0308bi mo\u0303elnud, et ja\u0308tkusuutlikumad lahendused oleksid osa normaalsest igapa\u0308evast. Ka sinu valikutel ja tegevustel on sellele suur mo\u0303ju.<\/p>\n<p><strong>Focus Hestia<\/strong>\u00a0m\u00e4rgis t\u00e4histab infot ja nippe, kuidas teha hotellik\u00fclalisena keskkonnas\u00f5bralikumaid valikuid.[\/vc_column_text]     <div class=\"text-left \">\n       <a class=\"button btn-solid btn-txt-circle light hr_light bg_primary bg_hr_primary outline_grey outline_hr_grey large radius0 linear\"  href=\"\/barons\/fookus-jatkusuutlikkusel\/\" target=\"_self\"><span class=\"button-text\">Loe lisa<\/span>\n                            <\/a> \n\t <\/div>\n    [\/vc_column][\/vc_row][vc_row content_animation=&#8221;yes&#8221; mo_init_scale_x=&#8221;1&#8243; mo_init_scale_y=&#8221;1&#8243; mo_init_scale_z=&#8221;1&#8243; mo_init_opacity=&#8221;0&#8243; mo_an_scale_x=&#8221;1&#8243; mo_an_scale_y=&#8221;1&#8243; mo_an_scale_z=&#8221;1&#8243; mo_an_opacity=&#8221;1&#8243; mo_init_translate_y=&#8221;72&#8243; mo_init_translate_z=&#8221;-93&#8243; mo_init_rotate_x=&#8221;-19&#8243; mo_start_delay=&#8221;200&#8243; el_id=&#8221;kontakt&#8221;][vc_column css=&#8221;.vc_custom_1621148179344{padding-top: 20px !important;padding-bottom: 20px !important;}&#8221;]       \n      <div class=\"mo-title-box title-box-style1  text-center\"  ><h3>V\u00f5ta meiega \u00fchendust<\/h3><div class=\"content\">Kiirete k\u00fcsimuste korral oleme sinu jaoks alati olemas. V\u00f5ta meiega julgelt \u00fchendust. Hotelli vastuv\u00f5tt asub peamajas, esimesel korrusel ja on avatud 24h.<\/p>\n<p>Hotellisisene telefoninumber on: <strong>700<\/strong> (teave, \u00e4ratus, takso kutsumine).<\/div> <\/div>\n    [vc_empty_space height=&#8221;30px&#8221;][vc_row_inner content_placement=&#8221;middle&#8221;][vc_column_inner width=&#8221;1\/2&#8243; css=&#8221;.vc_custom_1621148662968{padding-left: 10% !important;}&#8221;]\t\t<div class=\"service iconbox  icon-box-style6\" >\n\t\t    <div class=\"icon-wrap\"><i class=\"fas fa-envelope\"><\/i><\/div>\t\t  <div class=\"title-wrap\">\n\t\t\t   \t\t\t   <div class=\"content\"><h6><a href=\"mailto:info.barons@hestiahotels.com\">info.barons@hestiahotels.com<\/a><\/h6>\n<\/div>          <\/div>\n\t\t<\/div>\n        <div class=\"clearfix\"><\/div>\n    [\/vc_column_inner][vc_column_inner width=&#8221;1\/2&#8243; css=&#8221;.vc_custom_1621148676682{padding-right: 10% !important;}&#8221;]\t\t<div class=\"service iconbox  icon-box-style6\" >\n\t\t    <div class=\"icon-wrap\"><i class=\"fas fa-phone-alt\"><\/i><\/div>\t\t  <div class=\"title-wrap\">\n\t\t\t   \t\t\t   <div class=\"content\"><h6>Tel: <a href=\"http:\/\/Tel:+3726165700\">+372 616 5700<\/a><\/h6>\n<\/div>          <\/div>\n\t\t<\/div>\n        <div class=\"clearfix\"><\/div>\n    [\/vc_column_inner][\/vc_row_inner][\/vc_column][\/vc_row][vc_row content_animation=&#8221;yes&#8221; mo_init_scale_x=&#8221;1&#8243; mo_init_scale_y=&#8221;1&#8243; mo_init_scale_z=&#8221;1&#8243; mo_init_opacity=&#8221;0&#8243; mo_an_scale_x=&#8221;1&#8243; mo_an_scale_y=&#8221;1&#8243; mo_an_scale_z=&#8221;1&#8243; mo_an_opacity=&#8221;1&#8243; css=&#8221;.vc_custom_1621080569273{padding-top: 40px !important;padding-bottom: 40px !important;}&#8221; mo_init_translate_y=&#8221;71&#8243; mo_init_translate_z=&#8221;-92&#8243; mo_init_rotate_x=&#8221;-27&#8243;][vc_column]       \n      <div class=\"mo-title-box title-box-style1  text-center\"  ><h5>Meie asukoht<\/h5><h3>Hotelli asukoht<\/h3><div class=\"content\">Asume aadressil Suur-Karja 7 \/ V\u00e4ike-Karja 2, 10140 Tallinn, Harjumaa, Eesti<\/div> <\/div>\n    [\/vc_column][\/vc_row][vc_row full_width=&#8221;stretch_row_content_no_spaces&#8221; css=&#8221;.vc_custom_1621020365926{margin-bottom: -45px !important;}&#8221;][vc_column][vc_column_text][\/vc_column_text][\/vc_column][\/vc_row]<\/p>\n<\/div>","protected":false},"excerpt":{"rendered":"<p>[vc_row row_separator=&#8221;curve&#8221; color_separator=&#8221;svg_white&#8221; content_bg_color=&#8221;bg-grey&#8221; css=&#8221;.vc_custom_1564708854662{background-position: center !important;background-repeat: no-repeat !important;background-size: cover !important;}&#8221;][vc_column][rev_slider_vc alias=&#8221;personal-landing&#8221;][\/vc_column][\/vc_row][vc_row content_animation=&#8221;yes&#8221; mo_init_scale_x=&#8221;1&#8243; mo_init_scale_y=&#8221;1&#8243; mo_init_scale_z=&#8221;1&#8243; mo_init_opacity=&#8221;0&#8243; mo_an_scale_x=&#8221;1&#8243; mo_an_scale_y=&#8221;1&#8243; mo_an_scale_z=&#8221;1&#8243; mo_an_opacity=&#8221;1&#8243; css=&#8221;.vc_custom_1621150065862{padding-top: 40px !important;padding-bottom: 10px !important;}&#8221; mo_init_translate_y=&#8221;71&#8243; mo_init_translate_z=&#8221;-92&#8243; mo_init_rotate_x=&#8221;-27&#8243; el_id=&#8221;loe&#8221;][vc_column][vc_row_inner][vc_column_inner width=&#8221;1\/3&#8243; css=&#8221;.vc_custom_1621080265142{padding-bottom: -15px !important;}&#8221;][\/vc_column_inner][vc_column_inner width=&#8221;2\/3&#8243; css=&#8221;.vc_custom_1621080502620{padding-top: -20px !important;}&#8221;][vc_column_text css=&#8221;.vc_custom_1755070690753{margin-bottom: 0px !important;padding-top: 20px !important;padding-right: 5% !important;}&#8221;]Hestia Hotel Barons asub UNESCO maailmap\u00e4randi nimistusse kuuluva vanalinna s\u00fcdames, v\u00f5ttes [&hellip;]<\/p>\n","protected":false},"author":2,"featured_media":0,"parent":0,"menu_order":0,"comment_status":"closed","ping_status":"closed","template":"page-no-title-bar.php","meta":{"inline_featured_image":false,"footnotes":""},"class_list":["post-316","page","type-page","status-publish","hentry"],"_links":{"self":[{"href":"https:\/\/info.hestiahotels.com\/barons\/wp-json\/wp\/v2\/pages\/316","targetHints":{"allow":["GET"]}}],"collection":[{"href":"https:\/\/info.hestiahotels.com\/barons\/wp-json\/wp\/v2\/pages"}],"about":[{"href":"https:\/\/info.hestiahotels.com\/barons\/wp-json\/wp\/v2\/types\/page"}],"author":[{"embeddable":true,"href":"https:\/\/info.hestiahotels.com\/barons\/wp-json\/wp\/v2\/users\/2"}],"replies":[{"embeddable":true,"href":"https:\/\/info.hestiahotels.com\/barons\/wp-json\/wp\/v2\/comments?post=316"}],"version-history":[{"count":42,"href":"https:\/\/info.hestiahotels.com\/barons\/wp-json\/wp\/v2\/pages\/316\/revisions"}],"predecessor-version":[{"id":2240,"href":"https:\/\/info.hestiahotels.com\/barons\/wp-json\/wp\/v2\/pages\/316\/revisions\/2240"}],"wp:attachment":[{"href":"https:\/\/info.hestiahotels.com\/barons\/wp-json\/wp\/v2\/media?parent=316"}],"curies":[{"name":"wp","href":"https:\/\/api.w.org\/{rel}","templated":true}]}}