{"id":2204,"date":"2024-09-11T16:32:50","date_gmt":"2024-09-11T14:32:50","guid":{"rendered":"https:\/\/info.hestiahotels.com\/barons\/?page_id=2204"},"modified":"2024-09-11T16:34:25","modified_gmt":"2024-09-11T14:34:25","slug":"fookus-jatkusuutlikkusel","status":"publish","type":"page","link":"https:\/\/info.hestiahotels.com\/barons\/fookus-jatkusuutlikkusel\/","title":{"rendered":"Fookus j\u00e4tkusuutlikkusel"},"content":{"rendered":"<div class=\"wpb-content-wrapper\"><p>[vc_row css=&#8221;.vc_custom_1726064494403{padding-top: 30px !important;padding-bottom: 30px !important;}&#8221;][vc_column width=&#8221;1\/2&#8243;][vc_column_text]<\/p>\n<h2>Fookus j\u00e4tkusuutlikkusel<\/h2>\n<p>Ja\u0308tkusuutliku tuleviku eelduseks on olla ja\u0308tkusuutlikum juba ta\u0308na. Hestia Hotel Baronsis saad astuda vastutustundlikumaid samme, olgu selleks ja\u0308a\u0308tmete sorteerimine, teadlik toidunautimine vo\u0303i lihtsalt hotellitoas nutikamalt tegutsemine. Oleme need tegevused meie hotellides la\u0308bi mo\u0303elnud, et ja\u0308tkusuutlikumad lahendused oleksid osa normaalsest igapa\u0308evast. Ka sinu valikutel ja tegevustel on sellele suur mo\u0303ju.<\/p>\n<p><strong>Focus Hestia<\/strong>\u00a0m\u00e4rgis t\u00e4histab infot ja nippe, kuidas teha hotellik\u00fclalisena keskkonnas\u00f5bralikumaid valikuid.[\/vc_column_text][\/vc_column][vc_column width=&#8221;1\/2&#8243;][vc_gallery type=&#8221;flexslider_slide&#8221; interval=&#8221;10&#8243; images=&#8221;2181,2179&#8243; img_size=&#8221;large&#8221; el_class=&#8221;slider&#8221;][\/vc_column][\/vc_row][vc_row css=&#8221;.vc_custom_1726064494403{padding-top: 30px !important;padding-bottom: 30px !important;}&#8221;][vc_column width=&#8221;1\/2&#8243;][vc_gallery type=&#8221;flexslider_slide&#8221; interval=&#8221;10&#8243; images=&#8221;2196&#8243; img_size=&#8221;large&#8221; el_class=&#8221;slider&#8221;][\/vc_column][vc_column width=&#8221;1\/2&#8243;][vc_column_text]<\/p>\n<h2>Pr\u00fcgisorteerimine<\/h2>\n<p>Hestia Hotel Baronsi hotelli koridorides v\u00f5id silmata v\u00e4ikeseid sortereid. \u00a0Oma koht on seal pakenditel, paberil ja papil, bio- ja segaolmej\u00e4\u00e4tmetel. Ole valmis, et sorter koridoris asendab pr\u00fcgikasti sinu toas ning poetagi oma praht sinna. Patareid v\u00f5i ohtlikud j\u00e4\u00e4tmed vii vastuv\u00f5ttu.[\/vc_column_text][\/vc_column][\/vc_row][vc_row css=&#8221;.vc_custom_1726064494403{padding-top: 30px !important;padding-bottom: 30px !important;}&#8221;][vc_column width=&#8221;1\/2&#8243;][vc_column_text]<\/p>\n<h2>P\u00e4evakoristus<\/h2>\n<p>P\u00e4evakoristust toas teeme vaid siis, kui seda vajad. Kui soovid toakoristust, riputa koristussilt ukselingile hiljemalt kell 12.00. Nii v\u00e4ldime veeraiskamist ning -reostust ja ka r\u00e4tikute liigset t\u00f6\u00f6tlemist.[\/vc_column_text][\/vc_column][vc_column width=&#8221;1\/2&#8243;][vc_gallery type=&#8221;flexslider_slide&#8221; interval=&#8221;10&#8243; images=&#8221;2198&#8243; img_size=&#8221;large&#8221; el_class=&#8221;slider&#8221;][\/vc_column][\/vc_row][vc_row css=&#8221;.vc_custom_1726064494403{padding-top: 30px !important;padding-bottom: 30px !important;}&#8221;][vc_column width=&#8221;1\/2&#8243;][vc_gallery type=&#8221;flexslider_slide&#8221; interval=&#8221;10&#8243; images=&#8221;2200&#8243; img_size=&#8221;large&#8221; el_class=&#8221;slider&#8221;][\/vc_column][vc_column width=&#8221;1\/2&#8243;][vc_column_text]<\/p>\n<h2>\u00dchekordsed esemed<\/h2>\n<p>Oleme loobunud \u00fchekordsetest v\u00e4ikepakenditest ja sussidest hotellitoas, et v\u00e4ltida \u00fcletarbimist. N\u00e4iteks pl\u00e4tud v\u00f5i sussid soovitamegi haarata kaasa kodust. Kui neid siiski vajad, pole muretsemiseks p\u00f5hjust \u2013k\u00fcsi hotellitarbeid vastuv\u00f5tust. Nii kasutame asju vaid siis, kui selleks on vajadus.[\/vc_column_text][\/vc_column][\/vc_row][vc_row css=&#8221;.vc_custom_1726064494403{padding-top: 30px !important;padding-bottom: 30px !important;}&#8221;][vc_column width=&#8221;1\/2&#8243;][vc_column_text]<\/p>\n<h2>Tark toidutarbimine<\/h2>\n<p>Toidukasvatamise ja -tootmise m\u00f5ju planeedile on tohutu \u2013 kasvuhoonegaaside heide, liigne veekulu, bioloogilise mitmekesisuse v\u00e4henemine. Toiduraiskamine vaid v\u00f5imendab neid probleeme. Toiduraiskamise va\u0308hendamisega astume suure sammu j\u00e4tkusuutlikuma toimimise suunas. Kuigi tulemused ilmuvad pikapeale, ei tasu alahinnata v\u00e4ikeste harjumuste m\u00f5ju.<\/p>\n<p>Bufeelauas keskendu sellele, mis jo\u0303uab sinu taldrikule ning to\u0303sta u\u0308hekorraga nii palju toitu, kui jaksad nautides su\u0308u\u0308a. Juurde vo\u0303ib alati vo\u0303tta. Meie kanname hoolt, et saaksid valida parimast toorainetest valmistatud toitu.[\/vc_column_text][\/vc_column][vc_column width=&#8221;1\/2&#8243;][vc_gallery type=&#8221;flexslider_slide&#8221; interval=&#8221;10&#8243; images=&#8221;2202&#8243; img_size=&#8221;large&#8221; el_class=&#8221;slider&#8221;][\/vc_column][\/vc_row][vc_row css=&#8221;.vc_custom_1726064494403{padding-top: 30px !important;padding-bottom: 30px !important;}&#8221;][vc_column width=&#8221;1\/2&#8243;][vc_gallery type=&#8221;flexslider_slide&#8221; interval=&#8221;10&#8243; images=&#8221;2206&#8243; img_size=&#8221;large&#8221; el_class=&#8221;slider&#8221;][\/vc_column][vc_column width=&#8221;1\/2&#8243;][vc_column_text]<\/p>\n<h2>Kestlikkuse nipid<\/h2>\n<p>Ka hotellitoas on v\u00e4ikesed n\u00f5ksud, mis lubavad sul j\u00e4tkusuutlikumalt tegutseda. Kraanist tuleb puhas joogivesi, eelista seda pudeliveele. Samuti pea meeles kraan hambapesu ajaks sulgeda. Toast lahkudes kustuta tuled ja pane kinni aknad. V\u00e4ikesed asjad, m\u00e4rgatav m\u00f5ju.[\/vc_column_text][\/vc_column][\/vc_row]<\/p>\n<\/div>","protected":false},"excerpt":{"rendered":"<p>[vc_row css=&#8221;.vc_custom_1726064494403{padding-top: 30px !important;padding-bottom: 30px !important;}&#8221;][vc_column width=&#8221;1\/2&#8243;][vc_column_text] Fookus j\u00e4tkusuutlikkusel Ja\u0308tkusuutliku tuleviku eelduseks on olla ja\u0308tkusuutlikum juba ta\u0308na. Hestia Hotel Baronsis saad astuda vastutustundlikumaid samme, olgu selleks ja\u0308a\u0308tmete sorteerimine, teadlik toidunautimine vo\u0303i lihtsalt hotellitoas nutikamalt tegutsemine. Oleme need tegevused meie hotellides la\u0308bi mo\u0303elnud, et ja\u0308tkusuutlikumad lahendused oleksid osa normaalsest igapa\u0308evast. Ka sinu valikutel ja tegevustel on [&hellip;]<\/p>\n","protected":false},"author":1,"featured_media":0,"parent":0,"menu_order":0,"comment_status":"closed","ping_status":"closed","template":"","meta":{"inline_featured_image":false,"footnotes":""},"class_list":["post-2204","page","type-page","status-publish","hentry"],"_links":{"self":[{"href":"https:\/\/info.hestiahotels.com\/barons\/wp-json\/wp\/v2\/pages\/2204","targetHints":{"allow":["GET"]}}],"collection":[{"href":"https:\/\/info.hestiahotels.com\/barons\/wp-json\/wp\/v2\/pages"}],"about":[{"href":"https:\/\/info.hestiahotels.com\/barons\/wp-json\/wp\/v2\/types\/page"}],"author":[{"embeddable":true,"href":"https:\/\/info.hestiahotels.com\/barons\/wp-json\/wp\/v2\/users\/1"}],"replies":[{"embeddable":true,"href":"https:\/\/info.hestiahotels.com\/barons\/wp-json\/wp\/v2\/comments?post=2204"}],"version-history":[{"count":3,"href":"https:\/\/info.hestiahotels.com\/barons\/wp-json\/wp\/v2\/pages\/2204\/revisions"}],"predecessor-version":[{"id":2214,"href":"https:\/\/info.hestiahotels.com\/barons\/wp-json\/wp\/v2\/pages\/2204\/revisions\/2214"}],"wp:attachment":[{"href":"https:\/\/info.hestiahotels.com\/barons\/wp-json\/wp\/v2\/media?parent=2204"}],"curies":[{"name":"wp","href":"https:\/\/api.w.org\/{rel}","templated":true}]}}