{"id":1768,"date":"2021-05-20T15:10:18","date_gmt":"2021-05-20T12:10:18","guid":{"rendered":"https:\/\/info.hestiahotels.com\/haapsaluspa\/?page_id=1768"},"modified":"2025-08-06T14:43:48","modified_gmt":"2025-08-06T12:43:48","slug":"hotellitoad","status":"publish","type":"page","link":"https:\/\/info.hestiahotels.com\/barons\/hotellitoad\/","title":{"rendered":"Hotellitoad"},"content":{"rendered":"<div class=\"wpb-content-wrapper\"><p>[vc_row css=&#8221;.vc_custom_1643724285743{padding-top: 60px !important;padding-bottom: 0px !important;background-position: center !important;background-repeat: no-repeat !important;background-size: cover !important;}&#8221;][vc_column]       \n      <div class=\"mo-title-box title-box-style5  text-center\"  ><h3>Hotellitoad<\/h3> <\/div>\n    [vc_column_text]Hestia Hotel Barons asub UNESCO maailmap\u00e4randi nimistusse kuuluva vanalinna s\u00fcdames, v\u00f5ttes enda alla kaks maja: hotelli peamaja asub 1912. aastal ehitatud juugendstiilis pangahoones, mis t\u00e4naseks on renoveeritud elegantseks butiikhotelliks ning k\u00f5rvalmaja elegantses 15. sajandi hoones. V\u00e4\u00e4rika ajalooga majad pakuvad linnapuhkust, millest ei puudu \u00fckski t\u00e4nap\u00e4evane mugavus. Tallinna parimad restoranid, butiigid, p\u00e4evaspaad ja muuseumid j\u00e4\u00e4vad vaid m\u00f5ne minuti kaugusele.[\/vc_column_text][vc_empty_space][vc_column_text css=&#8221;.vc_custom_1643724299762{padding-top: 0px !important;}&#8221;]<strong>Minibaar<\/strong><\/p>\n<p>Oma numbritoast leiate minibaari koos hinnakirjaga. Palun m\u00e4rkige hinnakirja lehele k\u00f5ik minibaarist tarbitud tooted ja andke see lahkudes hotelli vastuv\u00f5ttu. Kui soovite minibaari lisatooteid, palume kontakteeruda vastuv\u00f5tuga. Minibaari lisatooted on vastavalt saadavusele ja lisatakse Teie toa arvele koheselt.[\/vc_column_text][\/vc_column][\/vc_row][vc_row content_animation=&#8221;yes&#8221; mo_init_scale_x=&#8221;1&#8243; mo_init_scale_y=&#8221;1&#8243; mo_init_scale_z=&#8221;1&#8243; mo_init_opacity=&#8221;0&#8243; mo_an_scale_x=&#8221;1&#8243; mo_an_scale_y=&#8221;1&#8243; mo_an_scale_z=&#8221;1&#8243; mo_an_opacity=&#8221;1&#8243; css=&#8221;.vc_custom_1621507551885{padding-bottom: 40px !important;}&#8221; mo_init_translate_y=&#8221;71&#8243; mo_init_translate_z=&#8221;-92&#8243; mo_init_rotate_x=&#8221;-27&#8243; el_class=&#8221;tablet_column_full&#8221;][vc_column width=&#8221;1\/2&#8243;]\t\n    \t    <div class=\"fancy-image mo-img-group-single\" data-reveal=\"true\" data-reveal-options='{\"direction\":\"rl\",\"bgcolor\":\"\",\"delay\":\"\"}' data-roundness=\"yes\" data-shadow-style=\"yes\">\n\t\t\t<div class=\"mo-img-container-inner\"  >\n\t\t\t<figure><img decoding=\"async\" src=\"https:\/\/info.hestiahotels.com\/barons\/wp-content\/uploads\/sites\/3\/2022\/02\/n8925c-1-1-1.jpg\" alt=\"image\" \/><\/figure>\t\n\t\t\t<\/div><!-- \/.mo-img-container-inner -->\n\t\t<\/div><!-- \/.fancy-image -->\n\t\t\t\n    [\/vc_column][vc_column width=&#8221;1\/2&#8243;][vc_empty_space height=&#8221;30px&#8221;]       \n      <div class=\"mo-title-box title-box-style1  text-left\"  ><h5>Hestia Hotel Barons<\/h5><h3>\u00dchene tuba, Ajaloolises peamajas<\/h3><div class=\"content\">\u00dchene tuba on sisustatud klassikalise elegantsiga, selles on 14 ruutmeetrit pinda ja see on varustatud mugava \u00fchekohalise voodiga. Toas on samuti kaabeltelevisioon, tasuta juhtmevaba interneti\u00fchendus, privaatne vannituba du\u0161i ja f\u00f6\u00f6niga, minibaar ja t\u00f6\u00f6laud.<\/div> <\/div>\n    [vc_empty_space height=&#8221;30px&#8221;][\/vc_column][\/vc_row][vc_row content_animation=&#8221;yes&#8221; mo_init_scale_x=&#8221;1&#8243; mo_init_scale_y=&#8221;1&#8243; mo_init_scale_z=&#8221;1&#8243; mo_init_opacity=&#8221;0&#8243; mo_an_scale_x=&#8221;1&#8243; mo_an_scale_y=&#8221;1&#8243; mo_an_scale_z=&#8221;1&#8243; mo_an_opacity=&#8221;1&#8243; css=&#8221;.vc_custom_1621507562310{padding-top: 40px !important;padding-bottom: 40px !important;background-color: #f2f3f4 !important;}&#8221; mo_init_translate_y=&#8221;71&#8243; mo_init_translate_z=&#8221;-92&#8243; mo_init_rotate_x=&#8221;-27&#8243; el_class=&#8221;tablet_column_full&#8221;][vc_column width=&#8221;1\/2&#8243;][vc_empty_space height=&#8221;30px&#8221;]       \n      <div class=\"mo-title-box title-box-style1  text-left\"  ><h5>Hestia Hotel Barons<\/h5><h3>Standardtuba, Ajaloolises peamajas<\/h3><div class=\"content\">Kahene tuba on sisustatud klassikalise elegantsiga, selles on 15-20 ruutmeetrit pinda ja see on varustatud kahe mugava \u00fchekohalise voodi v\u00f5i \u00fche mugava kahekohalise voodiga. Toas on samuti kaabeltelevisioon, tasuta juhtmevaba interneti\u00fchendus, privaatne vannituba du\u0161i ja f\u00f6\u00f6niga, minibaar ja t\u00f6\u00f6laud. Suuremasse standardtuppa on v\u00f5imalik lisada kuni \u00fcks lisavoodi.<\/div> <\/div>\n    [vc_empty_space height=&#8221;30px&#8221;][\/vc_column][vc_column width=&#8221;1\/2&#8243;]\t\n    \t    <div class=\"fancy-image mo-img-group-single\" data-reveal=\"true\" data-reveal-options='{\"direction\":\"rl\",\"bgcolor\":\"\",\"delay\":\"\"}' data-roundness=\"yes\" data-shadow-style=\"yes\">\n\t\t\t<div class=\"mo-img-container-inner\"  >\n\t\t\t<figure><img decoding=\"async\" src=\"https:\/\/info.hestiahotels.com\/barons\/wp-content\/uploads\/sites\/3\/2022\/02\/n8925c-1-2-1.jpg\" alt=\"image\" \/><\/figure>\t\n\t\t\t<\/div><!-- \/.mo-img-container-inner -->\n\t\t<\/div><!-- \/.fancy-image -->\n\t\t\t\n    [\/vc_column][\/vc_row][vc_row content_animation=&#8221;yes&#8221; mo_init_scale_x=&#8221;1&#8243; mo_init_scale_y=&#8221;1&#8243; mo_init_scale_z=&#8221;1&#8243; mo_init_opacity=&#8221;0&#8243; mo_an_scale_x=&#8221;1&#8243; mo_an_scale_y=&#8221;1&#8243; mo_an_scale_z=&#8221;1&#8243; mo_an_opacity=&#8221;1&#8243; css=&#8221;.vc_custom_1621513180776{padding-top: 40px !important;padding-bottom: 40px !important;}&#8221; mo_init_translate_y=&#8221;71&#8243; mo_init_translate_z=&#8221;-92&#8243; mo_init_rotate_x=&#8221;-27&#8243; el_class=&#8221;tablet_column_full&#8221;][vc_column width=&#8221;1\/2&#8243;]\t\n    \t    <div class=\"fancy-image mo-img-group-single\" data-reveal=\"true\" data-reveal-options='{\"direction\":\"rl\",\"bgcolor\":\"\",\"delay\":\"\"}' data-roundness=\"yes\" data-shadow-style=\"yes\">\n\t\t\t<div class=\"mo-img-container-inner\"  >\n\t\t\t<figure><img decoding=\"async\" src=\"https:\/\/info.hestiahotels.com\/barons\/wp-content\/uploads\/sites\/3\/2022\/02\/n8925c-1-3-1.jpg\" alt=\"image\" \/><\/figure>\t\n\t\t\t<\/div><!-- \/.mo-img-container-inner -->\n\t\t<\/div><!-- \/.fancy-image -->\n\t\t\t\n    [\/vc_column][vc_column width=&#8221;1\/2&#8243;][vc_empty_space height=&#8221;30px&#8221;]       \n      <div class=\"mo-title-box title-box-style1  text-left\"  ><h5>Hestia Hotel Barons<\/h5><h3>Junior Sviit, Ajaloolises peamajas<\/h3><div class=\"content\">Junior sviit on sisustatud klassikalise elegantsiga, selles on 30-40 ruutmeetrit pinda ja see on varustatud suure kahekohalise voodiga. Toas on samuti tervitusjook, vannitoa kosmeetika, kaabeltelevisioon, tasuta juhtmevaba interneti\u00fchendus, privaatne vannituba du\u0161i v\u00f5i mullivanniga, f\u00f6\u00f6n, hommikumantlid, sussid, kohvi valmistamise v\u00f5imalus, istumisala, minibaar ja t\u00f6\u00f6laud.<\/div> <\/div>\n    [vc_empty_space height=&#8221;30px&#8221;][\/vc_column][\/vc_row][vc_row content_animation=&#8221;yes&#8221; mo_init_scale_x=&#8221;1&#8243; mo_init_scale_y=&#8221;1&#8243; mo_init_scale_z=&#8221;1&#8243; mo_init_opacity=&#8221;0&#8243; mo_an_scale_x=&#8221;1&#8243; mo_an_scale_y=&#8221;1&#8243; mo_an_scale_z=&#8221;1&#8243; mo_an_opacity=&#8221;1&#8243; css=&#8221;.vc_custom_1621507562310{padding-top: 40px !important;padding-bottom: 40px !important;background-color: #f2f3f4 !important;}&#8221; mo_init_translate_y=&#8221;71&#8243; mo_init_translate_z=&#8221;-92&#8243; mo_init_rotate_x=&#8221;-27&#8243; el_class=&#8221;tablet_column_full&#8221;][vc_column width=&#8221;1\/2&#8243;][vc_empty_space height=&#8221;30px&#8221;]       \n      <div class=\"mo-title-box title-box-style1  text-left\"  ><h5>Hestia Hotel Barons<\/h5><h3>Saunaga Sviit, Ajaloolises peamajas<\/h3><div class=\"content\">Sviit on sisustatud klassikalise elegantsiga, selles on 39 ruutmeetrit pinda ja see on varustatud suure kahekohalise voodiga. Toas on samuti tervitusjook, vannitoa kosmeetika, kaabeltelevisioon, tasuta juhtmevaba interneti\u00fchendus, privaatne vannituba sauna ja du\u0161iga, f\u00f6\u00f6n, hommikumantlid, sussid, minibaar, istumisala ja t\u00f6\u00f6laud.<\/div> <\/div>\n    [vc_empty_space height=&#8221;30px&#8221;][\/vc_column][vc_column width=&#8221;1\/2&#8243;]\t\n    \t    <div class=\"fancy-image mo-img-group-single\" data-reveal=\"true\" data-reveal-options='{\"direction\":\"rl\",\"bgcolor\":\"\",\"delay\":\"\"}' data-roundness=\"yes\" data-shadow-style=\"yes\">\n\t\t\t<div class=\"mo-img-container-inner\"  >\n\t\t\t<figure><img decoding=\"async\" src=\"https:\/\/info.hestiahotels.com\/barons\/wp-content\/uploads\/sites\/3\/2022\/02\/n8925c-1-4-1.jpg\" alt=\"image\" \/><\/figure>\t\n\t\t\t<\/div><!-- \/.mo-img-container-inner -->\n\t\t<\/div><!-- \/.fancy-image -->\n\t\t\t\n    [\/vc_column][\/vc_row][vc_row content_animation=&#8221;yes&#8221; mo_init_scale_x=&#8221;1&#8243; mo_init_scale_y=&#8221;1&#8243; mo_init_scale_z=&#8221;1&#8243; mo_init_opacity=&#8221;0&#8243; mo_an_scale_x=&#8221;1&#8243; mo_an_scale_y=&#8221;1&#8243; mo_an_scale_z=&#8221;1&#8243; mo_an_opacity=&#8221;1&#8243; css=&#8221;.vc_custom_1621513341296{padding-top: 40px !important;padding-bottom: 60px !important;}&#8221; mo_init_translate_y=&#8221;71&#8243; mo_init_translate_z=&#8221;-92&#8243; mo_init_rotate_x=&#8221;-27&#8243; el_class=&#8221;tablet_column_full&#8221;][vc_column width=&#8221;1\/2&#8243;]\t\n    \t    <div class=\"fancy-image mo-img-group-single\" data-reveal=\"true\" data-reveal-options='{\"direction\":\"rl\",\"bgcolor\":\"\",\"delay\":\"\"}' data-roundness=\"yes\" data-shadow-style=\"yes\">\n\t\t\t<div class=\"mo-img-container-inner\"  >\n\t\t\t<figure><img decoding=\"async\" src=\"https:\/\/info.hestiahotels.com\/barons\/wp-content\/uploads\/sites\/3\/2022\/02\/n8925c-1-5-1.jpg\" alt=\"image\" \/><\/figure>\t\n\t\t\t<\/div><!-- \/.mo-img-container-inner -->\n\t\t<\/div><!-- \/.fancy-image -->\n\t\t\t\n    [\/vc_column][vc_column width=&#8221;1\/2&#8243;][vc_empty_space height=&#8221;30px&#8221;]       \n      <div class=\"mo-title-box title-box-style1  text-left\"  ><h5>Hestia Hotel Barons<\/h5><h3>Standardtuba, Klassikalises k\u00f5rvalmajas<\/h3><div class=\"content\">Standardtuba on sisustatud klassikalise elegantsiga, selles on 22 - 30 ruutmeetrit pinda ja see on varustatud kahe mugava \u00fchekohalise voodi v\u00f5i \u00fche kahekohalise voodiga. Toas on samuti kaabeltelevisioon, tasuta juhtmevaba interneti\u00fchendus, privaatne vannituba du\u0161i v\u00f5i vanniga, f\u00f6\u00f6n, minibaar ja t\u00f6\u00f6laud.<\/div> <\/div>\n    [vc_empty_space height=&#8221;30px&#8221;][\/vc_column][\/vc_row][vc_row content_animation=&#8221;yes&#8221; mo_init_scale_x=&#8221;1&#8243; mo_init_scale_y=&#8221;1&#8243; mo_init_scale_z=&#8221;1&#8243; mo_init_opacity=&#8221;0&#8243; mo_an_scale_x=&#8221;1&#8243; mo_an_scale_y=&#8221;1&#8243; mo_an_scale_z=&#8221;1&#8243; mo_an_opacity=&#8221;1&#8243; css=&#8221;.vc_custom_1621507562310{padding-top: 40px !important;padding-bottom: 40px !important;background-color: #f2f3f4 !important;}&#8221; mo_init_translate_y=&#8221;71&#8243; mo_init_translate_z=&#8221;-92&#8243; mo_init_rotate_x=&#8221;-27&#8243; el_class=&#8221;tablet_column_full&#8221;][vc_column width=&#8221;1\/2&#8243;][vc_empty_space height=&#8221;30px&#8221;]       \n      <div class=\"mo-title-box title-box-style1  text-left\"  ><h5>Hestia Hotel Barons<\/h5><h3>Superior tuba, Klassikalises k\u00f5rvalmajas<\/h3><div class=\"content\">Superior tuba on sisustatud klassikalise elegantsiga, selles on 16 - 21 ruutmeetrit pinda ja see on varustatud \u00fche kahekohalise voodiga. Toas on samuti kaabeltelevisioon, tasuta juhtmevaba interneti\u00fchendus, privaatne vannituba du\u0161i v\u00f5i vanniga, f\u00f6\u00f6n, sussid, hommikumantlid, minibaar ja t\u00f6\u00f6laud.<\/div> <\/div>\n    [vc_empty_space height=&#8221;30px&#8221;][\/vc_column][vc_column width=&#8221;1\/2&#8243;]\t\n    \t    <div class=\"fancy-image mo-img-group-single\" data-reveal=\"true\" data-reveal-options='{\"direction\":\"rl\",\"bgcolor\":\"\",\"delay\":\"\"}' data-roundness=\"yes\" data-shadow-style=\"yes\">\n\t\t\t<div class=\"mo-img-container-inner\"  >\n\t\t\t<figure><img decoding=\"async\" src=\"https:\/\/info.hestiahotels.com\/barons\/wp-content\/uploads\/sites\/3\/2022\/02\/n8925c-1.jpg\" alt=\"image\" \/><\/figure>\t\n\t\t\t<\/div><!-- \/.mo-img-container-inner -->\n\t\t<\/div><!-- \/.fancy-image -->\n\t\t\t\n    [\/vc_column][\/vc_row][vc_row content_animation=&#8221;yes&#8221; mo_init_scale_x=&#8221;1&#8243; mo_init_scale_y=&#8221;1&#8243; mo_init_scale_z=&#8221;1&#8243; mo_init_opacity=&#8221;0&#8243; mo_an_scale_x=&#8221;1&#8243; mo_an_scale_y=&#8221;1&#8243; mo_an_scale_z=&#8221;1&#8243; mo_an_opacity=&#8221;1&#8243; css=&#8221;.vc_custom_1621513341296{padding-top: 40px !important;padding-bottom: 60px !important;}&#8221; mo_init_translate_y=&#8221;71&#8243; mo_init_translate_z=&#8221;-92&#8243; mo_init_rotate_x=&#8221;-27&#8243; el_class=&#8221;tablet_column_full&#8221;][vc_column width=&#8221;1\/2&#8243;]\t\n    \t    <div class=\"fancy-image mo-img-group-single\" data-reveal=\"true\" data-reveal-options='{\"direction\":\"rl\",\"bgcolor\":\"\",\"delay\":\"\"}' data-roundness=\"yes\" data-shadow-style=\"yes\">\n\t\t\t<div class=\"mo-img-container-inner\"  >\n\t\t\t<figure><img decoding=\"async\" src=\"https:\/\/info.hestiahotels.com\/barons\/wp-content\/uploads\/sites\/3\/2022\/02\/n8925c-1-6-1.jpg\" alt=\"image\" \/><\/figure>\t\n\t\t\t<\/div><!-- \/.mo-img-container-inner -->\n\t\t<\/div><!-- \/.fancy-image -->\n\t\t\t\n    [\/vc_column][vc_column width=&#8221;1\/2&#8243;][vc_empty_space height=&#8221;30px&#8221;]       \n      <div class=\"mo-title-box title-box-style1  text-left\"  ><h5>Hestia Hotel Barons<\/h5><h3>Peretuba, Klassikalises k\u00f5rvalmajas<\/h3><div class=\"content\">Peretuba on sisustatud klassikalise elegantsiga, selles on 25 - 35 ruutmeetrit pinda ja see on varustatud kahe mugava \u00fchekohalise voodi ja diivanvoodiga. Toas on samuti kaabeltelevisioon, tasuta juhtmevaba interneti\u00fchendus, otse\u00fchendusega telefon, privaatne vannituba du\u0161i v\u00f5i vanniga, f\u00f6\u00f6n, minibaar ja t\u00f6\u00f6laud.<\/div> <\/div>\n    [vc_empty_space height=&#8221;30px&#8221;][\/vc_column][\/vc_row]<\/p>\n<\/div>","protected":false},"excerpt":{"rendered":"<p>[vc_row css=&#8221;.vc_custom_1643724285743{padding-top: 60px !important;padding-bottom: 0px !important;background-position: center !important;background-repeat: no-repeat !important;background-size: cover !important;}&#8221;][vc_column][vc_column_text]Hestia Hotel Barons asub UNESCO maailmap\u00e4randi nimistusse kuuluva vanalinna s\u00fcdames, v\u00f5ttes enda alla kaks maja: hotelli peamaja asub 1912. aastal ehitatud juugendstiilis pangahoones, mis t\u00e4naseks on renoveeritud elegantseks butiikhotelliks ning k\u00f5rvalmaja elegantses 15. sajandi hoones. V\u00e4\u00e4rika ajalooga majad pakuvad linnapuhkust, millest ei puudu \u00fckski [&hellip;]<\/p>\n","protected":false},"author":2,"featured_media":0,"parent":0,"menu_order":0,"comment_status":"closed","ping_status":"closed","template":"","meta":{"inline_featured_image":false,"footnotes":""},"class_list":["post-1768","page","type-page","status-publish","hentry"],"_links":{"self":[{"href":"https:\/\/info.hestiahotels.com\/barons\/wp-json\/wp\/v2\/pages\/1768","targetHints":{"allow":["GET"]}}],"collection":[{"href":"https:\/\/info.hestiahotels.com\/barons\/wp-json\/wp\/v2\/pages"}],"about":[{"href":"https:\/\/info.hestiahotels.com\/barons\/wp-json\/wp\/v2\/types\/page"}],"author":[{"embeddable":true,"href":"https:\/\/info.hestiahotels.com\/barons\/wp-json\/wp\/v2\/users\/2"}],"replies":[{"embeddable":true,"href":"https:\/\/info.hestiahotels.com\/barons\/wp-json\/wp\/v2\/comments?post=1768"}],"version-history":[{"count":14,"href":"https:\/\/info.hestiahotels.com\/barons\/wp-json\/wp\/v2\/pages\/1768\/revisions"}],"predecessor-version":[{"id":2236,"href":"https:\/\/info.hestiahotels.com\/barons\/wp-json\/wp\/v2\/pages\/1768\/revisions\/2236"}],"wp:attachment":[{"href":"https:\/\/info.hestiahotels.com\/barons\/wp-json\/wp\/v2\/media?parent=1768"}],"curies":[{"name":"wp","href":"https:\/\/api.w.org\/{rel}","templated":true}]}}