{"id":1668,"date":"2021-05-20T14:51:10","date_gmt":"2021-05-20T11:51:10","guid":{"rendered":"https:\/\/info.hestiahotels.com\/haapsaluspa\/?page_id=1668"},"modified":"2024-04-11T10:41:12","modified_gmt":"2024-04-11T08:41:12","slug":"lisateenused","status":"publish","type":"page","link":"https:\/\/info.hestiahotels.com\/barons\/lisateenused\/","title":{"rendered":"Lisateenused"},"content":{"rendered":"<div class=\"wpb-content-wrapper\"><p>[vc_row css=&#8221;.vc_custom_1621088788434{padding-top: 80px !important;padding-bottom: 50px !important;background-position: center !important;background-repeat: no-repeat !important;background-size: cover !important;}&#8221;][vc_column]       \n      <div class=\"mo-title-box title-box-style5  text-center\"  ><h3>Lisateenused<\/h3> <\/div>\n    [\/vc_column][\/vc_row][vc_row content_animation=&#8221;yes&#8221; mo_init_scale_x=&#8221;1&#8243; mo_init_scale_y=&#8221;1&#8243; mo_init_scale_z=&#8221;1&#8243; mo_init_opacity=&#8221;0&#8243; mo_an_scale_x=&#8221;1&#8243; mo_an_scale_y=&#8221;1&#8243; mo_an_scale_z=&#8221;1&#8243; mo_an_opacity=&#8221;1&#8243; css=&#8221;.vc_custom_1643723781590{padding-bottom: 40px !important;}&#8221; mo_init_translate_y=&#8221;71&#8243; mo_init_translate_z=&#8221;-92&#8243; mo_init_rotate_x=&#8221;-27&#8243; el_class=&#8221;tablet_column_full&#8221; el_id=&#8221;pakihoid&#8221;][vc_column width=&#8221;1\/2&#8243;]\t\n    \t    <div class=\"fancy-image mo-img-group-single\" data-reveal=\"true\" data-reveal-options='{\"direction\":\"rl\",\"bgcolor\":\"\",\"delay\":\"\"}' data-roundness=\"yes\" data-shadow-style=\"yes\">\n\t\t\t<div class=\"mo-img-container-inner\"  >\n\t\t\t<figure><img decoding=\"async\" src=\"https:\/\/info.hestiahotels.com\/barons\/wp-content\/uploads\/sites\/3\/2022\/02\/n8925c-1-11-1.jpg\" alt=\"image\" \/><\/figure>\t\n\t\t\t<\/div><!-- \/.mo-img-container-inner -->\n\t\t<\/div><!-- \/.fancy-image -->\n\t\t\t\n    [\/vc_column][vc_column width=&#8221;1\/2&#8243;][vc_empty_space height=&#8221;30px&#8221;]       \n      <div class=\"mo-title-box title-box-style1  text-left\"  ><h5>Hestia Hotel Barons<\/h5><h3>Pakihoid ja miniseifid<\/h3><div class=\"content\">Pakihoiu ning seifide kasutamine on hotelli k\u00fclalistele tasuta. Lisainfo saamiseks p\u00f6\u00f6rduge palun vastuv\u00f5ttu.<\/p>\n<p><strong>Telefon<\/strong><br \/>\nVastuv\u00f5tt <strong>700<\/strong><\/div> <\/div>\n    [vc_empty_space height=&#8221;30px&#8221;][\/vc_column][\/vc_row][vc_row content_animation=&#8221;yes&#8221; mo_init_scale_x=&#8221;1&#8243; mo_init_scale_y=&#8221;1&#8243; mo_init_scale_z=&#8221;1&#8243; mo_init_opacity=&#8221;0&#8243; mo_an_scale_x=&#8221;1&#8243; mo_an_scale_y=&#8221;1&#8243; mo_an_scale_z=&#8221;1&#8243; mo_an_opacity=&#8221;1&#8243; css=&#8221;.vc_custom_1643723746030{padding-top: 40px !important;padding-bottom: 60px !important;}&#8221; mo_init_translate_y=&#8221;71&#8243; mo_init_translate_z=&#8221;-92&#8243; mo_init_rotate_x=&#8221;-27&#8243; el_class=&#8221;tablet_column_full&#8221; el_id=&#8221;pesu&#8221;][vc_column width=&#8221;1\/2&#8243;][vc_empty_space height=&#8221;30px&#8221;]       \n      <div class=\"mo-title-box title-box-style1  text-left\"  ><h5>Hestia Hotel Barons<\/h5><h3>Pesupesemisteenus ja triikimine<\/h3><div class=\"content\">Pakume hotelli k\u00fclastajatele t\u00f6\u00f6p\u00e4evadel keemilise puhastuse teenust. Hotellitoa kapis on tellimisleht ja pesukott. Enne kella 9.00 pesemiseks ja keemiliseks puhastamiseks toodud esemed saavad valmis sama p\u00e4eva \u00f5htuks. Hiljem toodud esemed saavad valmis 24 tunni jooksul. Palun j\u00e4tke pesemist vajav pesu vastavas kotis vastuv\u00f5ttu.<\/p>\n<p><strong>Triikraud ja triikimislaud<\/strong><br \/>\nVajadusel saab tuppa tellida triikraua ja triikimislaua. Selleks p\u00f6\u00f6rduge palun vastuv\u00f5ttu.<\/div> <\/div>\n    [vc_empty_space height=&#8221;30px&#8221;][\/vc_column][vc_column width=&#8221;1\/2&#8243;]\t\n    \t    <div class=\"fancy-image mo-img-group-single\" data-reveal=\"true\" data-reveal-options='{\"direction\":\"rl\",\"bgcolor\":\"\",\"delay\":\"\"}' data-roundness=\"yes\" data-shadow-style=\"yes\">\n\t\t\t<div class=\"mo-img-container-inner\"  >\n\t\t\t<figure><img decoding=\"async\" src=\"https:\/\/info.hestiahotels.com\/barons\/wp-content\/uploads\/sites\/3\/2022\/02\/n8925c-1-12-1.jpg\" alt=\"image\" \/><\/figure>\t\n\t\t\t<\/div><!-- \/.mo-img-container-inner -->\n\t\t<\/div><!-- \/.fancy-image -->\n\t\t\t\n    [\/vc_column][\/vc_row][vc_row content_animation=&#8221;yes&#8221; mo_init_scale_x=&#8221;1&#8243; mo_init_scale_y=&#8221;1&#8243; mo_init_scale_z=&#8221;1&#8243; mo_init_opacity=&#8221;0&#8243; mo_an_scale_x=&#8221;1&#8243; mo_an_scale_y=&#8221;1&#8243; mo_an_scale_z=&#8221;1&#8243; mo_an_opacity=&#8221;1&#8243; css=&#8221;.vc_custom_1643723943294{padding-top: 40px !important;background-color: #f2f3f4 !important;}&#8221; mo_init_translate_y=&#8221;71&#8243; mo_init_translate_z=&#8221;-92&#8243; mo_init_rotate_x=&#8221;-27&#8243; el_class=&#8221;tablet_column_full&#8221; el_id=&#8221;telli&#8221;][vc_column]       \n      <div class=\"mo-title-box title-box-style1  text-center\"  ><h3>Tellitavad lisateenused ja kaubad<\/h3><div class=\"content\">Lisateenuste v\u00f5i kaupade tellimiseks ja hindadega tutvumiseks p\u00f6\u00f6rduge palun vastuv\u00f5ttu.<\/div> <\/div>\n    [\/vc_column][\/vc_row][vc_row content_animation=&#8221;yes&#8221; mo_init_scale_x=&#8221;1&#8243; mo_init_scale_y=&#8221;1&#8243; mo_init_scale_z=&#8221;1&#8243; mo_init_opacity=&#8221;0&#8243; mo_an_scale_x=&#8221;1&#8243; mo_an_scale_y=&#8221;1&#8243; mo_an_scale_z=&#8221;1&#8243; mo_an_opacity=&#8221;1&#8243; css=&#8221;.vc_custom_1643718856910{padding-top: 40px !important;padding-bottom: 60px !important;background-color: #f2f3f4 !important;}&#8221; mo_init_translate_y=&#8221;71&#8243; mo_init_translate_z=&#8221;-92&#8243; mo_init_rotate_x=&#8221;-27&#8243; el_class=&#8221;tablet_column_full&#8221;][vc_column width=&#8221;1\/4&#8243;][\/vc_column][vc_column width=&#8221;1\/4&#8243;][vc_column_text]<\/p>\n<ul>\n<li>take-away hommikus\u00f6\u00f6gipakk &#8211; tasuta<\/li>\n<li>printimine &#8211; 0,10 \u20ac \/ lk<\/li>\n<li>lisavoodi &#8211; kuni 6 aastasele lapsele tasuta, 6-12 aastasele 25 \u20ac, alates 13 aastasest 35 \u20ac<\/li>\n<li>lisapadi &#8211; tasuta<\/li>\n<li>lisatekk &#8211; tasuta<\/li>\n<li>\u00f5mblustarbed &#8211; 1,50 \u20ac<\/li>\n<li>habemeajamistarbed &#8211; 2 \u20ac<\/li>\n<li>hambapesutarbed &#8211; 2 \u20ac<\/li>\n<li>kehakreem &#8211; 2 \u20ac<\/li>\n<\/ul>\n<p>[\/vc_column_text][vc_empty_space height=&#8221;30px&#8221;][\/vc_column][vc_column width=&#8221;1\/4&#8243;][vc_column_text]<\/p>\n<ul>\n<li>\u0161ampoon &#8211; 2 \u20ac<\/li>\n<li>du\u0161im\u00fcts &#8211; 1,5 \u20ac<\/li>\n<li>kosmeetikakomplekt &#8211; 1,5 \u20ac<\/li>\n<li>pesuk\u00e4sn &#8211; 2,5 \u20ac<\/li>\n<li>Hestia kohvitops &#8211; 14 \u20ac<\/li>\n<li>Vahuvein cooleriga\u00a0 &#8211; 25 \u20ac<\/li>\n<\/ul>\n<p>[\/vc_column_text][vc_empty_space height=&#8221;30px&#8221;][\/vc_column][vc_column width=&#8221;1\/4&#8243;][\/vc_column][\/vc_row]<\/p>\n<\/div>","protected":false},"excerpt":{"rendered":"<p>[vc_row css=&#8221;.vc_custom_1621088788434{padding-top: 80px !important;padding-bottom: 50px !important;background-position: center !important;background-repeat: no-repeat !important;background-size: cover !important;}&#8221;][vc_column][\/vc_column][\/vc_row][vc_row content_animation=&#8221;yes&#8221; mo_init_scale_x=&#8221;1&#8243; mo_init_scale_y=&#8221;1&#8243; mo_init_scale_z=&#8221;1&#8243; mo_init_opacity=&#8221;0&#8243; mo_an_scale_x=&#8221;1&#8243; mo_an_scale_y=&#8221;1&#8243; mo_an_scale_z=&#8221;1&#8243; mo_an_opacity=&#8221;1&#8243; css=&#8221;.vc_custom_1643723781590{padding-bottom: 40px !important;}&#8221; mo_init_translate_y=&#8221;71&#8243; mo_init_translate_z=&#8221;-92&#8243; mo_init_rotate_x=&#8221;-27&#8243; el_class=&#8221;tablet_column_full&#8221; el_id=&#8221;pakihoid&#8221;][vc_column width=&#8221;1\/2&#8243;][\/vc_column][vc_column width=&#8221;1\/2&#8243;][vc_empty_space height=&#8221;30px&#8221;][vc_empty_space height=&#8221;30px&#8221;][\/vc_column][\/vc_row][vc_row content_animation=&#8221;yes&#8221; mo_init_scale_x=&#8221;1&#8243; mo_init_scale_y=&#8221;1&#8243; mo_init_scale_z=&#8221;1&#8243; mo_init_opacity=&#8221;0&#8243; mo_an_scale_x=&#8221;1&#8243; mo_an_scale_y=&#8221;1&#8243; mo_an_scale_z=&#8221;1&#8243; mo_an_opacity=&#8221;1&#8243; css=&#8221;.vc_custom_1643723746030{padding-top: 40px !important;padding-bottom: 60px !important;}&#8221; mo_init_translate_y=&#8221;71&#8243; mo_init_translate_z=&#8221;-92&#8243; mo_init_rotate_x=&#8221;-27&#8243; el_class=&#8221;tablet_column_full&#8221; el_id=&#8221;pesu&#8221;][vc_column width=&#8221;1\/2&#8243;][vc_empty_space height=&#8221;30px&#8221;][vc_empty_space height=&#8221;30px&#8221;][\/vc_column][vc_column [&hellip;]<\/p>\n","protected":false},"author":2,"featured_media":0,"parent":0,"menu_order":0,"comment_status":"closed","ping_status":"closed","template":"","meta":{"inline_featured_image":false,"footnotes":""},"class_list":["post-1668","page","type-page","status-publish","hentry"],"_links":{"self":[{"href":"https:\/\/info.hestiahotels.com\/barons\/wp-json\/wp\/v2\/pages\/1668","targetHints":{"allow":["GET"]}}],"collection":[{"href":"https:\/\/info.hestiahotels.com\/barons\/wp-json\/wp\/v2\/pages"}],"about":[{"href":"https:\/\/info.hestiahotels.com\/barons\/wp-json\/wp\/v2\/types\/page"}],"author":[{"embeddable":true,"href":"https:\/\/info.hestiahotels.com\/barons\/wp-json\/wp\/v2\/users\/2"}],"replies":[{"embeddable":true,"href":"https:\/\/info.hestiahotels.com\/barons\/wp-json\/wp\/v2\/comments?post=1668"}],"version-history":[{"count":24,"href":"https:\/\/info.hestiahotels.com\/barons\/wp-json\/wp\/v2\/pages\/1668\/revisions"}],"predecessor-version":[{"id":2083,"href":"https:\/\/info.hestiahotels.com\/barons\/wp-json\/wp\/v2\/pages\/1668\/revisions\/2083"}],"wp:attachment":[{"href":"https:\/\/info.hestiahotels.com\/barons\/wp-json\/wp\/v2\/media?parent=1668"}],"curies":[{"name":"wp","href":"https:\/\/api.w.org\/{rel}","templated":true}]}}